{"id":14,"date":"2015-06-02T11:43:23","date_gmt":"2015-06-02T11:43:23","guid":{"rendered":"http:\/\/www.logbullet.com\/de\/?page_id=14"},"modified":"2018-01-27T07:51:05","modified_gmt":"2018-01-27T07:51:05","slug":"rentabilitat","status":"publish","type":"page","link":"http:\/\/www.logbullet.com\/de\/logbullet\/rentabilitat\/","title":{"rendered":"Rentabilit\u00e4t"},"content":{"rendered":"<p class=\"western\" lang=\"de-DE\">Die Maschinenkomponenten sind die Standardteile von den bekannten Herstellern. Die Lieferbarkeit ist momentan und auch k\u00fcnftig gut. Gleichwertige Komponenten werden in vielen Maschinen in gleicher Gr\u00f6\u00dfenordnung wie dem Logbullet verwendet. Die Vertr\u00e4glichkeit der gleichwertigen Teile und der Technik ist hunderte Male in der ganzen Welt getestet worden.<\/p>\n<p class=\"western\" lang=\"de-DE\">Die Maschine verf\u00fcgt \u00fcber einen sparsamen Dieselmotor. Beim Logbullet wird eine Hydraulik mit geschlossenem Kreislauf verwendet. Das hydraulische \u00d6l flie\u00dft zwischen der Pumpe und den Antrieben und es durchl\u00e4uft dazwischen keine hydraulischen Beh\u00e4lter. So eine Methode wirkt effizienter als ein offener Kreislauf, wo viel W\u00e4rme hergestellt wird, die in die Luft geht.<\/p>\n<p><a href=\"http:\/\/www.logbullet.com\/de\/wp-content\/uploads\/2015\/06\/LogbulletTrailerilla.jpg\"><img loading=\"lazy\" decoding=\"async\" class=\"alignnone size-large wp-image-126\" src=\"http:\/\/www.logbullet.com\/de\/wp-content\/uploads\/2015\/06\/LogbulletTrailerilla-1024x384.jpg\" alt=\"LogbulletTrailerilla\" width=\"474\" height=\"178\" srcset=\"http:\/\/www.logbullet.com\/de\/wp-content\/uploads\/2015\/06\/LogbulletTrailerilla-1024x384.jpg 1024w, http:\/\/www.logbullet.com\/de\/wp-content\/uploads\/2015\/06\/LogbulletTrailerilla-300x113.jpg 300w, http:\/\/www.logbullet.com\/de\/wp-content\/uploads\/2015\/06\/LogbulletTrailerilla.jpg 1200w\" sizes=\"auto, (max-width: 474px) 100vw, 474px\" \/><\/a><\/p>\n<p>Die Maschine ist leicht und hat angemessene Abmessungen. Die Maschine kann auf einem einfachen Anh\u00e4nger und ohne speziellen Auflieger von einem Punkt zum anderen gebracht werden. Die Maschine passt in eine \u00fcbliche Garage, also muss man daf\u00fcr keinen extra zu sch\u00fctzenden Raum bauen.<\/p>\n","protected":false},"excerpt":{"rendered":"<p>Die Maschinenkomponenten sind die Standardteile von den bekannten Herstellern. Die Lieferbarkeit ist momentan und auch k\u00fcnftig gut. Gleichwertige Komponenten werden in vielen Maschinen in gleicher Gr\u00f6\u00dfenordnung wie dem Logbullet verwendet. Die Vertr\u00e4glichkeit der gleichwertigen Teile und der Technik ist hunderte Male in der ganzen Welt getestet worden. Die Maschine verf\u00fcgt \u00fcber einen sparsamen Dieselmotor. Beim &hellip; <a href=\"http:\/\/www.logbullet.com\/de\/logbullet\/rentabilitat\/\" class=\"more-link\"><span class=\"screen-reader-text\">Rentabilit\u00e4t<\/span> weiterlesen <span class=\"meta-nav\">&rarr;<\/span><\/a><\/p>\n","protected":false},"author":1,"featured_media":66,"parent":9,"menu_order":3,"comment_status":"closed","ping_status":"closed","template":"","meta":{"footnotes":""},"class_list":["post-14","page","type-page","status-publish","has-post-thumbnail","hentry"],"_links":{"self":[{"href":"http:\/\/www.logbullet.com\/de\/wp-json\/wp\/v2\/pages\/14","targetHints":{"allow":["GET"]}}],"collection":[{"href":"http:\/\/www.logbullet.com\/de\/wp-json\/wp\/v2\/pages"}],"about":[{"href":"http:\/\/www.logbullet.com\/de\/wp-json\/wp\/v2\/types\/page"}],"author":[{"embeddable":true,"href":"http:\/\/www.logbullet.com\/de\/wp-json\/wp\/v2\/users\/1"}],"replies":[{"embeddable":true,"href":"http:\/\/www.logbullet.com\/de\/wp-json\/wp\/v2\/comments?post=14"}],"version-history":[{"count":6,"href":"http:\/\/www.logbullet.com\/de\/wp-json\/wp\/v2\/pages\/14\/revisions"}],"predecessor-version":[{"id":496,"href":"http:\/\/www.logbullet.com\/de\/wp-json\/wp\/v2\/pages\/14\/revisions\/496"}],"up":[{"embeddable":true,"href":"http:\/\/www.logbullet.com\/de\/wp-json\/wp\/v2\/pages\/9"}],"wp:featuredmedia":[{"embeddable":true,"href":"http:\/\/www.logbullet.com\/de\/wp-json\/wp\/v2\/media\/66"}],"wp:attachment":[{"href":"http:\/\/www.logbullet.com\/de\/wp-json\/wp\/v2\/media?parent=14"}],"curies":[{"name":"wp","href":"https:\/\/api.w.org\/{rel}","templated":true}]}}