{"id":9,"date":"2015-06-02T11:38:39","date_gmt":"2015-06-02T11:38:39","guid":{"rendered":"http:\/\/www.logbullet.com\/de\/?page_id=9"},"modified":"2023-03-25T11:59:17","modified_gmt":"2023-03-25T11:59:17","slug":"logbullet","status":"publish","type":"page","link":"http:\/\/www.logbullet.com\/de\/","title":{"rendered":"Logbullet"},"content":{"rendered":"<p class=\"western\" lang=\"de-DE\">Der Logbullet ist geeignet, um aus dem Wald Windwurf herauszuholen, prim\u00e4r durchzuforsten oder Brennholz aus dem Wald an die Stra\u00dfe zu bringen. Mit dem Logbullet kann man z.B. Setzlinge in den Wald zu den Pflanzfl\u00e4chen, D\u00fcnger auf die zu d\u00fcngenden Gebiete oder einen Gestr\u00fcppschneider zum zu pflegenden Jungpflanzenbereich bringen.\u00a0 Der Logbullet ist ein\u00a0Mini-Forwarder f\u00fcr Waldeigent\u00fcmer, Stadtparkverwaltung und die Anbieter von Forstdienstleistungen.<\/p>\n<p class=\"western\" lang=\"de-DE\">Der Logbullet ist einfach zu bedienen und eine technisch unkomplizierte Maschine f\u00fcr die Forstarbeiten, wobei keine feine Elektronik oder sonstige Teile verwendet worden sind, die im Wald kaputt gehen k\u00f6nnen.<\/p>\n<p class=\"western\" lang=\"de-DE\">Der Logbullet ist ein 1,5 Meter breites und 5 Meter langes gut gel\u00e4ndeg\u00e4ngiges Fahrzeug. Er ist leicht genug, um einfach auf einem Anh\u00e4nger hinter einem Kleinbus transportiert zu werden kann. Um ihn zu transportieren, braucht man keinen teuren Auflieger oder Lastwagen.<\/p>\n<p class=\"western\" lang=\"de-DE\">Hier ein kleiner Auszug \u00fcber die Benutzerfahrung einer Kundenbewertung:<\/p>\n<blockquote>\n<p lang=\"de-DE\">Die Maschine bewegt sich im Gel\u00e4nde sehr gut: sie hat eine ausreichende Leistung und es werden praktisch keine Spuren hinterlassen. Insgesamt eine sehr gute Maschine. F\u00fchrt den ATV ganz leicht vor.<\/p>\n<\/blockquote>\n<p>Der Preis f\u00fcr ein 8\u00d78 angetriebenes Logbullet mit zuverl\u00e4ssigem Kubota-Dieselmotor und starkem Farma 3.8-Kran betr\u00e4gt 34 900 \u20ac + MwSt. + Transportkosten aus Finnland.<\/p>\n<p>F\u00fcr Logbullet ist Zubeh\u00f6r erh\u00e4ltlich.<\/p>\n<p>F\u00fcr weitere Informationen kann der Hersteller kontaktiert werden, um weitere Informationen zu erhalten oder eine Maschine zu kaufen, per E-Mail info @ logbullet.com oder per Telefon Pekka Syv\u00e4nen +358 40 526 3806.<\/p>\n<p>Diese Website verwendet Cookies, um Ihnen das beste Surferlebnis zu bieten. Wie fast alle Websites.<\/p>\n<p>Some:<\/p>\n<p><a href=\"https:\/\/www.youtube.com\/c\/logbullet\" target=\"_blank\" rel=\"noopener noreferrer\">Youtube<\/a> (please subscribe)<\/p>\n<p><a href=\"https:\/\/www.facebook.com\/logbullet\/\" target=\"_blank\" rel=\"noopener noreferrer\">Facebook<\/a> (please like)<\/p>\n<p><a href=\"https:\/\/www.instagram.com\/logbullet\/\" target=\"_blank\" rel=\"noopener noreferrer\">Instagram<\/a> (please follow)<\/p>\n<p><a href=\"https:\/\/twitter.com\/logbullet\" target=\"_blank\" rel=\"noopener noreferrer\">Twitter<\/a> (please follow)<\/p>\n","protected":false},"excerpt":{"rendered":"<p>Der Logbullet ist geeignet, um aus dem Wald Windwurf herauszuholen, prim\u00e4r durchzuforsten oder Brennholz aus dem Wald an die Stra\u00dfe zu bringen. Mit dem Logbullet kann man z.B. Setzlinge in den Wald zu den Pflanzfl\u00e4chen, D\u00fcnger auf die zu d\u00fcngenden Gebiete oder einen Gestr\u00fcppschneider zum zu pflegenden Jungpflanzenbereich bringen.\u00a0 Der Logbullet ist ein\u00a0Mini-Forwarder f\u00fcr Waldeigent\u00fcmer, &hellip; <a href=\"http:\/\/www.logbullet.com\/de\/\" class=\"more-link\"><span class=\"screen-reader-text\">Logbullet<\/span> weiterlesen <span class=\"meta-nav\">&rarr;<\/span><\/a><\/p>\n","protected":false},"author":1,"featured_media":468,"parent":0,"menu_order":1,"comment_status":"closed","ping_status":"closed","template":"","meta":{"footnotes":""},"class_list":["post-9","page","type-page","status-publish","has-post-thumbnail","hentry"],"_links":{"self":[{"href":"http:\/\/www.logbullet.com\/de\/wp-json\/wp\/v2\/pages\/9","targetHints":{"allow":["GET"]}}],"collection":[{"href":"http:\/\/www.logbullet.com\/de\/wp-json\/wp\/v2\/pages"}],"about":[{"href":"http:\/\/www.logbullet.com\/de\/wp-json\/wp\/v2\/types\/page"}],"author":[{"embeddable":true,"href":"http:\/\/www.logbullet.com\/de\/wp-json\/wp\/v2\/users\/1"}],"replies":[{"embeddable":true,"href":"http:\/\/www.logbullet.com\/de\/wp-json\/wp\/v2\/comments?post=9"}],"version-history":[{"count":48,"href":"http:\/\/www.logbullet.com\/de\/wp-json\/wp\/v2\/pages\/9\/revisions"}],"predecessor-version":[{"id":555,"href":"http:\/\/www.logbullet.com\/de\/wp-json\/wp\/v2\/pages\/9\/revisions\/555"}],"wp:featuredmedia":[{"embeddable":true,"href":"http:\/\/www.logbullet.com\/de\/wp-json\/wp\/v2\/media\/468"}],"wp:attachment":[{"href":"http:\/\/www.logbullet.com\/de\/wp-json\/wp\/v2\/media?parent=9"}],"curies":[{"name":"wp","href":"https:\/\/api.w.org\/{rel}","templated":true}]}}