{"id":14,"date":"2015-06-02T11:43:23","date_gmt":"2015-06-02T11:43:23","guid":{"rendered":"http:\/\/www.logbullet.com\/ee\/?page_id=14"},"modified":"2018-01-25T15:51:08","modified_gmt":"2018-01-25T15:51:08","slug":"tasuvus","status":"publish","type":"page","link":"http:\/\/www.logbullet.com\/ee\/logbullet\/tasuvus\/","title":{"rendered":"Tasuvus"},"content":{"rendered":"<div>Masina komponendid on tuntud tootjate standardosad. Osade k\u00e4ttesaadavus on hea praegu ja ka tulevikus. Logbulletiga samav\u00e4\u00e4rseid komponente kas utatakse paljudes sama suurusega masinates.<\/div>\n<div>Samav\u00e4\u00e4rsete osade ja tehnika koostoimet on kontrol litud sadadel tuhandetel kordadel kogu maailmas. Masina mootor on \u00f6konoomne diiselmootor.<\/div>\n<div><\/div>\n<div>Logbulletis kasutatakse suletud ahelaga h\u00fcdraulikat. H\u00fcdro\u00f5li voolab pumba ja ajamite vahel ning vahepeal see ei k\u00e4i h\u00fcdraulikapaagis. Selline meeto d on t\u00f5husam kui avatud ahel, kus toodetakse palju soojust, mis l\u00e4heb raisku.<\/div>\n<div><\/div>\n<p>&nbsp;<\/p>\n<p><a href=\"http:\/\/www.logbullet.com\/ee\/wp-content\/uploads\/2015\/06\/LogbulletTrailerilla.jpg\"><img loading=\"lazy\" decoding=\"async\" class=\"alignnone size-large wp-image-126\" src=\"http:\/\/www.logbullet.com\/ee\/wp-content\/uploads\/2015\/06\/LogbulletTrailerilla-1024x384.jpg\" alt=\"LogbulletTrailerilla\" width=\"474\" height=\"178\" srcset=\"http:\/\/www.logbullet.com\/ee\/wp-content\/uploads\/2015\/06\/LogbulletTrailerilla-1024x384.jpg 1024w, http:\/\/www.logbullet.com\/ee\/wp-content\/uploads\/2015\/06\/LogbulletTrailerilla-300x113.jpg 300w, http:\/\/www.logbullet.com\/ee\/wp-content\/uploads\/2015\/06\/LogbulletTrailerilla.jpg 1200w\" sizes=\"auto, (max-width: 474px) 100vw, 474px\" \/><\/a><\/p>\n<div>Masin on kerge ja m\u00f5istliku suurusega. Masinat saab transportida \u00fchest t\u00f6\u00f6kohast teise tavalise auto j\u00e4relhaagisega ja ilma spetsiaalse treilerita. Masin mahub tavalisse garaa\u017ei, seega ei ole sellele vaj aehitada eraldi kaitsvat ruumi.<\/div>\n","protected":false},"excerpt":{"rendered":"<p>Masina komponendid on tuntud tootjate standardosad. Osade k\u00e4ttesaadavus on hea praegu ja ka tulevikus. Logbulletiga samav\u00e4\u00e4rseid komponente kas utatakse paljudes sama suurusega masinates. Samav\u00e4\u00e4rsete osade ja tehnika koostoimet on kontrol litud sadadel tuhandetel kordadel kogu maailmas. Masina mootor on \u00f6konoomne diiselmootor. Logbulletis kasutatakse suletud ahelaga h\u00fcdraulikat. H\u00fcdro\u00f5li voolab pumba ja ajamite vahel ning vahepeal see &hellip; <a href=\"http:\/\/www.logbullet.com\/ee\/logbullet\/tasuvus\/\" class=\"more-link\">Loe edasi <span class=\"screen-reader-text\">Tasuvus<\/span> <span class=\"meta-nav\">&rarr;<\/span><\/a><\/p>\n","protected":false},"author":1,"featured_media":66,"parent":9,"menu_order":3,"comment_status":"closed","ping_status":"closed","template":"","meta":{"footnotes":""},"class_list":["post-14","page","type-page","status-publish","has-post-thumbnail","hentry"],"_links":{"self":[{"href":"http:\/\/www.logbullet.com\/ee\/wp-json\/wp\/v2\/pages\/14","targetHints":{"allow":["GET"]}}],"collection":[{"href":"http:\/\/www.logbullet.com\/ee\/wp-json\/wp\/v2\/pages"}],"about":[{"href":"http:\/\/www.logbullet.com\/ee\/wp-json\/wp\/v2\/types\/page"}],"author":[{"embeddable":true,"href":"http:\/\/www.logbullet.com\/ee\/wp-json\/wp\/v2\/users\/1"}],"replies":[{"embeddable":true,"href":"http:\/\/www.logbullet.com\/ee\/wp-json\/wp\/v2\/comments?post=14"}],"version-history":[{"count":6,"href":"http:\/\/www.logbullet.com\/ee\/wp-json\/wp\/v2\/pages\/14\/revisions"}],"predecessor-version":[{"id":496,"href":"http:\/\/www.logbullet.com\/ee\/wp-json\/wp\/v2\/pages\/14\/revisions\/496"}],"up":[{"embeddable":true,"href":"http:\/\/www.logbullet.com\/ee\/wp-json\/wp\/v2\/pages\/9"}],"wp:featuredmedia":[{"embeddable":true,"href":"http:\/\/www.logbullet.com\/ee\/wp-json\/wp\/v2\/media\/66"}],"wp:attachment":[{"href":"http:\/\/www.logbullet.com\/ee\/wp-json\/wp\/v2\/media?parent=14"}],"curies":[{"name":"wp","href":"https:\/\/api.w.org\/{rel}","templated":true}]}}