{"id":24,"date":"2015-06-02T11:46:38","date_gmt":"2015-06-02T11:46:38","guid":{"rendered":"http:\/\/www.logbullet.com\/ee\/?page_id=24"},"modified":"2018-01-25T15:56:37","modified_gmt":"2018-01-25T15:56:37","slug":"medialle","status":"publish","type":"page","link":"http:\/\/www.logbullet.com\/ee\/medialle\/","title":{"rendered":"Meediale"},"content":{"rendered":"<div>Logbulleti tootja on Porttivuori Oy. Kontaktandmed: e-post: info\u00c4Tlogbullet.com v\u00f5i telefonitsi: Pekka Syv\u00e4nen +358 40 526 3806.<\/div>\n<div>Veebilehel logbullet.com olevaid fotosid on lubatud kasutada masina kohta k\u00e4ivates v\u00f5i muudel teemadel olevates lugudes, ka internetis ilmuvates. Lugudes, mis on selgelt Logbulleti kohta, ei ole vaja viidata foto algallikale. \u00dclej\u00e4\u00e4nud lugude puh ul tuleks viidata allikale \u201elogbullet.com\u201c ja lisad a tekst selle kohta, et pildil olev masin on Logbulle t.<\/div>\n<div>Pildi suurendamiseks vajutage sellele. Piltidest on<\/div>\n<div>olemas ka t\u00e4issuuruses versioonid, mis on<\/div>\n<div>saadaval tekstilingi j\u00e4rel.<\/div>\n<p>&nbsp;<\/p>\n<p><a href=\"http:\/\/logbullet.com\/mediapankki\/Logbullet_TakingLoadRear.jpg\">t\u00e4ysikokoinen kuva<\/a>:<\/p>\n<p><a href=\"http:\/\/www.logbullet.com\/ee\/wp-content\/uploads\/2015\/06\/Logbullet_TakingLoadRear_1200.jpg\"><img loading=\"lazy\" decoding=\"async\" class=\"alignnone size-large wp-image-186\" src=\"http:\/\/www.logbullet.com\/ee\/wp-content\/uploads\/2015\/06\/Logbullet_TakingLoadRear_1200-1024x683.jpg\" alt=\"\" width=\"474\" height=\"316\" srcset=\"http:\/\/www.logbullet.com\/ee\/wp-content\/uploads\/2015\/06\/Logbullet_TakingLoadRear_1200-1024x683.jpg 1024w, http:\/\/www.logbullet.com\/ee\/wp-content\/uploads\/2015\/06\/Logbullet_TakingLoadRear_1200-300x200.jpg 300w, http:\/\/www.logbullet.com\/ee\/wp-content\/uploads\/2015\/06\/Logbullet_TakingLoadRear_1200-768x512.jpg 768w, http:\/\/www.logbullet.com\/ee\/wp-content\/uploads\/2015\/06\/Logbullet_TakingLoadRear_1200.jpg 1200w\" sizes=\"auto, (max-width: 474px) 100vw, 474px\" \/><\/a><\/p>\n<p><a href=\"http:\/\/logbullet.com\/mediapankki\/Logbullet_8x8.jpg\">t\u00e4ysikokoinen kuva<\/a>:<\/p>\n<p><a href=\"http:\/\/www.logbullet.com\/ee\/wp-content\/uploads\/2015\/06\/Logbullet_8x8_1200.jpg\"><img loading=\"lazy\" decoding=\"async\" class=\"alignnone size-large wp-image-183\" src=\"http:\/\/www.logbullet.com\/ee\/wp-content\/uploads\/2015\/06\/Logbullet_8x8_1200-1024x683.jpg\" alt=\"\" width=\"474\" height=\"316\" srcset=\"http:\/\/www.logbullet.com\/ee\/wp-content\/uploads\/2015\/06\/Logbullet_8x8_1200-1024x683.jpg 1024w, http:\/\/www.logbullet.com\/ee\/wp-content\/uploads\/2015\/06\/Logbullet_8x8_1200-300x200.jpg 300w, http:\/\/www.logbullet.com\/ee\/wp-content\/uploads\/2015\/06\/Logbullet_8x8_1200-768x512.jpg 768w, http:\/\/www.logbullet.com\/ee\/wp-content\/uploads\/2015\/06\/Logbullet_8x8_1200.jpg 1200w\" sizes=\"auto, (max-width: 474px) 100vw, 474px\" \/><\/a><\/p>\n<p><a href=\"http:\/\/logbullet.com\/mediapankki\/Logbullet_FromSideToRear\">t\u00e4ysikokoinen kuva<\/a>:<\/p>\n<p><a href=\"http:\/\/www.logbullet.com\/ee\/wp-content\/uploads\/2015\/06\/Logbullet_FromSideToRear_1200.jpg\"><img loading=\"lazy\" decoding=\"async\" class=\"alignnone size-large wp-image-184\" src=\"http:\/\/www.logbullet.com\/ee\/wp-content\/uploads\/2015\/06\/Logbullet_FromSideToRear_1200-1024x683.jpg\" alt=\"\" width=\"474\" height=\"316\" srcset=\"http:\/\/www.logbullet.com\/ee\/wp-content\/uploads\/2015\/06\/Logbullet_FromSideToRear_1200-1024x683.jpg 1024w, http:\/\/www.logbullet.com\/ee\/wp-content\/uploads\/2015\/06\/Logbullet_FromSideToRear_1200-300x200.jpg 300w, http:\/\/www.logbullet.com\/ee\/wp-content\/uploads\/2015\/06\/Logbullet_FromSideToRear_1200-768x512.jpg 768w\" sizes=\"auto, (max-width: 474px) 100vw, 474px\" \/><\/a><\/p>\n<p><a href=\"http:\/\/logbullet.com\/mediapankki\/Logbullet_LoadAreaView.jpg\">t\u00e4ysikokoinen kuva<\/a>:<\/p>\n<p><a href=\"http:\/\/www.logbullet.com\/ee\/wp-content\/uploads\/2015\/06\/Logbullet_LoadAreaView_1200.jpg\"><img loading=\"lazy\" decoding=\"async\" class=\"alignnone size-large wp-image-185\" src=\"http:\/\/www.logbullet.com\/ee\/wp-content\/uploads\/2015\/06\/Logbullet_LoadAreaView_1200-1024x683.jpg\" alt=\"\" width=\"474\" height=\"316\" srcset=\"http:\/\/www.logbullet.com\/ee\/wp-content\/uploads\/2015\/06\/Logbullet_LoadAreaView_1200-1024x683.jpg 1024w, http:\/\/www.logbullet.com\/ee\/wp-content\/uploads\/2015\/06\/Logbullet_LoadAreaView_1200-300x200.jpg 300w, http:\/\/www.logbullet.com\/ee\/wp-content\/uploads\/2015\/06\/Logbullet_LoadAreaView_1200-768x512.jpg 768w, http:\/\/www.logbullet.com\/ee\/wp-content\/uploads\/2015\/06\/Logbullet_LoadAreaView_1200.jpg 1200w\" sizes=\"auto, (max-width: 474px) 100vw, 474px\" \/><\/a><\/p>\n<p><a href=\"http:\/\/logbullet.com\/mediapankki\/LogbulletEtuviisto.jpg\">t\u00e4ysikokoinen kuva<\/a>:<\/p>\n<p><a href=\"http:\/\/www.logbullet.com\/ee\/wp-content\/uploads\/2015\/06\/LogbulletEtuviisto.jpg\"><img loading=\"lazy\" decoding=\"async\" class=\"alignnone size-large wp-image-438\" src=\"http:\/\/www.logbullet.com\/ee\/wp-content\/uploads\/2015\/06\/LogbulletEtuviisto-1024x683.jpg\" alt=\"\" width=\"474\" height=\"316\" srcset=\"http:\/\/www.logbullet.com\/ee\/wp-content\/uploads\/2015\/06\/LogbulletEtuviisto-1024x683.jpg 1024w, http:\/\/www.logbullet.com\/ee\/wp-content\/uploads\/2015\/06\/LogbulletEtuviisto-300x200.jpg 300w, http:\/\/www.logbullet.com\/ee\/wp-content\/uploads\/2015\/06\/LogbulletEtuviisto-768x512.jpg 768w\" sizes=\"auto, (max-width: 474px) 100vw, 474px\" \/><\/a><\/p>\n<p><a href=\"http:\/\/www.logbullet.com\/wp-content\/uploads\/2015\/06\/Logbullet_Sivulta_Maastossa_Suuri.jpg\">t\u00e4ysikokoinen kuva<\/a>:<a href=\"http:\/\/www.logbullet.com\/wp-content\/uploads\/2015\/06\/Logbullet_Sivulta_Maastossa.jpg\"><img loading=\"lazy\" decoding=\"async\" class=\"alignnone size-large wp-image-155\" src=\"http:\/\/www.logbullet.com\/wp-content\/uploads\/2015\/06\/Logbullet_Sivulta_Maastossa-1024x683.jpg\" alt=\"Logbullet_Sivulta_Maastossa\" width=\"474\" height=\"316\" \/><\/a><\/p>\n<p><a href=\"http:\/\/www.logbullet.com\/wp-content\/uploads\/2015\/06\/Logbullet_TakaantaAlta_Suuri.jpg\">t\u00e4ysikokoinen kuva<\/a>:<br \/>\n<a href=\"http:\/\/www.logbullet.com\/wp-content\/uploads\/2015\/06\/Logbullet_TakaantaAlta.jpg\"><img loading=\"lazy\" decoding=\"async\" class=\"alignnone size-large wp-image-157\" src=\"http:\/\/www.logbullet.com\/wp-content\/uploads\/2015\/06\/Logbullet_TakaantaAlta-1024x683.jpg\" alt=\"Logbullet_TakaantaAlta\" width=\"474\" height=\"316\" \/><\/a><\/p>\n<p><a href=\"http:\/\/www.logbullet.com\/wp-content\/uploads\/2015\/06\/Logbullet_Maastossa_Suuri.jpg\">t\u00e4ysikokoinen kuva<\/a>:<br \/>\n<a href=\"http:\/\/www.logbullet.com\/wp-content\/uploads\/2015\/06\/Logbullet_Maastossa.jpg\"><img loading=\"lazy\" decoding=\"async\" class=\"alignnone size-large wp-image-153\" src=\"http:\/\/www.logbullet.com\/wp-content\/uploads\/2015\/06\/Logbullet_Maastossa-1024x683.jpg\" alt=\"Logbullet_Maastossa\" width=\"474\" height=\"316\" \/><\/a><\/p>\n<p><a href=\"http:\/\/www.logbullet.com\/wp-content\/uploads\/2015\/06\/Logbullet_Maasto_Lastattuna_Suuri.jpg\">t\u00e4ysikokoinen kuva<\/a>:<br \/>\n<a href=\"http:\/\/www.logbullet.com\/wp-content\/uploads\/2015\/06\/Logbullet_Maasto_Lastattuna.jpg\"><img loading=\"lazy\" decoding=\"async\" class=\"alignnone size-large wp-image-151\" src=\"http:\/\/www.logbullet.com\/wp-content\/uploads\/2015\/06\/Logbullet_Maasto_Lastattuna-1024x683.jpg\" alt=\"Logbullet_Maasto_Lastattuna\" width=\"474\" height=\"316\" \/><\/a><\/p>\n<p><a href=\"http:\/\/www.logbullet.com\/ee\/wp-content\/uploads\/2015\/06\/Logbullet_Lastaa_Takaviisto.jpg\">t\u00e4ysikokoinen kuva<img loading=\"lazy\" decoding=\"async\" class=\"alignnone wp-image-43 size-large\" src=\"http:\/\/www.logbullet.com\/ee\/wp-content\/uploads\/2015\/06\/Logbullet_Lastaa_Takaviisto-1024x683.jpg\" alt=\"Logbullet_Lastaa_Takaviisto\" width=\"474\" height=\"316\" srcset=\"http:\/\/www.logbullet.com\/ee\/wp-content\/uploads\/2015\/06\/Logbullet_Lastaa_Takaviisto-1024x683.jpg 1024w, http:\/\/www.logbullet.com\/ee\/wp-content\/uploads\/2015\/06\/Logbullet_Lastaa_Takaviisto-300x200.jpg 300w\" sizes=\"auto, (max-width: 474px) 100vw, 474px\" \/><\/a><\/p>\n<p><a href=\"http:\/\/www.logbullet.com\/ee\/wp-content\/uploads\/2015\/06\/Logbullet_KuskinTyotila.jpg\">t\u00e4ysikokoinen kuva<img loading=\"lazy\" decoding=\"async\" class=\"alignnone wp-image-40 size-large\" src=\"http:\/\/www.logbullet.com\/ee\/wp-content\/uploads\/2015\/06\/Logbullet_KuskinTyotila-1024x683.jpg\" alt=\"Logbullet_KuskinTyotila\" width=\"474\" height=\"316\" srcset=\"http:\/\/www.logbullet.com\/ee\/wp-content\/uploads\/2015\/06\/Logbullet_KuskinTyotila-1024x683.jpg 1024w, http:\/\/www.logbullet.com\/ee\/wp-content\/uploads\/2015\/06\/Logbullet_KuskinTyotila-300x200.jpg 300w\" sizes=\"auto, (max-width: 474px) 100vw, 474px\" \/><\/a><\/p>\n<p>&nbsp;<\/p>\n","protected":false},"excerpt":{"rendered":"<p>Logbulleti tootja on Porttivuori Oy. Kontaktandmed: e-post: info\u00c4Tlogbullet.com v\u00f5i telefonitsi: Pekka Syv\u00e4nen +358 40 526 3806. Veebilehel logbullet.com olevaid fotosid on lubatud kasutada masina kohta k\u00e4ivates v\u00f5i muudel teemadel olevates lugudes, ka internetis ilmuvates. Lugudes, mis on selgelt Logbulleti kohta, ei ole vaja viidata foto algallikale. \u00dclej\u00e4\u00e4nud lugude puh ul tuleks viidata allikale \u201elogbullet.com\u201c ja &hellip; <a href=\"http:\/\/www.logbullet.com\/ee\/medialle\/\" class=\"more-link\">Loe edasi <span class=\"screen-reader-text\">Meediale<\/span> <span class=\"meta-nav\">&rarr;<\/span><\/a><\/p>\n","protected":false},"author":1,"featured_media":0,"parent":0,"menu_order":5,"comment_status":"closed","ping_status":"closed","template":"","meta":{"footnotes":""},"class_list":["post-24","page","type-page","status-publish","hentry"],"_links":{"self":[{"href":"http:\/\/www.logbullet.com\/ee\/wp-json\/wp\/v2\/pages\/24","targetHints":{"allow":["GET"]}}],"collection":[{"href":"http:\/\/www.logbullet.com\/ee\/wp-json\/wp\/v2\/pages"}],"about":[{"href":"http:\/\/www.logbullet.com\/ee\/wp-json\/wp\/v2\/types\/page"}],"author":[{"embeddable":true,"href":"http:\/\/www.logbullet.com\/ee\/wp-json\/wp\/v2\/users\/1"}],"replies":[{"embeddable":true,"href":"http:\/\/www.logbullet.com\/ee\/wp-json\/wp\/v2\/comments?post=24"}],"version-history":[{"count":18,"href":"http:\/\/www.logbullet.com\/ee\/wp-json\/wp\/v2\/pages\/24\/revisions"}],"predecessor-version":[{"id":498,"href":"http:\/\/www.logbullet.com\/ee\/wp-json\/wp\/v2\/pages\/24\/revisions\/498"}],"wp:attachment":[{"href":"http:\/\/www.logbullet.com\/ee\/wp-json\/wp\/v2\/media?parent=24"}],"curies":[{"name":"wp","href":"https:\/\/api.w.org\/{rel}","templated":true}]}}