{"id":5,"date":"2015-06-02T11:31:17","date_gmt":"2015-06-02T11:31:17","guid":{"rendered":"http:\/\/www.logbullet.com\/ee\/?page_id=5"},"modified":"2018-01-25T15:46:58","modified_gmt":"2018-01-25T15:46:58","slug":"ehitatud-metsa-jaoks","status":"publish","type":"page","link":"http:\/\/www.logbullet.com\/ee\/logbullet\/ehitatud-metsa-jaoks\/","title":{"rendered":"Ehitatud metsa jaoks"},"content":{"rendered":"<p>Logbulleti projekteerimise l\u00e4htepunkt on metsak\u00f5lbulikkus. Masin ei ole m\u00f5eldud ainult tee peal s\u00f5itmiseks. See tunneb end koduselt metsateedel ja metsas s\u00f5ites. Logbullet lippab h\u00f5lpsasti nii edasi- kui tagasisuunas.<\/p>\n<p>Logbullet on m\u00f5eldud paberi- ja k\u00fcttepuude vedamiseks, kuid Logbulleti kraana jaksab t\u00f5sta peale ka palgipuid. Pikemate puude vedamiseks v\u00f5ib masina veo-osa pikendada lisavarustusena pakutava pikenduse abil.<\/p>\n<p>Logbulleti kabiini ja k\u00e4ru saab kallutada vabalt ja iseseisvalt. Vabalt kallutamine on oluline turvalisuse seisukohalt. Kui k\u00e4ru l\u00e4heb \u00fcmber, siis ei too see kaasa kabiini \u00fcmberminekut. Koorma<br \/>\nlaadimise ajal p\u00fcsib k\u00e4ru p\u00fcsti t\u00e4nu k\u00fclgedel olevatele tugijalgadele.<\/p>\n<p>Logbullet mahub metsas puude vahel liikuma. N\u00e4iteks tuulemurru koristamisel ja metsa v\u00e4etamisel pole vaja spetsiaalseid teid. Tuulemurru koristamisel tunduks allesj\u00e4\u00e4vate puude mahasaagimine tee vabastamiseks absurdsena.<\/p>\n<p>Logbulleti kliirens on 40 cm. Kliirens ei ole vaid kitsas ala masina keskel, vaid v\u00f5imalikult lai ala, et h\u00f5lbustada \u00fcle k\u00e4ndude ja kivide s\u00f5itmist.<\/p>\n","protected":false},"excerpt":{"rendered":"<p>Logbulleti projekteerimise l\u00e4htepunkt on metsak\u00f5lbulikkus. Masin ei ole m\u00f5eldud ainult tee peal s\u00f5itmiseks. See tunneb end koduselt metsateedel ja metsas s\u00f5ites. Logbullet lippab h\u00f5lpsasti nii edasi- kui tagasisuunas. Logbullet on m\u00f5eldud paberi- ja k\u00fcttepuude vedamiseks, kuid Logbulleti kraana jaksab t\u00f5sta peale ka palgipuid. Pikemate puude vedamiseks v\u00f5ib masina veo-osa pikendada lisavarustusena pakutava pikenduse abil. Logbulleti &hellip; <a href=\"http:\/\/www.logbullet.com\/ee\/logbullet\/ehitatud-metsa-jaoks\/\" class=\"more-link\">Loe edasi <span class=\"screen-reader-text\">Ehitatud metsa jaoks<\/span> <span class=\"meta-nav\">&rarr;<\/span><\/a><\/p>\n","protected":false},"author":1,"featured_media":139,"parent":9,"menu_order":1,"comment_status":"closed","ping_status":"closed","template":"","meta":{"footnotes":""},"class_list":["post-5","page","type-page","status-publish","has-post-thumbnail","hentry"],"_links":{"self":[{"href":"http:\/\/www.logbullet.com\/ee\/wp-json\/wp\/v2\/pages\/5","targetHints":{"allow":["GET"]}}],"collection":[{"href":"http:\/\/www.logbullet.com\/ee\/wp-json\/wp\/v2\/pages"}],"about":[{"href":"http:\/\/www.logbullet.com\/ee\/wp-json\/wp\/v2\/types\/page"}],"author":[{"embeddable":true,"href":"http:\/\/www.logbullet.com\/ee\/wp-json\/wp\/v2\/users\/1"}],"replies":[{"embeddable":true,"href":"http:\/\/www.logbullet.com\/ee\/wp-json\/wp\/v2\/comments?post=5"}],"version-history":[{"count":7,"href":"http:\/\/www.logbullet.com\/ee\/wp-json\/wp\/v2\/pages\/5\/revisions"}],"predecessor-version":[{"id":494,"href":"http:\/\/www.logbullet.com\/ee\/wp-json\/wp\/v2\/pages\/5\/revisions\/494"}],"up":[{"embeddable":true,"href":"http:\/\/www.logbullet.com\/ee\/wp-json\/wp\/v2\/pages\/9"}],"wp:featuredmedia":[{"embeddable":true,"href":"http:\/\/www.logbullet.com\/ee\/wp-json\/wp\/v2\/media\/139"}],"wp:attachment":[{"href":"http:\/\/www.logbullet.com\/ee\/wp-json\/wp\/v2\/media?parent=5"}],"curies":[{"name":"wp","href":"https:\/\/api.w.org\/{rel}","templated":true}]}}