{"id":9,"date":"2015-06-02T11:38:39","date_gmt":"2015-06-02T11:38:39","guid":{"rendered":"http:\/\/www.logbullet.com\/ee\/?page_id=9"},"modified":"2022-05-20T10:22:17","modified_gmt":"2022-05-20T10:22:17","slug":"logbullet","status":"publish","type":"page","link":"http:\/\/www.logbullet.com\/ee\/","title":{"rendered":"Logbullet"},"content":{"rendered":"<p>Logbullet sobib nii metsast tuulemurru v\u00e4ljaveoks kui esmaharvenduse ja k\u00fcttepuude vedamiseks tee \u00e4\u00e4rde. Logbulletiga v\u00f5ib n\u00e4iteks viia taimi metsa istutusaladele, v\u00e4etist v\u00e4etatavatele aladele v\u00f5i v\u00f5sal\u00f5ikaja hooldatavale noorendikule.<\/p>\n<p>Logbullet on v\u00e4iksem veotraktor metsaomanikele, linnaparkide haldajatele ja metsateenuste pakkujatele. Logbullet on h\u00f5lpsasti kasutatav ja tehniliselt lihtne metsas kasutamiseks m\u00f5eldud masin, milles ei ole kasutatud peent elektroonikat v\u00f5i muid osi, mis v\u00f5iksid metsas katki minna.<\/p>\n<p>Logbullet on 1,5 meetri laiune ja 5 meetri pikkune hea maastikul\u00e4bivusega s\u00f5iduk. Logbullet on piisavalt kerge, et selle saab kohale tuua n\u00e4iteks kaubiku j\u00e4rel oleva haagisega. Logbulleti<br \/>\ntransportimiseks ei ole vaja kallist treilerit v\u00f5i veoautot.<\/p>\n<p>8\u00d78 Logbulleti mudeli hind ilma k\u00e4ibemaksuta 34 900 eurot.<\/p>\n<p>Klientidelt on tulnud tagasisidet kasutuskogemuse kohta ja allpool on toodud v\u00e4ljav\u00f5te \u00fche kliendi arvamusest:<\/p>\n<blockquote><p>Masin liigub maastikul v\u00e4ga h\u00e4sti: v\u00f5imsus on piisav ja j\u00e4lgi praktiliselt ei j\u00e4\u00e4gi maha. Kokkuv\u00f5ttes v\u00e4ga hea masin. Teeb kerge vaevaga ATV-le \u00e4ra.<\/p><\/blockquote>\n<p>Lisainformatsiooni v\u00f5i teavet ostmise kohta saab tootjalt e-posti teel info(at)logbullet.com v\u00f5i telefonitsi Pekka Syv\u00e4nen +358 40 526 3806.<\/p>\n<p>Some:<\/p>\n<p><a href=\"https:\/\/www.youtube.com\/c\/logbullet\" target=\"_blank\" rel=\"noopener noreferrer\">Youtube<\/a><\/p>\n<p><a href=\"https:\/\/www.facebook.com\/logbullet\/\" target=\"_blank\" rel=\"noopener noreferrer\">Facebook<\/a><\/p>\n<p><a href=\"https:\/\/www.instagram.com\/logbullet\/\" target=\"_blank\" rel=\"noopener noreferrer\">Instagram<\/a><\/p>\n<p><a href=\"https:\/\/twitter.com\/logbullet\" target=\"_blank\" rel=\"noopener noreferrer\">Twitter<\/a><\/p>\n","protected":false},"excerpt":{"rendered":"<p>Logbullet sobib nii metsast tuulemurru v\u00e4ljaveoks kui esmaharvenduse ja k\u00fcttepuude vedamiseks tee \u00e4\u00e4rde. Logbulletiga v\u00f5ib n\u00e4iteks viia taimi metsa istutusaladele, v\u00e4etist v\u00e4etatavatele aladele v\u00f5i v\u00f5sal\u00f5ikaja hooldatavale noorendikule. Logbullet on v\u00e4iksem veotraktor metsaomanikele, linnaparkide haldajatele ja metsateenuste pakkujatele. Logbullet on h\u00f5lpsasti kasutatav ja tehniliselt lihtne metsas kasutamiseks m\u00f5eldud masin, milles ei ole kasutatud peent elektroonikat v\u00f5i &hellip; <a href=\"http:\/\/www.logbullet.com\/ee\/\" class=\"more-link\">Loe edasi <span class=\"screen-reader-text\">Logbullet<\/span> <span class=\"meta-nav\">&rarr;<\/span><\/a><\/p>\n","protected":false},"author":1,"featured_media":468,"parent":0,"menu_order":1,"comment_status":"closed","ping_status":"closed","template":"","meta":{"footnotes":""},"class_list":["post-9","page","type-page","status-publish","has-post-thumbnail","hentry"],"_links":{"self":[{"href":"http:\/\/www.logbullet.com\/ee\/wp-json\/wp\/v2\/pages\/9","targetHints":{"allow":["GET"]}}],"collection":[{"href":"http:\/\/www.logbullet.com\/ee\/wp-json\/wp\/v2\/pages"}],"about":[{"href":"http:\/\/www.logbullet.com\/ee\/wp-json\/wp\/v2\/types\/page"}],"author":[{"embeddable":true,"href":"http:\/\/www.logbullet.com\/ee\/wp-json\/wp\/v2\/users\/1"}],"replies":[{"embeddable":true,"href":"http:\/\/www.logbullet.com\/ee\/wp-json\/wp\/v2\/comments?post=9"}],"version-history":[{"count":41,"href":"http:\/\/www.logbullet.com\/ee\/wp-json\/wp\/v2\/pages\/9\/revisions"}],"predecessor-version":[{"id":540,"href":"http:\/\/www.logbullet.com\/ee\/wp-json\/wp\/v2\/pages\/9\/revisions\/540"}],"wp:featuredmedia":[{"embeddable":true,"href":"http:\/\/www.logbullet.com\/ee\/wp-json\/wp\/v2\/media\/468"}],"wp:attachment":[{"href":"http:\/\/www.logbullet.com\/ee\/wp-json\/wp\/v2\/media?parent=9"}],"curies":[{"name":"wp","href":"https:\/\/api.w.org\/{rel}","templated":true}]}}