{"id":11,"date":"2015-06-02T11:41:32","date_gmt":"2015-06-02T11:41:32","guid":{"rendered":"http:\/\/www.logbullet.com\/fi\/?page_id=11"},"modified":"2015-07-15T07:55:58","modified_gmt":"2015-07-15T07:55:58","slug":"helppokayttoinen","status":"publish","type":"page","link":"http:\/\/www.logbullet.com\/fi\/logbullet\/helppokayttoinen\/","title":{"rendered":"Helppok\u00e4ytt\u00f6inen"},"content":{"rendered":"<p>Logbullettia ohjataan penkin sivussa olevalla kahvalla. Kone kulkee eteenp\u00e4in kahvaa ty\u00f6nt\u00e4m\u00e4ll\u00e4 ja taaksep\u00e4in kahvaa vet\u00e4m\u00e4ll\u00e4. K\u00e4\u00e4ntyminen tapahtuu k\u00e4\u00e4nt\u00e4m\u00e4ll\u00e4 kahvaa sivulle.<\/p>\n<p>Logbullettia pystyy ajamaan yht\u00e4 helposti niin eteen- kuin taaksep\u00e4in.\u00a0 Ominaisuus on mets\u00e4ss\u00e4 t\u00e4rke\u00e4. Konetta ei tarvitse k\u00e4\u00e4nt\u00e4\u00e4 ahtaissa paikoissa ymp\u00e4ri, vaan koneen voi ajaa helposti pois mets\u00e4st\u00e4 samoja j\u00e4lki\u00e4 pitkin kuin sinne on mennytkin.<\/p>\n<p>Logbulletin penkki k\u00e4\u00e4ntyy 180 astetta ymp\u00e4ri, jolloin kuormainta voi k\u00e4ytt\u00e4\u00e4 miellytt\u00e4v\u00e4sti istuen hyv\u00e4ss\u00e4 asennossa penkill\u00e4 ja siirt\u00e4\u00e4 samalla konetta pinolta pinolle samassa asennossa. Helppo kuormaimen k\u00e4ytt\u00f6 nopeuttaa puiden kuljetusta. Jyv\u00e4skyl\u00e4n ammattikorkeakoulun sek\u00e4 Ty\u00f6tehoseuran kevyet mets\u00e4koneet -projektin mukaan kuorman lastaus\u00a0 ja\u00a0 purkaminen viev\u00e4t 70 prosenttia ty\u00f6ajasta puunajossa.<\/p>\n","protected":false},"excerpt":{"rendered":"<p>Logbullettia ohjataan penkin sivussa olevalla kahvalla. Kone kulkee eteenp\u00e4in kahvaa ty\u00f6nt\u00e4m\u00e4ll\u00e4 ja taaksep\u00e4in kahvaa vet\u00e4m\u00e4ll\u00e4. K\u00e4\u00e4ntyminen tapahtuu k\u00e4\u00e4nt\u00e4m\u00e4ll\u00e4 kahvaa sivulle. Logbullettia pystyy ajamaan yht\u00e4 helposti niin eteen- kuin taaksep\u00e4in.\u00a0 Ominaisuus &#8230;<\/p>\n","protected":false},"author":1,"featured_media":65,"parent":9,"menu_order":2,"comment_status":"closed","ping_status":"closed","template":"","meta":{"footnotes":""},"class_list":["post-11","page","type-page","status-publish","has-post-thumbnail","hentry"],"_links":{"self":[{"href":"http:\/\/www.logbullet.com\/fi\/wp-json\/wp\/v2\/pages\/11","targetHints":{"allow":["GET"]}}],"collection":[{"href":"http:\/\/www.logbullet.com\/fi\/wp-json\/wp\/v2\/pages"}],"about":[{"href":"http:\/\/www.logbullet.com\/fi\/wp-json\/wp\/v2\/types\/page"}],"author":[{"embeddable":true,"href":"http:\/\/www.logbullet.com\/fi\/wp-json\/wp\/v2\/users\/1"}],"replies":[{"embeddable":true,"href":"http:\/\/www.logbullet.com\/fi\/wp-json\/wp\/v2\/comments?post=11"}],"version-history":[{"count":8,"href":"http:\/\/www.logbullet.com\/fi\/wp-json\/wp\/v2\/pages\/11\/revisions"}],"predecessor-version":[{"id":106,"href":"http:\/\/www.logbullet.com\/fi\/wp-json\/wp\/v2\/pages\/11\/revisions\/106"}],"up":[{"embeddable":true,"href":"http:\/\/www.logbullet.com\/fi\/wp-json\/wp\/v2\/pages\/9"}],"wp:featuredmedia":[{"embeddable":true,"href":"http:\/\/www.logbullet.com\/fi\/wp-json\/wp\/v2\/media\/65"}],"wp:attachment":[{"href":"http:\/\/www.logbullet.com\/fi\/wp-json\/wp\/v2\/media?parent=11"}],"curies":[{"name":"wp","href":"https:\/\/api.w.org\/{rel}","templated":true}]}}