{"id":20,"date":"2015-06-02T11:45:17","date_gmt":"2015-06-02T11:45:17","guid":{"rendered":"http:\/\/www.logbullet.com\/fi\/?page_id=20"},"modified":"2021-05-11T04:26:59","modified_gmt":"2021-05-11T04:26:59","slug":"videoita","status":"publish","type":"page","link":"http:\/\/www.logbullet.com\/fi\/videoita\/","title":{"rendered":"Videoita"},"content":{"rendered":"\n<figure class=\"wp-block-embed is-type-video is-provider-youtube wp-block-embed-youtube wp-embed-aspect-16-9 wp-has-aspect-ratio\"><div class=\"wp-block-embed__wrapper\">\n<iframe loading=\"lazy\" title=\"Logbulletilla mets\u00e4\u00e4n - kuuset nurin ja pihaan takaisin?\" width=\"800\" height=\"450\" src=\"https:\/\/www.youtube.com\/embed\/Usbj-izny4s?feature=oembed\" frameborder=\"0\" allow=\"accelerometer; autoplay; clipboard-write; encrypted-media; gyroscope; picture-in-picture; web-share\" referrerpolicy=\"strict-origin-when-cross-origin\" allowfullscreen><\/iframe>\n<\/div><\/figure>\n\n\n\n<p>Kuusenhakuvideolla k\u00e4ytetyn koneen lis\u00e4varusteet: <\/p>\n\n\n\n<figure class=\"wp-block-embed is-type-video is-provider-youtube wp-block-embed-youtube wp-embed-aspect-16-9 wp-has-aspect-ratio\"><div class=\"wp-block-embed__wrapper\">\n<iframe loading=\"lazy\" title=\"Minun Logbullet -  Lis\u00e4varusteet [uutuutena hidas vaihde]\" width=\"800\" height=\"450\" src=\"https:\/\/www.youtube.com\/embed\/AjmGOVOaQpY?feature=oembed\" frameborder=\"0\" allow=\"accelerometer; autoplay; clipboard-write; encrypted-media; gyroscope; picture-in-picture; web-share\" referrerpolicy=\"strict-origin-when-cross-origin\" allowfullscreen><\/iframe>\n<\/div><\/figure>\n\n\n\n<p>Hybridihaapaa jouluna 2019 (Puuntuottaja videoita):<\/p>\n\n\n\n<figure class=\"wp-block-embed is-type-video is-provider-youtube wp-block-embed-youtube wp-embed-aspect-16-9 wp-has-aspect-ratio\"><div class=\"wp-block-embed__wrapper\">\n<iframe loading=\"lazy\" title=\"Hybridihaavikon ensiharvennus ja ajaminen tienlaitaan\" width=\"800\" height=\"450\" src=\"https:\/\/www.youtube.com\/embed\/2y05aj6u54k?feature=oembed\" frameborder=\"0\" allow=\"accelerometer; autoplay; clipboard-write; encrypted-media; gyroscope; picture-in-picture; web-share\" referrerpolicy=\"strict-origin-when-cross-origin\" allowfullscreen><\/iframe>\n<\/div><\/figure>\n\n\n\n<p>Puuntuottajasta l\u00f6ytyy monta Logbulletin rakenteluvideoita. Videoilla tehd\u00e4\u00e4n hybridihaavikossa k\u00e4ytety\u00e4 konetta . K\u00e4y katsomassa jos&nbsp; Logbulletin valmistuskiinnostaa: <a href=\"https:\/\/www.youtube.com\/playlist?list=PLyUTQUdDKEor3OdkVBbde7i7fy4081IcY\">https:\/\/www.youtube.com\/playlist?list=PLyUTQUdDKEor3OdkVBbde7i7fy4081IcY<\/a><\/p>\n\n\n\n<p>Talvella ensiharventamaan ja puiden ajoa mets\u00e4st\u00e4 pois. Helpottaa hakkuita kun vie kourakasat pois mets\u00e4st\u00e4:<\/p>\n\n\n\n<figure class=\"wp-block-embed is-type-video is-provider-youtube wp-block-embed-youtube wp-embed-aspect-16-9 wp-has-aspect-ratio\"><div class=\"wp-block-embed__wrapper\">\n<iframe loading=\"lazy\" title=\"Logbullet mini forwarder in winter forest\" width=\"800\" height=\"450\" src=\"https:\/\/www.youtube.com\/embed\/3xrMLIb2RSk?feature=oembed\" frameborder=\"0\" allow=\"accelerometer; autoplay; clipboard-write; encrypted-media; gyroscope; picture-in-picture; web-share\" referrerpolicy=\"strict-origin-when-cross-origin\" allowfullscreen><\/iframe>\n<\/div><\/figure>\n\n\n\n<p>Kuljetus autotrailerilla ja kuusien noutamista ensiharvennetusta mets\u00e4st\u00e4:<\/p>\n\n\n\n<figure class=\"wp-block-embed is-type-video is-provider-youtube wp-block-embed-youtube wp-embed-aspect-16-9 wp-has-aspect-ratio\"><div class=\"wp-block-embed__wrapper\">\n<iframe loading=\"lazy\" title=\"DIY Forestry In Finland - Logbullet Forwarding After Chainsaw\" width=\"800\" height=\"450\" src=\"https:\/\/www.youtube.com\/embed\/adlrQT_ZPSY?feature=oembed\" frameborder=\"0\" allow=\"accelerometer; autoplay; clipboard-write; encrypted-media; gyroscope; picture-in-picture; web-share\" referrerpolicy=\"strict-origin-when-cross-origin\" allowfullscreen><\/iframe>\n<\/div><\/figure>\n\n\n\n<p>Kuormattuna ajamista ep\u00e4tasaisessa \/ m\u00e4kisess\u00e4 maastossa:<\/p>\n\n\n\n<figure class=\"wp-block-embed is-type-video is-provider-youtube wp-block-embed-youtube wp-embed-aspect-16-9 wp-has-aspect-ratio\"><div class=\"wp-block-embed__wrapper\">\n<iframe loading=\"lazy\" title=\"Logbullet mini forestry forwarder forwarding firewood from forest\" width=\"800\" height=\"450\" src=\"https:\/\/www.youtube.com\/embed\/1EsmTpsL2uM?feature=oembed\" frameborder=\"0\" allow=\"accelerometer; autoplay; clipboard-write; encrypted-media; gyroscope; picture-in-picture; web-share\" referrerpolicy=\"strict-origin-when-cross-origin\" allowfullscreen><\/iframe>\n<\/div><\/figure>\n\n\n\n<p>Testausta miten Logbullet nousee penkan p\u00e4\u00e4lle:<\/p>\n\n\n\n<figure class=\"wp-block-embed is-type-video is-provider-youtube wp-block-embed-youtube wp-embed-aspect-16-9 wp-has-aspect-ratio\"><div class=\"wp-block-embed__wrapper\">\n<iframe loading=\"lazy\" title=\"Logbullet mini forestry forwarder climbing steep wall\" width=\"800\" height=\"450\" src=\"https:\/\/www.youtube.com\/embed\/ZKD4INhUUmc?feature=oembed\" frameborder=\"0\" allow=\"accelerometer; autoplay; clipboard-write; encrypted-media; gyroscope; picture-in-picture; web-share\" referrerpolicy=\"strict-origin-when-cross-origin\" allowfullscreen><\/iframe>\n<\/div><\/figure>\n\n\n\n<p>P\u00e4ivitetyll\u00e4 protolla &nbsp;kev\u00e4\u00e4ll\u00e4 2017 &nbsp;kuusikuitua mets\u00e4st\u00e4:<\/p>\n\n\n\n<figure class=\"wp-block-embed is-type-video is-provider-youtube wp-block-embed-youtube wp-embed-aspect-16-9 wp-has-aspect-ratio\"><div class=\"wp-block-embed__wrapper\">\n<iframe loading=\"lazy\" title=\"Logbullet | Mini forwarder in sunny forest\" width=\"800\" height=\"450\" src=\"https:\/\/www.youtube.com\/embed\/gcx_RNOpqkk?start=15&#038;feature=oembed\" frameborder=\"0\" allow=\"accelerometer; autoplay; clipboard-write; encrypted-media; gyroscope; picture-in-picture; web-share\" referrerpolicy=\"strict-origin-when-cross-origin\" allowfullscreen><\/iframe>\n<\/div><\/figure>\n\n\n\n<p>Vuoden 2016 versio mets\u00e4ss\u00e4 noutamassa puita ensiharvennuksen j\u00e4lkeen:<\/p>\n\n\n\n<figure class=\"wp-block-embed is-type-video is-provider-youtube wp-block-embed-youtube wp-embed-aspect-16-9 wp-has-aspect-ratio\"><div class=\"wp-block-embed__wrapper\">\n<iframe loading=\"lazy\" title=\"Logbullet | Mini forwarder in forest after first thinning\" width=\"800\" height=\"450\" src=\"https:\/\/www.youtube.com\/embed\/D14bvw8CI1s?feature=oembed\" frameborder=\"0\" allow=\"accelerometer; autoplay; clipboard-write; encrypted-media; gyroscope; picture-in-picture; web-share\" referrerpolicy=\"strict-origin-when-cross-origin\" allowfullscreen><\/iframe>\n<\/div><\/figure>\n\n\n\n<p><\/p>\n","protected":false},"excerpt":{"rendered":"<p>Kuusenhakuvideolla k\u00e4ytetyn koneen lis\u00e4varusteet: Hybridihaapaa jouluna 2019 (Puuntuottaja videoita): Puuntuottajasta l\u00f6ytyy monta Logbulletin rakenteluvideoita. Videoilla tehd\u00e4\u00e4n hybridihaavikossa k\u00e4ytety\u00e4 konetta . K\u00e4y katsomassa jos&nbsp; Logbulletin valmistuskiinnostaa: https:\/\/www.youtube.com\/playlist?list=PLyUTQUdDKEor3OdkVBbde7i7fy4081IcY Talvella ensiharventamaan ja puiden &#8230;<\/p>\n","protected":false},"author":1,"featured_media":0,"parent":0,"menu_order":4,"comment_status":"closed","ping_status":"closed","template":"","meta":{"footnotes":""},"class_list":["post-20","page","type-page","status-publish","hentry"],"_links":{"self":[{"href":"http:\/\/www.logbullet.com\/fi\/wp-json\/wp\/v2\/pages\/20","targetHints":{"allow":["GET"]}}],"collection":[{"href":"http:\/\/www.logbullet.com\/fi\/wp-json\/wp\/v2\/pages"}],"about":[{"href":"http:\/\/www.logbullet.com\/fi\/wp-json\/wp\/v2\/types\/page"}],"author":[{"embeddable":true,"href":"http:\/\/www.logbullet.com\/fi\/wp-json\/wp\/v2\/users\/1"}],"replies":[{"embeddable":true,"href":"http:\/\/www.logbullet.com\/fi\/wp-json\/wp\/v2\/comments?post=20"}],"version-history":[{"count":14,"href":"http:\/\/www.logbullet.com\/fi\/wp-json\/wp\/v2\/pages\/20\/revisions"}],"predecessor-version":[{"id":609,"href":"http:\/\/www.logbullet.com\/fi\/wp-json\/wp\/v2\/pages\/20\/revisions\/609"}],"wp:attachment":[{"href":"http:\/\/www.logbullet.com\/fi\/wp-json\/wp\/v2\/media?parent=20"}],"curies":[{"name":"wp","href":"https:\/\/api.w.org\/{rel}","templated":true}]}}