{"id":205,"date":"2017-08-17T11:40:03","date_gmt":"2017-08-17T11:40:03","guid":{"rendered":"http:\/\/www.logbullet.com\/fi\/?page_id=205"},"modified":"2024-12-30T12:42:55","modified_gmt":"2024-12-30T12:42:55","slug":"metsanhoito-pienmetsakoneella","status":"publish","type":"page","link":"http:\/\/www.logbullet.com\/fi\/metsanhoito-pienmetsakoneella\/","title":{"rendered":"Mets\u00e4nhoito pienmets\u00e4koneella"},"content":{"rendered":"<p>Talousl\u00e4ht\u00f6isen mets\u00e4nhoidon tarkoituksena on kasvattaa\u00a0 korkeaa kuutiohintaa tuottavaa puutavaraa mahdollisimman\u00a0 paljon\u00a0 matalalla kustannuksella. K\u00e4yt\u00e4nn\u00f6ss\u00e4 tavoitteena on tuottaa tehokkaasti tukkeja.<a href=\"http:\/\/www.logbullet.com\/fi\/wp-content\/uploads\/2017\/08\/kuusenkasvukiihdytys.jpg\"><img loading=\"lazy\" decoding=\"async\" class=\"alignnone size-large wp-image-263\" src=\"http:\/\/www.logbullet.com\/fi\/wp-content\/uploads\/2017\/08\/kuusenkasvukiihdytys-1024x512.jpg\" alt=\"\" width=\"474\" height=\"237\" srcset=\"http:\/\/www.logbullet.com\/fi\/wp-content\/uploads\/2017\/08\/kuusenkasvukiihdytys-1024x512.jpg 1024w, http:\/\/www.logbullet.com\/fi\/wp-content\/uploads\/2017\/08\/kuusenkasvukiihdytys-300x150.jpg 300w, http:\/\/www.logbullet.com\/fi\/wp-content\/uploads\/2017\/08\/kuusenkasvukiihdytys-768x384.jpg 768w, http:\/\/www.logbullet.com\/fi\/wp-content\/uploads\/2017\/08\/kuusenkasvukiihdytys.jpg 1200w\" sizes=\"auto, (max-width: 474px) 100vw, 474px\" \/><\/a><\/p>\n<p>Tukkeja voidaan tuottaa joko jaksollisella kasvatuksella tai jatkuvalla kasvatuksella. Jatksollisessa kasvatuksessa mets\u00e4\u00e4n menn\u00e4\u00e4n heti uudistushakkuun j\u00e4lkeen istuttamaan taimet, taimikoita k\u00e4yd\u00e4\u00e4n hoitamassa raivaussahalla, harvennukset hoidetaan ajallaan ja\u00a0 metsist\u00e4 hoidetaan ravinnepuutokset lannoittamalla.<\/p>\n<p>Mets\u00e4ss\u00e4 k\u00e4yd\u00e4\u00e4n monta kertaa puustokierron aikana, v\u00e4lill\u00e4 mets\u00e4\u00e4n vied\u00e4\u00e4n tavaraa ja v\u00e4lill\u00e4 sielt\u00e4 tuodaan puutavaraa pois.<\/p>\n<p>Jaksollisen mets\u00e4nhoidon vaihtoehtona on jatkuva kasvatus. Jatkuvassa kasvatuksessa mets\u00e4st\u00e4 k\u00e4yd\u00e4\u00e4n noutamassa suuret rahapuut ja j\u00e4tet\u00e4\u00e4n k\u00e4svamaan pienemm\u00e4n puut kohti arvokkaampaa kokoa.<\/p>\n<p><a href=\"http:\/\/www.logbullet.com\/fi\/wp-content\/uploads\/2017\/08\/taimiavakassa.jpg\"><img loading=\"lazy\" decoding=\"async\" class=\"alignnone size-large wp-image-297\" src=\"http:\/\/www.logbullet.com\/fi\/wp-content\/uploads\/2017\/08\/taimiavakassa-1024x597.jpg\" alt=\"\" width=\"474\" height=\"276\" srcset=\"http:\/\/www.logbullet.com\/fi\/wp-content\/uploads\/2017\/08\/taimiavakassa-1024x597.jpg 1024w, http:\/\/www.logbullet.com\/fi\/wp-content\/uploads\/2017\/08\/taimiavakassa-300x175.jpg 300w, http:\/\/www.logbullet.com\/fi\/wp-content\/uploads\/2017\/08\/taimiavakassa-768x448.jpg 768w, http:\/\/www.logbullet.com\/fi\/wp-content\/uploads\/2017\/08\/taimiavakassa.jpg 1200w\" sizes=\"auto, (max-width: 474px) 100vw, 474px\" \/><\/a><\/p>\n<p>Kun energia- ja ensiharvennukset hoidetaan moottorisahalla ja pienell\u00e4 mets\u00e4koneella hakkuuj\u00e4ljest\u00e4 tulee tasaista eik\u00e4 maastoon j\u00e4\u00e4 puuston kasvualaa vievi\u00e4 ajouria. \u00a0 Koneellisen ensiharvennuksen j\u00e4lkeen ajourat viev\u00e4t yli 20% mets\u00e4n pinta-alasta.<\/p>\n<p>Pienen mets\u00e4koneen kanssa suoritettujen ensiharvennuksien j\u00e4lkeen\u00a0 mets\u00e4 saa kasvaa tasaisena tukkipuuta tuottavaan vaiheeseen.\u00a0 Pienell\u00e4 mets\u00e4koneella voi tehd\u00e4 mets\u00e4nhoidossa muutakin kuin ajaa puita harvennuksien j\u00e4lkeen mets\u00e4st\u00e4. Pienell\u00e4 mets\u00e4koneella voi<\/p>\n<ul>\n<li>kuljettaa taimia, ev\u00e4it\u00e4 ja istustusv\u00e4lineit\u00e4 uudistusaloille<\/li>\n<li>kulkea raivaamaan metsi\u00e4<\/li>\n<li>pit\u00e4\u00e4 alueen kulkureitist\u00f6\u00e4 kunnossa<\/li>\n<li>kuljettaa ja levitt\u00e4\u00e4 mets\u00e4lannotteita<\/li>\n<li>k\u00e4yd\u00e4 noutamassa mets\u00e4st\u00e4 tuulenkaadot ja muut tukit ilman ylim\u00e4\u00e4r\u00e4isien puiden kaatamista<\/li>\n<\/ul>\n<p>Oma hydraulisella nosturilla varustettu mets\u00e4kone on hyv\u00e4 yleisty\u00f6kalu, jonka k\u00e4tevyyden k\u00e4sitt\u00e4\u00e4 vasta kun p\u00e4\u00e4see k\u00e4ytt\u00e4m\u00e4\u00e4n omaa konetta.<\/p>\n<p><a href=\"http:\/\/www.logbullet.com\/fi\/wp-content\/uploads\/2017\/08\/raivaussahatmets\u00e4ss\u00e4.jpg\"><img loading=\"lazy\" decoding=\"async\" class=\"alignnone size-large wp-image-266\" src=\"http:\/\/www.logbullet.com\/fi\/wp-content\/uploads\/2017\/08\/raivaussahatmets\u00e4ss\u00e4-1024x683.jpg\" alt=\"\" width=\"474\" height=\"316\" srcset=\"http:\/\/www.logbullet.com\/fi\/wp-content\/uploads\/2017\/08\/raivaussahatmets\u00e4ss\u00e4-1024x683.jpg 1024w, http:\/\/www.logbullet.com\/fi\/wp-content\/uploads\/2017\/08\/raivaussahatmets\u00e4ss\u00e4-300x200.jpg 300w, http:\/\/www.logbullet.com\/fi\/wp-content\/uploads\/2017\/08\/raivaussahatmets\u00e4ss\u00e4-768x512.jpg 768w, http:\/\/www.logbullet.com\/fi\/wp-content\/uploads\/2017\/08\/raivaussahatmets\u00e4ss\u00e4.jpg 1200w\" sizes=\"auto, (max-width: 474px) 100vw, 474px\" \/><\/a><\/p>\n<p>Tein pienmets\u00e4koneen hy\u00f6tyk\u00e4yt\u00f6st\u00e4 alasivuja. Sivut on helpointa lukea j\u00e4rjestyksess\u00e4 painamalla sivujen alalaidassa olevaa linkki\u00e4 seuraavaan juttuun tai sitten seuraamalla valikkoja. Jutut:<\/p>\n<ol>\n<li><a href=\"http:\/\/www.logbullet.com\/fi\/metsanhoito-pienmetsakoneella\/taimien-kuljettaminen-istutuskohteelle\/\">Taimien kuljettaminen istutuskohteelle<\/a><\/li>\n<li><a href=\"http:\/\/www.logbullet.com\/fi\/metsanhoito-pienmetsakoneella\/metsanhoitotoihin-kulkeminen\/\">Mets\u00e4nhoitot\u00f6ihin kulkeminen<\/a><\/li>\n<li><a href=\"http:\/\/www.logbullet.com\/fi\/metsanhoito-pienmetsakoneella\/suurien-metsakoneiden-haasteet-ensiharvennuksilla\/\">Suurien mets\u00e4koneiden haasteet ensiharvennuksilla<\/a><\/li>\n<li><a href=\"http:\/\/www.logbullet.com\/fi\/metsanhoito-pienmetsakoneella\/ajouraton-ensiharvennus\/\">Ajouraton ensiharvennus<\/a><\/li>\n<li><a href=\"http:\/\/www.logbullet.com\/fi\/metsanhoito-pienmetsakoneella\/tuulenkaatojen-noutaminen-metsasta\/\">Tuulenkaatojen noutaminen mets\u00e4st\u00e4<\/a><\/li>\n<li><a href=\"http:\/\/www.logbullet.com\/fi\/metsanhoito-pienmetsakoneella\/jatkuvakasvatus-nouda-rahapuut-metsasta\/\">Jatkuvakasvatus \u2013 nouda rahapuut mets\u00e4st\u00e4<\/a><\/li>\n<li><a href=\"http:\/\/www.logbullet.com\/fi\/metsanhoito-pienmetsakoneella\/ammattilaiset-tontti-ja-puistopuiden-korjaaminen-pihoista-pinoihin\/\">Ammattilaiset: Tontti- ja puistopuiden korjaaminen pihoista pinoihin<\/a><\/li>\n<li><a href=\"http:\/\/www.logbullet.com\/fi\/metsanhoito-pienmetsakoneella\/saaripuiden-hakkuut-kevyella-kalustolla\/\">Saaripuiden hakkuut kevyell\u00e4 kalustolla<\/a><\/li>\n<li><a href=\"http:\/\/www.logbullet.com\/fi\/metsanhoito-pienmetsakoneella\/ylispuiden-kaataminen-taimikosta\/\">Ylispuiden kaataminen taimikosta<\/a><\/li>\n<li><a href=\"http:\/\/www.logbullet.com\/fi\/metsanhoito-pienmetsakoneella\/metsan-kulkureittien-kunnossapito\/\">Mets\u00e4n kulkureittien kunnossapito<\/a><\/li>\n<li><a href=\"http:\/\/www.logbullet.com\/fi\/metsanhoito-pienmetsakoneella\/metsalannoitus\/\">Mets\u00e4lannoitus pienmets\u00e4koneella<\/a><\/li>\n<li><a href=\"http:\/\/www.logbullet.com\/fi\/metsanhoito-pienmetsakoneella\/vaihtoehtoja-pienmetsakoneeksi\/\">Vaihtoehtoja pienmets\u00e4koneeksi<\/a><\/li>\n<li><a href=\"http:\/\/www.logbullet.com\/fi\/metsanhoito-pienmetsakoneella\/pienmetsakoneen-taloudellinen-vaikutus\/\">Pienmets\u00e4koneen taloudellinen kannattavuus<\/a><\/li>\n<\/ol>\n<p>&nbsp;<\/p>\n<p>Jyv\u00e4skyl\u00e4n ammattikorkeakoulu julkaisi vuonna 2014 <a href=\"https:\/\/www.jamk.fi\/globalassets\/tutkimus-ja-kehitys--research-and-development\/tki-projektien-lohkot-ja-tiedostot\/kevyet-koneet-metsanhoidossa\/kevmet-kasikirja-web.pdf\" target=\"_blank\" rel=\"noopener\">kevyiden mets\u00e4koneiden k\u00e4yt\u00f6st\u00e4 oppaan mets\u00e4nomistajille<\/a>. Opas on m\u00f6nkij\u00e4painotteinen, mutta soveltuu my\u00f6s varsinaisien mets\u00e4k\u00e4ytt\u00f6\u00f6n tarkoitettujen pienmets\u00e4koneiden k\u00e4ytt\u00f6\u00f6n. Mink\u00e4 voi ehk\u00e4 tehd\u00e4 m\u00f6nkij\u00e4ll\u00e4, voi tehd\u00e4 varmasti pienmets\u00e4koneella.<\/p>\n<p>Kirjoitin aihepiireitt\u00e4in alasivuja. Ensiksi <a href=\"http:\/\/www.logbullet.com\/fi\/metsanhoito-pienmetsakoneella\/taimien-kuljettaminen-istutuskohteelle\/\" rel=\"noopener\">kuljetetaan taimia uudistusalalle<\/a>.<\/p>\n","protected":false},"excerpt":{"rendered":"<p>Talousl\u00e4ht\u00f6isen mets\u00e4nhoidon tarkoituksena on kasvattaa\u00a0 korkeaa kuutiohintaa tuottavaa puutavaraa mahdollisimman\u00a0 paljon\u00a0 matalalla kustannuksella. K\u00e4yt\u00e4nn\u00f6ss\u00e4 tavoitteena on tuottaa tehokkaasti tukkeja. Tukkeja voidaan tuottaa joko jaksollisella kasvatuksella tai jatkuvalla kasvatuksella. Jatksollisessa kasvatuksessa &#8230;<\/p>\n","protected":false},"author":1,"featured_media":389,"parent":0,"menu_order":4,"comment_status":"closed","ping_status":"closed","template":"","meta":{"footnotes":""},"class_list":["post-205","page","type-page","status-publish","has-post-thumbnail","hentry"],"_links":{"self":[{"href":"http:\/\/www.logbullet.com\/fi\/wp-json\/wp\/v2\/pages\/205","targetHints":{"allow":["GET"]}}],"collection":[{"href":"http:\/\/www.logbullet.com\/fi\/wp-json\/wp\/v2\/pages"}],"about":[{"href":"http:\/\/www.logbullet.com\/fi\/wp-json\/wp\/v2\/types\/page"}],"author":[{"embeddable":true,"href":"http:\/\/www.logbullet.com\/fi\/wp-json\/wp\/v2\/users\/1"}],"replies":[{"embeddable":true,"href":"http:\/\/www.logbullet.com\/fi\/wp-json\/wp\/v2\/comments?post=205"}],"version-history":[{"count":15,"href":"http:\/\/www.logbullet.com\/fi\/wp-json\/wp\/v2\/pages\/205\/revisions"}],"predecessor-version":[{"id":427,"href":"http:\/\/www.logbullet.com\/fi\/wp-json\/wp\/v2\/pages\/205\/revisions\/427"}],"wp:featuredmedia":[{"embeddable":true,"href":"http:\/\/www.logbullet.com\/fi\/wp-json\/wp\/v2\/media\/389"}],"wp:attachment":[{"href":"http:\/\/www.logbullet.com\/fi\/wp-json\/wp\/v2\/media?parent=205"}],"curies":[{"name":"wp","href":"https:\/\/api.w.org\/{rel}","templated":true}]}}