{"id":209,"date":"2017-08-17T11:43:49","date_gmt":"2017-08-17T11:43:49","guid":{"rendered":"http:\/\/www.logbullet.com\/fi\/?page_id=209"},"modified":"2017-09-02T04:35:55","modified_gmt":"2017-09-02T04:35:55","slug":"vaihtoehtoja-pienmetsakoneeksi","status":"publish","type":"page","link":"http:\/\/www.logbullet.com\/fi\/metsanhoito-pienmetsakoneella\/vaihtoehtoja-pienmetsakoneeksi\/","title":{"rendered":"Vaihtoehtoja pienmets\u00e4koneeksi"},"content":{"rendered":"<p>En voi kilpailevana koneenvalmistaja kehua \/ haukkua tai muuten arvioida toisten valmistajien koneita.\u00a0 T\u00e4m\u00e4n sivun tarkoituksena on esitell\u00e4 vaihtoehtoja. S\u00e4\u00e4st\u00e4n ihmisten aikaa, asiakkaani kyll\u00e4 l\u00f6yt\u00e4v\u00e4t itsen\u00e4isestikin vaihtoehdot. Luotan Logbulletin olevan vahva vaihtoehto kilpailijoiden joukossa.<\/p>\n<p><a href=\"http:\/\/www.logbullet.com\/fi\/wp-content\/uploads\/2017\/08\/kranmanbison.jpg\"><img loading=\"lazy\" decoding=\"async\" class=\"alignnone size-large wp-image-315\" src=\"http:\/\/www.logbullet.com\/fi\/wp-content\/uploads\/2017\/08\/kranmanbison-1024x512.jpg\" alt=\"\" width=\"474\" height=\"237\" srcset=\"http:\/\/www.logbullet.com\/fi\/wp-content\/uploads\/2017\/08\/kranmanbison-1024x512.jpg 1024w, http:\/\/www.logbullet.com\/fi\/wp-content\/uploads\/2017\/08\/kranmanbison-300x150.jpg 300w, http:\/\/www.logbullet.com\/fi\/wp-content\/uploads\/2017\/08\/kranmanbison-768x384.jpg 768w, http:\/\/www.logbullet.com\/fi\/wp-content\/uploads\/2017\/08\/kranmanbison.jpg 1200w\" sizes=\"auto, (max-width: 474px) 100vw, 474px\" \/><\/a><\/p>\n<p>Logbulletin lis\u00e4ksi suomessa on saatavilla ainakin kuuden muun valmistajan kevyit\u00e4 ajokoneita. Kilpailu tekee hyv\u00e4\u00e4. Olisin enemm\u00e4n huolissani jos olisin ainoa valmistaja. Minun olisi paljon raskaampi markkinoida uutta menetelm\u00e4\u00e4 yksin. Aina, kun kilpailijana mainostavat, my\u00f6s min\u00e4 saan lis\u00e4\u00e4 mahdollisia asiakkaita.<\/p>\n<p>Logbullet kokoluokan pieni\u00e4 mets\u00e4k\u00e4ytt\u00f6\u00f6n tarkoitettuja autotrailerilla siirrett\u00e4vi\u00e4 ajokoneita:<\/p>\n<ul>\n<li>Logbullet<\/li>\n<li><a href=\"http:\/\/www.alstor.se\/\" target=\"_blank\" rel=\"noopener\">Alstor 8&#215;8<\/a><\/li>\n<li><a href=\"http:\/\/www.usewood.fi\/index.php\/fi\/\" target=\"_blank\" rel=\"noopener\">Usewood Log master<\/a><\/li>\n<li><a href=\"https:\/\/www.kinetic.ee\/\" target=\"_blank\" rel=\"noopener\">Kinetic 8&#215;8<\/a><\/li>\n<li><a href=\"http:\/\/lennartsfors.com\/index.php\/sv\/produkter\/hjulhaest\" target=\"_blank\" rel=\"noopener\">Hjullh\u00e4sten<\/a><\/li>\n<li><a href=\"http:\/\/www.kranman.com\/bison-miniskotare-produkter\" target=\"_blank\" rel=\"noopener\">Kranman Bison<\/a><\/li>\n<li><a href=\"http:\/\/vimek.se\/\" target=\"_blank\" rel=\"noopener\">Vimek Minimaster<\/a><\/li>\n<\/ul>\n<p>Valmistajista valtaosa on ruotsalaisia.\u00a0 Pienilll\u00e4 mets\u00e4koneilla on ruotsissa suurempi markkinaosuus kuin Suomessa. Ruotsissa puukaupat tehd\u00e4\u00e4n yleens\u00e4 hankintakauppoina jolloin mets\u00e4nomistajilla on selke\u00e4 kuva todellisista korjuukustannuksista. <a href=\"http:\/\/www.logbullet.com\/fi\/wp-content\/uploads\/2017\/08\/novothy_ajokone.jpg\"><img loading=\"lazy\" decoding=\"async\" class=\"alignnone size-large wp-image-316\" src=\"http:\/\/www.logbullet.com\/fi\/wp-content\/uploads\/2017\/08\/novothy_ajokone-1024x597.jpg\" alt=\"\" width=\"474\" height=\"276\" srcset=\"http:\/\/www.logbullet.com\/fi\/wp-content\/uploads\/2017\/08\/novothy_ajokone-1024x597.jpg 1024w, http:\/\/www.logbullet.com\/fi\/wp-content\/uploads\/2017\/08\/novothy_ajokone-300x175.jpg 300w, http:\/\/www.logbullet.com\/fi\/wp-content\/uploads\/2017\/08\/novothy_ajokone-768x448.jpg 768w, http:\/\/www.logbullet.com\/fi\/wp-content\/uploads\/2017\/08\/novothy_ajokone.jpg 1200w\" sizes=\"auto, (max-width: 474px) 100vw, 474px\" \/><\/a><\/p>\n<p>Logbullettia reilusti suurempia, mutta edelleen pieni\u00e4 ajokoneita<\/p>\n<ul>\n<li><a href=\"http:\/\/www.woodtiger.se\/\" target=\"_blank\" rel=\"noopener\">Woodtiger<\/a><\/li>\n<li><a href=\"http:\/\/www.finnbull.fi\/\" target=\"_blank\" rel=\"noopener\">Finnbull<\/a> (Suomi)<\/li>\n<li><a href=\"https:\/\/jarcrac.com\/\" target=\"_blank\" rel=\"noopener\">Jarcrac<\/a> (Suomi)<\/li>\n<li><a href=\"http:\/\/www.riuttolehto.fi\/logbear\/\" target=\"_blank\" rel=\"noopener\">Logbear<\/a> (Suomi)<\/li>\n<li><a href=\"http:\/\/www.falconforestry.com\/\" target=\"_blank\" rel=\"noopener\">Falcon forwarder<\/a><\/li>\n<li><a href=\"http:\/\/www.terri.se\/en\/home\/\" target=\"_blank\" rel=\"noopener\">Terri<\/a><\/li>\n<li><a href=\"http:\/\/vimek.se\/\" target=\"_blank\" rel=\"noopener\">Vimek<\/a><\/li>\n<li><a href=\"http:\/\/www.loader.cz\/en\/production-program\/forwarder-lvs-520\" target=\"_blank\" rel=\"noopener\">Novotn\u00fd<\/a><\/li>\n<li><a href=\"https:\/\/www.malwa.se\/\" target=\"_blank\" rel=\"noopener\">Malwa<\/a><\/li>\n<li>Iso joukko traktoreita ja per\u00e4k\u00e4rryj\u00e4<\/li>\n<\/ul>\n<p>Pienikokoisia ajokoneita k\u00e4ytet\u00e4\u00e4n yleens\u00e4 erikoiskohteissa. Hakkuup\u00e4\u00e4ll\u00e4 varustettuna\u00a0 kombi-koneina niill\u00e4 voi my\u00f6s kaataa puita.<\/p>\n<p><a href=\"http:\/\/www.logbullet.com\/fi\/wp-content\/uploads\/2017\/08\/avestavagnen.jpg\"><img loading=\"lazy\" decoding=\"async\" class=\"alignnone size-large wp-image-317\" src=\"http:\/\/www.logbullet.com\/fi\/wp-content\/uploads\/2017\/08\/avestavagnen-1024x512.jpg\" alt=\"\" width=\"474\" height=\"237\" srcset=\"http:\/\/www.logbullet.com\/fi\/wp-content\/uploads\/2017\/08\/avestavagnen-1024x512.jpg 1024w, http:\/\/www.logbullet.com\/fi\/wp-content\/uploads\/2017\/08\/avestavagnen-300x150.jpg 300w, http:\/\/www.logbullet.com\/fi\/wp-content\/uploads\/2017\/08\/avestavagnen-768x384.jpg 768w, http:\/\/www.logbullet.com\/fi\/wp-content\/uploads\/2017\/08\/avestavagnen.jpg 1200w\" sizes=\"auto, (max-width: 474px) 100vw, 474px\" \/><\/a><\/p>\n<p>M\u00f6nkij\u00f6it\u00e4 valmistaa suuri joukko valmistajia. Yleisi\u00e4 mets\u00e4k\u00e4yt\u00f6ss\u00e4 olevia merkkej\u00e4 ovat <a href=\"http:\/\/www.hondamonkijat.fi\/\" target=\"_blank\" rel=\"noopener\">Honda<\/a>, <a href=\"http:\/\/www.polaris.fi\/monkijat\" target=\"_blank\" rel=\"noopener\">Polaris<\/a> ja <a href=\"http:\/\/www.brp.fi\/off-road\/\" target=\"_blank\" rel=\"noopener\">Can-Am<\/a>. \u00a0M\u00f6nkij\u00f6it\u00e4 valmistetaan my\u00f6s 6&#215;6 vedolla varustettuna ja niiden maastokelpoisuutta parannetaan lis\u00e4\u00e4m\u00e4ll\u00e4 niihin telasarjoja.<\/p>\n<p>Itse petyin m\u00f6nkij\u00e4\u00e4n mets\u00e4k\u00e4yt\u00f6ss\u00e4. Haasteeksi tuli \u00a0liian matala maavara (ei mene kantojen ylitse), heikko rakenteiden suojaus ja k\u00e4rryn kanssa ajomahdollisuus vain eteenp\u00e4in. M\u00f6nkij\u00e4 piti saada aina k\u00e4\u00e4ntym\u00e4\u00e4n mets\u00e4ss\u00e4 ymp\u00e4ri.<\/p>\n<p>M\u00f6nkij\u00f6iden mets\u00e4k\u00e4rryihin on reilusti vaihtoehtoja yksinkertaisesta k\u00e4sinlastavasta mets\u00e4k\u00e4rryst\u00e4 hydraulisella nosturilla varustettuihin tukkik\u00e4rryihin. Muutamia tunnettuja hydraulisella nosturilla varustettujen m\u00f6nkij\u00f6iden tukkik\u00e4rryjen valmistajia:<\/p>\n<ul>\n<li><a href=\"http:\/\/www.avestavagnen.se\/\" target=\"_blank\" rel=\"noopener\">Avestavagnen<\/a><\/li>\n<li><a href=\"http:\/\/www.ihan-uus.net\/\" target=\"_blank\" rel=\"noopener\">Multimette<\/a><\/li>\n<li><a href=\"http:\/\/www.vahvajussi.com\/fi\/\" target=\"_blank\" rel=\"noopener\">Vahvajussi<\/a><\/li>\n<li><a href=\"http:\/\/www.nokka.fi\/forest-pro-metsaperavaunu-ja-kuormain\/\" target=\"_blank\" rel=\"noopener\">Forest pro<\/a> (hetkelllinen tauko?)<\/li>\n<li><a href=\"https:\/\/www.country.ee\/\" target=\"_blank\" rel=\"noopener\">Country <\/a><\/li>\n<\/ul>\n<p>Traktorim\u00f6nkij\u00f6iden lis\u00e4ksi hydraulisia tukkik\u00e4rryj\u00e4 voi asettaa vet\u00e4m\u00e4\u00e4n pienoistraktorin tai Argo 8&#215;8\u00a0 ty\u00f6koneen.<\/p>\n<p>Kevyisiin mets\u00e4koneisiin l\u00f6ytyy runsaasti vaihtoehtoja. Kun l\u00e4hdin tekem\u00e4\u00e4n Logbulletteja, tiesin kilpailutilanteen ja l\u00e4hdin tekem\u00e4\u00e4n konetta joka kannattaa ostaa enemmin kuin kilpailevia tuotteita.<\/p>\n<p>Viimeisell\u00e4 sivulla koostetaan <a href=\"http:\/\/www.logbullet.com\/fi\/metsanhoito-pienmetsakoneella\/pienmetsakoneen-taloudellinen-vaikutus\/\">pienen mets\u00e4koneen taloudellisen kannattavuuden<\/a> osatekij\u00f6it\u00e4.<\/p>\n","protected":false},"excerpt":{"rendered":"<p>En voi kilpailevana koneenvalmistaja kehua \/ haukkua tai muuten arvioida toisten valmistajien koneita.\u00a0 T\u00e4m\u00e4n sivun tarkoituksena on esitell\u00e4 vaihtoehtoja. S\u00e4\u00e4st\u00e4n ihmisten aikaa, asiakkaani kyll\u00e4 l\u00f6yt\u00e4v\u00e4t itsen\u00e4isestikin vaihtoehdot. Luotan Logbulletin olevan &#8230;<\/p>\n","protected":false},"author":1,"featured_media":0,"parent":205,"menu_order":12,"comment_status":"closed","ping_status":"closed","template":"","meta":{"footnotes":""},"class_list":["post-209","page","type-page","status-publish","hentry"],"_links":{"self":[{"href":"http:\/\/www.logbullet.com\/fi\/wp-json\/wp\/v2\/pages\/209","targetHints":{"allow":["GET"]}}],"collection":[{"href":"http:\/\/www.logbullet.com\/fi\/wp-json\/wp\/v2\/pages"}],"about":[{"href":"http:\/\/www.logbullet.com\/fi\/wp-json\/wp\/v2\/types\/page"}],"author":[{"embeddable":true,"href":"http:\/\/www.logbullet.com\/fi\/wp-json\/wp\/v2\/users\/1"}],"replies":[{"embeddable":true,"href":"http:\/\/www.logbullet.com\/fi\/wp-json\/wp\/v2\/comments?post=209"}],"version-history":[{"count":19,"href":"http:\/\/www.logbullet.com\/fi\/wp-json\/wp\/v2\/pages\/209\/revisions"}],"predecessor-version":[{"id":428,"href":"http:\/\/www.logbullet.com\/fi\/wp-json\/wp\/v2\/pages\/209\/revisions\/428"}],"up":[{"embeddable":true,"href":"http:\/\/www.logbullet.com\/fi\/wp-json\/wp\/v2\/pages\/205"}],"wp:attachment":[{"href":"http:\/\/www.logbullet.com\/fi\/wp-json\/wp\/v2\/media?parent=209"}],"curies":[{"name":"wp","href":"https:\/\/api.w.org\/{rel}","templated":true}]}}