{"id":213,"date":"2017-08-17T12:10:12","date_gmt":"2017-08-17T12:10:12","guid":{"rendered":"http:\/\/www.logbullet.com\/fi\/?page_id=213"},"modified":"2017-08-21T08:02:01","modified_gmt":"2017-08-21T08:02:01","slug":"metsalannoitus","status":"publish","type":"page","link":"http:\/\/www.logbullet.com\/fi\/metsanhoito-pienmetsakoneella\/metsalannoitus\/","title":{"rendered":"Mets\u00e4lannoitus pienmets\u00e4koneella"},"content":{"rendered":"<p>Puut tarvitsevat kasvaakseen auringoa, vett\u00e4 ja ravinteita. Puulla tulee olla kasvutekij\u00f6it\u00e4 tarpeeksi suuri ja tasapainoinen m\u00e4\u00e4r\u00e4 saatavilla.\u00a0 <a href=\"http:\/\/www.logbullet.com\/fi\/wp-content\/uploads\/2017\/08\/Lannoitesakit.jpg\"><img loading=\"lazy\" decoding=\"async\" class=\"alignnone size-large wp-image-281\" src=\"http:\/\/www.logbullet.com\/fi\/wp-content\/uploads\/2017\/08\/Lannoitesakit-1024x597.jpg\" alt=\"\" width=\"474\" height=\"276\" srcset=\"http:\/\/www.logbullet.com\/fi\/wp-content\/uploads\/2017\/08\/Lannoitesakit-1024x597.jpg 1024w, http:\/\/www.logbullet.com\/fi\/wp-content\/uploads\/2017\/08\/Lannoitesakit-300x175.jpg 300w, http:\/\/www.logbullet.com\/fi\/wp-content\/uploads\/2017\/08\/Lannoitesakit-768x448.jpg 768w, http:\/\/www.logbullet.com\/fi\/wp-content\/uploads\/2017\/08\/Lannoitesakit.jpg 1200w\" sizes=\"auto, (max-width: 474px) 100vw, 474px\" \/><\/a><\/p>\n<p>Veden m\u00e4\u00e4r\u00e4\u00e4 voi s\u00e4\u00e4t\u00e4\u00e4 ojituksella, aurinkoa saadaan lis\u00e4\u00e4 harventamalla ja ravinteita lannoitteista. Mets\u00e4lannoitteet toimitetaan yleens\u00e4 kuvan mukaisissa suurs\u00e4keiss\u00e4 josta ne levitet\u00e4\u00e4n mets\u00e4\u00e4n ajokoneella, helikopterilla tai k\u00e4sinlevityksell\u00e4.<\/p>\n<p><a href=\"http:\/\/www.logbullet.com\/fi\/wp-content\/uploads\/2017\/08\/metsalannoitteenheitto.jpg\"><img loading=\"lazy\" decoding=\"async\" class=\"alignnone size-large wp-image-282\" src=\"http:\/\/www.logbullet.com\/fi\/wp-content\/uploads\/2017\/08\/metsalannoitteenheitto-683x1024.jpg\" alt=\"\" width=\"474\" height=\"711\" srcset=\"http:\/\/www.logbullet.com\/fi\/wp-content\/uploads\/2017\/08\/metsalannoitteenheitto-683x1024.jpg 683w, http:\/\/www.logbullet.com\/fi\/wp-content\/uploads\/2017\/08\/metsalannoitteenheitto-200x300.jpg 200w, http:\/\/www.logbullet.com\/fi\/wp-content\/uploads\/2017\/08\/metsalannoitteenheitto-768x1152.jpg 768w, http:\/\/www.logbullet.com\/fi\/wp-content\/uploads\/2017\/08\/metsalannoitteenheitto.jpg 800w\" sizes=\"auto, (max-width: 474px) 100vw, 474px\" \/><\/a><\/p>\n<p>Lannotteina k\u00e4ytet\u00e4\u00e4n <a href=\"http:\/\/www.puuntuottaja.com\/kuusikon-terveysmetsalannoitusta-tasmalannoituksena\/\" target=\"_blank\" rel=\"noopener\">kemiallisia lannotteita<\/a> tai\u00a0 puunpoltossa syntynytt\u00e4\u00a0 <a href=\"http:\/\/www.puuntuottaja.com\/suometsa-kasvuun-tuhkalannoituksella\/\" target=\"_blank\" rel=\"noopener\">tuhkaa<\/a>. Kemiallisten lannotteiden hehtaarilevitysm\u00e4\u00e4r\u00e4t ovat noin 500 kilogramman\u00a0 ja tuhkalannotteiden 4000-5000 kilogrammaa.<\/p>\n<p>Pienen m\u00e4\u00e4r\u00e4n lannotteita pystyy levitt\u00e4m\u00e4\u00e4n maastoon k\u00e4sin. K\u00e4sin levityksen suurin haaste on saada lannoitteet kuviolle helposti.\u00a0 Kemialliset lannoitteeet ovat pienmets\u00e4koneelle helppo tavoite kuljettaa kuviolla, koneen kyydiss\u00e4 tulee kerralla parin hehtaarin lannoitteet.\u00a0<a href=\"http:\/\/www.logbullet.com\/fi\/wp-content\/uploads\/2017\/08\/amazoneviska.jpg\"><img loading=\"lazy\" decoding=\"async\" class=\"alignnone size-large wp-image-286\" src=\"http:\/\/www.logbullet.com\/fi\/wp-content\/uploads\/2017\/08\/amazoneviska-1024x637.jpg\" alt=\"\" width=\"474\" height=\"295\" srcset=\"http:\/\/www.logbullet.com\/fi\/wp-content\/uploads\/2017\/08\/amazoneviska-1024x637.jpg 1024w, http:\/\/www.logbullet.com\/fi\/wp-content\/uploads\/2017\/08\/amazoneviska-300x187.jpg 300w, http:\/\/www.logbullet.com\/fi\/wp-content\/uploads\/2017\/08\/amazoneviska-768x477.jpg 768w, http:\/\/www.logbullet.com\/fi\/wp-content\/uploads\/2017\/08\/amazoneviska.jpg 1200w\" sizes=\"auto, (max-width: 474px) 100vw, 474px\" \/><\/a><\/p>\n<p><em>Kuva on otettu Amazonen <a href=\"http:\/\/media.amazone.de\/amazone\/\" target=\"_blank\" rel=\"noopener\">mediapankista<\/a><\/em><\/p>\n<p>Tuhkalannotteita ei kannata ryhty\u00e4 levitt\u00e4m\u00e4\u00e4n k\u00e4sin. Tuhkalannoitteeen saa tuotua paikalle, mutta kemiallisiin lannotteisiin n\u00e4hden 10-kertaisen m\u00e4\u00e4r\u00e4n levitt\u00e4miseen kannattaaa k\u00e4ytt\u00e4\u00e4 konevoimaa.<\/p>\n<p>Mets\u00e4lannoituksesta m\u00f6nkij\u00e4ll\u00e4 on julkaisu <a href=\"https:\/\/www.theseus.fi\/bitstream\/handle\/10024\/121507\/Kettunen_Juha.pdf?sequence=1\" target=\"_blank\" rel=\"noopener\">AMK-opinn\u00e4ytety\u00f6<\/a> vuonna 2016.\u00a0 Opinn\u00e4ytety\u00f6ss\u00e4 lannoitetta levitettiin Amazonen traktorin per\u00e4\u00e4n tarkoitettulla viskalla. Levitint\u00e4 py\u00f6ritettiin hydraulimoottorilla, esimerkiksi Logbulleista saa hydrauliikan ulosotolla viskan tarvitsemaa hydraulivirtausta.<\/p>\n<p>Pienen koneen etuna suurempiin ajokoneisiin ja helikopterilevitykseen n\u00e4hden on pienemm\u00e4n kokonaispinta-alan tarve. Lannoitetta ei tarvitse levitt\u00e4\u00e4 kymmenille hehtaareille, pienell\u00e4 koneella voi levitt\u00e4\u00e4 lannoitetta vain sinne miss\u00e4 siit\u00e4 on suurin hy\u00f6ty.<\/p>\n<p>Logbullet ei ole markkinoiden ainoa pienmets\u00e4kone. K\u00e4y lukemassa seuraavalla sivulla<a href=\"http:\/\/www.logbullet.com\/fi\/metsanhoito-pienmetsakoneella\/vaihtoehtoja-pienmetsakoneeksi\/\"> vaihtoehdoista pienmets\u00e4koneeksi<\/a>.<\/p>\n","protected":false},"excerpt":{"rendered":"<p>Puut tarvitsevat kasvaakseen auringoa, vett\u00e4 ja ravinteita. Puulla tulee olla kasvutekij\u00f6it\u00e4 tarpeeksi suuri ja tasapainoinen m\u00e4\u00e4r\u00e4 saatavilla.\u00a0 Veden m\u00e4\u00e4r\u00e4\u00e4 voi s\u00e4\u00e4t\u00e4\u00e4 ojituksella, aurinkoa saadaan lis\u00e4\u00e4 harventamalla ja ravinteita lannoitteista. Mets\u00e4lannoitteet &#8230;<\/p>\n","protected":false},"author":1,"featured_media":0,"parent":205,"menu_order":11,"comment_status":"closed","ping_status":"closed","template":"","meta":{"footnotes":""},"class_list":["post-213","page","type-page","status-publish","hentry"],"_links":{"self":[{"href":"http:\/\/www.logbullet.com\/fi\/wp-json\/wp\/v2\/pages\/213","targetHints":{"allow":["GET"]}}],"collection":[{"href":"http:\/\/www.logbullet.com\/fi\/wp-json\/wp\/v2\/pages"}],"about":[{"href":"http:\/\/www.logbullet.com\/fi\/wp-json\/wp\/v2\/types\/page"}],"author":[{"embeddable":true,"href":"http:\/\/www.logbullet.com\/fi\/wp-json\/wp\/v2\/users\/1"}],"replies":[{"embeddable":true,"href":"http:\/\/www.logbullet.com\/fi\/wp-json\/wp\/v2\/comments?post=213"}],"version-history":[{"count":12,"href":"http:\/\/www.logbullet.com\/fi\/wp-json\/wp\/v2\/pages\/213\/revisions"}],"predecessor-version":[{"id":413,"href":"http:\/\/www.logbullet.com\/fi\/wp-json\/wp\/v2\/pages\/213\/revisions\/413"}],"up":[{"embeddable":true,"href":"http:\/\/www.logbullet.com\/fi\/wp-json\/wp\/v2\/pages\/205"}],"wp:attachment":[{"href":"http:\/\/www.logbullet.com\/fi\/wp-json\/wp\/v2\/media?parent=213"}],"curies":[{"name":"wp","href":"https:\/\/api.w.org\/{rel}","templated":true}]}}