{"id":217,"date":"2017-08-17T12:13:51","date_gmt":"2017-08-17T12:13:51","guid":{"rendered":"http:\/\/www.logbullet.com\/fi\/?page_id=217"},"modified":"2017-08-21T07:45:21","modified_gmt":"2017-08-21T07:45:21","slug":"pienmetsakoneen-taloudellinen-vaikutus","status":"publish","type":"page","link":"http:\/\/www.logbullet.com\/fi\/metsanhoito-pienmetsakoneella\/pienmetsakoneen-taloudellinen-vaikutus\/","title":{"rendered":"Pienmets\u00e4koneen taloudellinen kannattavuus"},"content":{"rendered":"<p>Jokaiselle asiakkaalle sopivan eurom\u00e4\u00e4r\u00e4isen tuottavuuden laskeminen on tuntematta asiakkaan tilannetta tarkasti on mahdotonta. Pienen mets\u00e4koneen antama tuotto syntyy monesta paikasta, pelk\u00e4n ensiharvennuksen ajon tehostumisen laskenta j\u00e4tt\u00e4\u00e4 varsinaiset tuotot piiloon.<\/p>\n<p><a href=\"http:\/\/www.logbullet.com\/fi\/wp-content\/uploads\/2017\/08\/pieniuudistushakkuu.jpg\"><img loading=\"lazy\" decoding=\"async\" class=\"alignnone size-large wp-image-389\" src=\"http:\/\/www.logbullet.com\/fi\/wp-content\/uploads\/2017\/08\/pieniuudistushakkuu-1024x597.jpg\" alt=\"\" width=\"474\" height=\"276\" srcset=\"http:\/\/www.logbullet.com\/fi\/wp-content\/uploads\/2017\/08\/pieniuudistushakkuu-1024x597.jpg 1024w, http:\/\/www.logbullet.com\/fi\/wp-content\/uploads\/2017\/08\/pieniuudistushakkuu-300x175.jpg 300w, http:\/\/www.logbullet.com\/fi\/wp-content\/uploads\/2017\/08\/pieniuudistushakkuu-768x448.jpg 768w, http:\/\/www.logbullet.com\/fi\/wp-content\/uploads\/2017\/08\/pieniuudistushakkuu.jpg 1200w\" sizes=\"auto, (max-width: 474px) 100vw, 474px\" \/><\/a><\/p>\n<p>Pienmets\u00e4koneen suurin tuotto syntyy toiminnan tukiessa ja tehostaessa tukkipuun kasvatusta:<\/p>\n<ul>\n<li>Mets\u00e4t uudistetaan tehokkaasti tuomalla taimet istutuspaikkojen l\u00e4helle. Taimilaatikoiden kantaminen ei edist\u00e4 puiden kasvua.<\/li>\n<li>Taimikot tulevat hoidettua raivaussahalla kun aika ja energia ei kulu kohteelle siirtymiseen<\/li>\n<li>Ensiharvennukset hoidetaan mets\u00e4n ehdoilla odottamatta suuria yhten\u00e4isi\u00e4 leimikoita. My\u00f6s pienet kuviot\u00a0 hoidetaan aikataulussa.<\/li>\n<li>Ensiharvennuksella ei kaadeta tulevia tukkirunkoja vaan mets\u00e4 kasvatetaan t\u00e4yten\u00e4 toiseen harvennukseen<\/li>\n<li>Ensiharvennuksella j\u00e4tet\u00e4\u00e4n mets\u00e4\u00e4n kasvamaan parhaimmat kasvatettaat puut tasaisin v\u00e4limatkoin.<\/li>\n<li>Metsien lannoitukset hoidetaan jokaisella kuviolla oikeaan aikaan. Ei odotella suurempia yhten\u00e4isi\u00e4 alueita vaan hoidetaan hommat heti<\/li>\n<li>Toisella harvennuksella saadaan runsas tukkisato mets\u00e4koneen kaataessa hyv\u00e4laatuisia runkoja ajourilta<\/li>\n<li>Uudistushakkuu tulee aktiivisen mets\u00e4nhoidon takia vuosia aikaisemmin ja kaadettava puusto on hyv\u00e4 laatuista<\/li>\n<\/ul>\n<p>Kokonaisuudessa pienen mets\u00e4koneen tuotto syntyy mets\u00e4nhoidon tehostumisesta. N\u00e4kyvin tuotto syntyy ensiharvennuksilla puita ajettaessa, mutta t\u00e4m\u00e4 tuotto on vain pieni osa varsinaisesta taloudellisesta tuotosta.<\/p>\n<p><a href=\"http:\/\/www.logbullet.com\/fi\/wp-content\/uploads\/2017\/08\/puupinot.jpg\"><img loading=\"lazy\" decoding=\"async\" class=\"alignnone size-large wp-image-271\" src=\"http:\/\/www.logbullet.com\/fi\/wp-content\/uploads\/2017\/08\/puupinot-1024x683.jpg\" alt=\"\" width=\"474\" height=\"316\" srcset=\"http:\/\/www.logbullet.com\/fi\/wp-content\/uploads\/2017\/08\/puupinot-1024x683.jpg 1024w, http:\/\/www.logbullet.com\/fi\/wp-content\/uploads\/2017\/08\/puupinot-300x200.jpg 300w, http:\/\/www.logbullet.com\/fi\/wp-content\/uploads\/2017\/08\/puupinot-768x512.jpg 768w, http:\/\/www.logbullet.com\/fi\/wp-content\/uploads\/2017\/08\/puupinot.jpg 1200w\" sizes=\"auto, (max-width: 474px) 100vw, 474px\" \/><\/a><\/p>\n<p>Saat tehty\u00e4 samassa ajassa paljon enemm\u00e4n mets\u00e4nkasvua edist\u00e4vi\u00e4 t\u00f6it\u00e4 kun et tuhlaa aikaasi mets\u00e4n kannalta turhaan kantamiseen ja siirtyilemiseen. Tehokkaalla koneella ty\u00f6 on mukavampi tehd\u00e4 ja sujuu joutuisammin.<\/p>\n<p>Tukkeja voidaan k\u00e4yd\u00e4\u00e4n noutamassa my\u00f6s taimikoiden p\u00e4\u00e4lt\u00e4 sek\u00e4 jatkuvaan kasvatukseen sopivista kohteista. Molemmista kohteista saa tuotua tukit tienlaitaan pinoihin pienell\u00e4 mets\u00e4koneella tuhoamatta kasvatettavaa mets\u00e4\u00e4.<\/p>\n<p><a href=\"http:\/\/www.logbullet.com\/fi\/wp-content\/uploads\/2017\/08\/kuusenkovakasvu.jpg\"><img loading=\"lazy\" decoding=\"async\" class=\"alignnone size-large wp-image-304\" src=\"http:\/\/www.logbullet.com\/fi\/wp-content\/uploads\/2017\/08\/kuusenkovakasvu-1024x683.jpg\" alt=\"\" width=\"474\" height=\"316\" srcset=\"http:\/\/www.logbullet.com\/fi\/wp-content\/uploads\/2017\/08\/kuusenkovakasvu-1024x683.jpg 1024w, http:\/\/www.logbullet.com\/fi\/wp-content\/uploads\/2017\/08\/kuusenkovakasvu-300x200.jpg 300w, http:\/\/www.logbullet.com\/fi\/wp-content\/uploads\/2017\/08\/kuusenkovakasvu-768x512.jpg 768w, http:\/\/www.logbullet.com\/fi\/wp-content\/uploads\/2017\/08\/kuusenkovakasvu.jpg 1200w\" sizes=\"auto, (max-width: 474px) 100vw, 474px\" \/><\/a><\/p>\n<p>Talousmets\u00e4nkasvatuksessa aika on rahaa. Uudistamalla mets\u00e4t nopeasti ja pit\u00e4m\u00e4ll\u00e4 mets\u00e4t jatkuvasti hyv\u00e4ss\u00e4 kasvussa saavutetaan hyv\u00e4 taloudellinen tulos.<\/p>\n<p>Oma pienmets\u00e4kone helpottaa mets\u00e4nkasvatusta.\u00a0 Hoitotoimet ja hakkuut tulevat hoidettua\u00a0 ajoissa ja mets\u00e4pysyy kovassa kasvussa.<\/p>\n","protected":false},"excerpt":{"rendered":"<p>Jokaiselle asiakkaalle sopivan eurom\u00e4\u00e4r\u00e4isen tuottavuuden laskeminen on tuntematta asiakkaan tilannetta tarkasti on mahdotonta. Pienen mets\u00e4koneen antama tuotto syntyy monesta paikasta, pelk\u00e4n ensiharvennuksen ajon tehostumisen laskenta j\u00e4tt\u00e4\u00e4 varsinaiset tuotot piiloon. Pienmets\u00e4koneen &#8230;<\/p>\n","protected":false},"author":1,"featured_media":259,"parent":205,"menu_order":13,"comment_status":"closed","ping_status":"closed","template":"","meta":{"footnotes":""},"class_list":["post-217","page","type-page","status-publish","has-post-thumbnail","hentry"],"_links":{"self":[{"href":"http:\/\/www.logbullet.com\/fi\/wp-json\/wp\/v2\/pages\/217","targetHints":{"allow":["GET"]}}],"collection":[{"href":"http:\/\/www.logbullet.com\/fi\/wp-json\/wp\/v2\/pages"}],"about":[{"href":"http:\/\/www.logbullet.com\/fi\/wp-json\/wp\/v2\/types\/page"}],"author":[{"embeddable":true,"href":"http:\/\/www.logbullet.com\/fi\/wp-json\/wp\/v2\/users\/1"}],"replies":[{"embeddable":true,"href":"http:\/\/www.logbullet.com\/fi\/wp-json\/wp\/v2\/comments?post=217"}],"version-history":[{"count":12,"href":"http:\/\/www.logbullet.com\/fi\/wp-json\/wp\/v2\/pages\/217\/revisions"}],"predecessor-version":[{"id":390,"href":"http:\/\/www.logbullet.com\/fi\/wp-json\/wp\/v2\/pages\/217\/revisions\/390"}],"up":[{"embeddable":true,"href":"http:\/\/www.logbullet.com\/fi\/wp-json\/wp\/v2\/pages\/205"}],"wp:featuredmedia":[{"embeddable":true,"href":"http:\/\/www.logbullet.com\/fi\/wp-json\/wp\/v2\/media\/259"}],"wp:attachment":[{"href":"http:\/\/www.logbullet.com\/fi\/wp-json\/wp\/v2\/media?parent=217"}],"curies":[{"name":"wp","href":"https:\/\/api.w.org\/{rel}","templated":true}]}}