{"id":221,"date":"2017-08-17T12:17:02","date_gmt":"2017-08-17T12:17:02","guid":{"rendered":"http:\/\/www.logbullet.com\/fi\/?page_id=221"},"modified":"2017-08-21T07:50:31","modified_gmt":"2017-08-21T07:50:31","slug":"taimien-kuljettaminen-istutuskohteelle","status":"publish","type":"page","link":"http:\/\/www.logbullet.com\/fi\/metsanhoito-pienmetsakoneella\/taimien-kuljettaminen-istutuskohteelle\/","title":{"rendered":"Taimien kuljettaminen istutuskohteelle"},"content":{"rendered":"<p>Taimien istuttaminen pottiputkella on nopeaa puuha kunhan taimet on saatu istutuspaikan l\u00e4helle. Taimilaatikoiden j\u00e4\u00e4dess\u00e4 uudistusalalta kauemmaksi, kuluu ty\u00f6aika istutuksen sijasta taimilaatikoiden kantamiseen. <a href=\"http:\/\/www.logbullet.com\/fi\/wp-content\/uploads\/2017\/08\/taimilaatikko.jpg\"><img loading=\"lazy\" decoding=\"async\" class=\"alignnone size-large wp-image-299\" src=\"http:\/\/www.logbullet.com\/fi\/wp-content\/uploads\/2017\/08\/taimilaatikko-1024x597.jpg\" alt=\"\" width=\"474\" height=\"276\" srcset=\"http:\/\/www.logbullet.com\/fi\/wp-content\/uploads\/2017\/08\/taimilaatikko-1024x597.jpg 1024w, http:\/\/www.logbullet.com\/fi\/wp-content\/uploads\/2017\/08\/taimilaatikko-300x175.jpg 300w, http:\/\/www.logbullet.com\/fi\/wp-content\/uploads\/2017\/08\/taimilaatikko-768x448.jpg 768w, http:\/\/www.logbullet.com\/fi\/wp-content\/uploads\/2017\/08\/taimilaatikko.jpg 1200w\" sizes=\"auto, (max-width: 474px) 100vw, 474px\" \/><\/a><\/p>\n<p>Pienell\u00e4 mets\u00e4koneella saa taimilaatikot ja istuttajien ev\u00e4\u00e4t kuljetettua helposti istutuspaikkojen l\u00e4helle. Aika ei kulu hukkaan kantamiseen vaan menee hy\u00f6dyksi istutuksella.<\/p>\n<p>Istuttaminen on mukavampaa puuhaa kuin laatikoiden kantaminen. puuhaa, istutustalkoisiin saa huomattavasti helpommin ihmisi\u00e4 mukaan kun talkoiden p\u00e4\u00e4teht\u00e4v\u00e4 ei ole taimilaatikoiden kantaminen mets\u00e4ss\u00e4 kohti uudistusalaa.<\/p>\n<p><a href=\"http:\/\/www.logbullet.com\/fi\/wp-content\/uploads\/2017\/08\/istutettujakoivuja.jpg\"><img loading=\"lazy\" decoding=\"async\" class=\"alignnone size-large wp-image-279\" src=\"http:\/\/www.logbullet.com\/fi\/wp-content\/uploads\/2017\/08\/istutettujakoivuja-1024x597.jpg\" alt=\"\" width=\"474\" height=\"276\" srcset=\"http:\/\/www.logbullet.com\/fi\/wp-content\/uploads\/2017\/08\/istutettujakoivuja-1024x597.jpg 1024w, http:\/\/www.logbullet.com\/fi\/wp-content\/uploads\/2017\/08\/istutettujakoivuja-300x175.jpg 300w, http:\/\/www.logbullet.com\/fi\/wp-content\/uploads\/2017\/08\/istutettujakoivuja-768x448.jpg 768w, http:\/\/www.logbullet.com\/fi\/wp-content\/uploads\/2017\/08\/istutettujakoivuja.jpg 1200w\" sizes=\"auto, (max-width: 474px) 100vw, 474px\" \/><\/a><\/p>\n<p>Istuttamisen j\u00e4lkeen mets\u00e4 saa j\u00e4\u00e4d\u00e4 muutamaksi vuodeksi rauhassa kasvamaan. Seuraalla sivulla <a href=\"http:\/\/www.logbullet.com\/fi\/metsanhoito-pienmetsakoneella\/metsanhoitotoihin-kulkeminen\/\" target=\"_blank\" rel=\"noopener\">mets\u00e4\u00e4n huristellaan hoitamaan taimikkoa<\/a>.<\/p>\n<p>&nbsp;<\/p>\n","protected":false},"excerpt":{"rendered":"<p>Taimien istuttaminen pottiputkella on nopeaa puuha kunhan taimet on saatu istutuspaikan l\u00e4helle. Taimilaatikoiden j\u00e4\u00e4dess\u00e4 uudistusalalta kauemmaksi, kuluu ty\u00f6aika istutuksen sijasta taimilaatikoiden kantamiseen. Pienell\u00e4 mets\u00e4koneella saa taimilaatikot ja istuttajien ev\u00e4\u00e4t kuljetettua &#8230;<\/p>\n","protected":false},"author":1,"featured_media":257,"parent":205,"menu_order":1,"comment_status":"closed","ping_status":"closed","template":"","meta":{"footnotes":""},"class_list":["post-221","page","type-page","status-publish","has-post-thumbnail","hentry"],"_links":{"self":[{"href":"http:\/\/www.logbullet.com\/fi\/wp-json\/wp\/v2\/pages\/221","targetHints":{"allow":["GET"]}}],"collection":[{"href":"http:\/\/www.logbullet.com\/fi\/wp-json\/wp\/v2\/pages"}],"about":[{"href":"http:\/\/www.logbullet.com\/fi\/wp-json\/wp\/v2\/types\/page"}],"author":[{"embeddable":true,"href":"http:\/\/www.logbullet.com\/fi\/wp-json\/wp\/v2\/users\/1"}],"replies":[{"embeddable":true,"href":"http:\/\/www.logbullet.com\/fi\/wp-json\/wp\/v2\/comments?post=221"}],"version-history":[{"count":10,"href":"http:\/\/www.logbullet.com\/fi\/wp-json\/wp\/v2\/pages\/221\/revisions"}],"predecessor-version":[{"id":402,"href":"http:\/\/www.logbullet.com\/fi\/wp-json\/wp\/v2\/pages\/221\/revisions\/402"}],"up":[{"embeddable":true,"href":"http:\/\/www.logbullet.com\/fi\/wp-json\/wp\/v2\/pages\/205"}],"wp:featuredmedia":[{"embeddable":true,"href":"http:\/\/www.logbullet.com\/fi\/wp-json\/wp\/v2\/media\/257"}],"wp:attachment":[{"href":"http:\/\/www.logbullet.com\/fi\/wp-json\/wp\/v2\/media?parent=221"}],"curies":[{"name":"wp","href":"https:\/\/api.w.org\/{rel}","templated":true}]}}