{"id":223,"date":"2017-08-17T12:17:22","date_gmt":"2017-08-17T12:17:22","guid":{"rendered":"http:\/\/www.logbullet.com\/fi\/?page_id=223"},"modified":"2017-08-21T07:51:36","modified_gmt":"2017-08-21T07:51:36","slug":"metsanhoitotoihin-kulkeminen","status":"publish","type":"page","link":"http:\/\/www.logbullet.com\/fi\/metsanhoito-pienmetsakoneella\/metsanhoitotoihin-kulkeminen\/","title":{"rendered":"Mets\u00e4nhoitot\u00f6ihin kulkeminen"},"content":{"rendered":"<p>Minulla kuluu kes\u00e4ll\u00e4 taimikkoa hoitaessa keskim\u00e4\u00e4rin litra vett\u00e4 per tunti. Lis\u00e4ksi raivaussahani kuluttaa joitakin litroja bensaa ja otan mets\u00e4\u00e4n mukaan varater\u00e4n ja muita tarpeellisia v\u00e4lineit\u00e4.<\/p>\n<p><a href=\"http:\/\/www.logbullet.com\/fi\/wp-content\/uploads\/2017\/08\/raivaussahatmets\u00e4ss\u00e4.jpg\"><img loading=\"lazy\" decoding=\"async\" class=\"alignnone size-large wp-image-266\" src=\"http:\/\/www.logbullet.com\/fi\/wp-content\/uploads\/2017\/08\/raivaussahatmets\u00e4ss\u00e4-1024x683.jpg\" alt=\"\" width=\"474\" height=\"316\" srcset=\"http:\/\/www.logbullet.com\/fi\/wp-content\/uploads\/2017\/08\/raivaussahatmets\u00e4ss\u00e4-1024x683.jpg 1024w, http:\/\/www.logbullet.com\/fi\/wp-content\/uploads\/2017\/08\/raivaussahatmets\u00e4ss\u00e4-300x200.jpg 300w, http:\/\/www.logbullet.com\/fi\/wp-content\/uploads\/2017\/08\/raivaussahatmets\u00e4ss\u00e4-768x512.jpg 768w, http:\/\/www.logbullet.com\/fi\/wp-content\/uploads\/2017\/08\/raivaussahatmets\u00e4ss\u00e4.jpg 1200w\" sizes=\"auto, (max-width: 474px) 100vw, 474px\" \/><\/a><\/p>\n<p>Ilman konetta mets\u00e4\u00e4n l\u00e4htiess\u00e4 laitan raivaussahan liiveihin kiinni, raivaussahan toiseen hankaan ev\u00e4skorin ja toiseen polttoaineen. Ja l\u00e4hden pahimmillaan kilometrin p\u00e4\u00e4h\u00e4n taimikonhoitoon. Pelk\u00e4st\u00e4\u00e4n kohteelle kulkeminen oli kova fyysinen suoritus.<\/p>\n<p>Pienen mets\u00e4koneen kanssa voimat eiv\u00e4t kulu kohteella k\u00e4velless\u00e4 vaan kaiken energia voi kohdistaa mets\u00e4nkasvua parantaviin toimenpiteisiin. Koneella p\u00e4\u00e4see l\u00e4helle ty\u00f6kohdetta pienell\u00e4 vaivalla.<\/p>\n<p><a href=\"http:\/\/www.logbullet.com\/fi\/wp-content\/uploads\/2017\/08\/moottorisaha_MS200_pinonpaalla.jpg\"><img loading=\"lazy\" decoding=\"async\" class=\"alignnone size-large wp-image-321\" src=\"http:\/\/www.logbullet.com\/fi\/wp-content\/uploads\/2017\/08\/moottorisaha_MS200_pinonpaalla-1024x597.jpg\" alt=\"\" width=\"474\" height=\"276\" srcset=\"http:\/\/www.logbullet.com\/fi\/wp-content\/uploads\/2017\/08\/moottorisaha_MS200_pinonpaalla-1024x597.jpg 1024w, http:\/\/www.logbullet.com\/fi\/wp-content\/uploads\/2017\/08\/moottorisaha_MS200_pinonpaalla-300x175.jpg 300w, http:\/\/www.logbullet.com\/fi\/wp-content\/uploads\/2017\/08\/moottorisaha_MS200_pinonpaalla-768x448.jpg 768w, http:\/\/www.logbullet.com\/fi\/wp-content\/uploads\/2017\/08\/moottorisaha_MS200_pinonpaalla.jpg 1200w\" sizes=\"auto, (max-width: 474px) 100vw, 474px\" \/><\/a><\/p>\n<p>Pienelle mets\u00e4koneelle toinen vaihtoehto joko koko tilan kattavan hyv\u00e4n henkik\u00f6autokelpoisen tieverkoston rakentaminen tai maastoauton ostaminen. Kumpikaan ei ole edullinen vaihtoehto.<\/p>\n<p>Seuravalla sivulla k\u00e4sitell\u00e4\u00e4n <a href=\"http:\/\/www.logbullet.com\/fi\/metsanhoito-pienmetsakoneella\/suurien-metsakoneiden-haasteet-ensiharvennuksilla\/\" target=\"_blank\" rel=\"noopener\">suurien mets\u00e4koneiden k\u00e4yt\u00f6n haasteita ensiharvennuksell<\/a>a.<\/p>\n","protected":false},"excerpt":{"rendered":"<p>Minulla kuluu kes\u00e4ll\u00e4 taimikkoa hoitaessa keskim\u00e4\u00e4rin litra vett\u00e4 per tunti. Lis\u00e4ksi raivaussahani kuluttaa joitakin litroja bensaa ja otan mets\u00e4\u00e4n mukaan varater\u00e4n ja muita tarpeellisia v\u00e4lineit\u00e4. Ilman konetta mets\u00e4\u00e4n l\u00e4htiess\u00e4 laitan &#8230;<\/p>\n","protected":false},"author":1,"featured_media":255,"parent":205,"menu_order":2,"comment_status":"closed","ping_status":"closed","template":"","meta":{"footnotes":""},"class_list":["post-223","page","type-page","status-publish","has-post-thumbnail","hentry"],"_links":{"self":[{"href":"http:\/\/www.logbullet.com\/fi\/wp-json\/wp\/v2\/pages\/223","targetHints":{"allow":["GET"]}}],"collection":[{"href":"http:\/\/www.logbullet.com\/fi\/wp-json\/wp\/v2\/pages"}],"about":[{"href":"http:\/\/www.logbullet.com\/fi\/wp-json\/wp\/v2\/types\/page"}],"author":[{"embeddable":true,"href":"http:\/\/www.logbullet.com\/fi\/wp-json\/wp\/v2\/users\/1"}],"replies":[{"embeddable":true,"href":"http:\/\/www.logbullet.com\/fi\/wp-json\/wp\/v2\/comments?post=223"}],"version-history":[{"count":6,"href":"http:\/\/www.logbullet.com\/fi\/wp-json\/wp\/v2\/pages\/223\/revisions"}],"predecessor-version":[{"id":403,"href":"http:\/\/www.logbullet.com\/fi\/wp-json\/wp\/v2\/pages\/223\/revisions\/403"}],"up":[{"embeddable":true,"href":"http:\/\/www.logbullet.com\/fi\/wp-json\/wp\/v2\/pages\/205"}],"wp:featuredmedia":[{"embeddable":true,"href":"http:\/\/www.logbullet.com\/fi\/wp-json\/wp\/v2\/media\/255"}],"wp:attachment":[{"href":"http:\/\/www.logbullet.com\/fi\/wp-json\/wp\/v2\/media?parent=223"}],"curies":[{"name":"wp","href":"https:\/\/api.w.org\/{rel}","templated":true}]}}