{"id":274,"date":"2017-08-18T07:14:52","date_gmt":"2017-08-18T07:14:52","guid":{"rendered":"http:\/\/www.logbullet.com\/fi\/?page_id=274"},"modified":"2017-08-21T08:01:00","modified_gmt":"2017-08-21T08:01:00","slug":"metsan-kulkureittien-kunnossapito","status":"publish","type":"page","link":"http:\/\/www.logbullet.com\/fi\/metsanhoito-pienmetsakoneella\/metsan-kulkureittien-kunnossapito\/","title":{"rendered":"Mets\u00e4n kulkureittien kunnossapito"},"content":{"rendered":"<p>Ihminen uskoo sen mink\u00e4 n\u00e4kee. Mets\u00e4ss\u00e4 parhaimman hoidon saavat kuviot jotka ovat hyvien kulkureittien varrella. Vaikeammin saavutettavat kohteet j\u00e4\u00e4v\u00e4t helposti mets\u00e4nhoidossa taka-alalle.<\/p>\n<p><a href=\"http:\/\/www.logbullet.com\/fi\/wp-content\/uploads\/2017\/08\/Logbullet_kippilava_kahmari.jpg\"><img loading=\"lazy\" decoding=\"async\" class=\"alignnone size-large wp-image-306\" src=\"http:\/\/www.logbullet.com\/fi\/wp-content\/uploads\/2017\/08\/Logbullet_kippilava_kahmari-1024x597.jpg\" alt=\"\" width=\"474\" height=\"276\" srcset=\"http:\/\/www.logbullet.com\/fi\/wp-content\/uploads\/2017\/08\/Logbullet_kippilava_kahmari-1024x597.jpg 1024w, http:\/\/www.logbullet.com\/fi\/wp-content\/uploads\/2017\/08\/Logbullet_kippilava_kahmari-300x175.jpg 300w, http:\/\/www.logbullet.com\/fi\/wp-content\/uploads\/2017\/08\/Logbullet_kippilava_kahmari-768x448.jpg 768w, http:\/\/www.logbullet.com\/fi\/wp-content\/uploads\/2017\/08\/Logbullet_kippilava_kahmari.jpg 1200w\" sizes=\"auto, (max-width: 474px) 100vw, 474px\" \/><\/a><\/p>\n<p>Pienell\u00e4 mets\u00e4koneella on hyv\u00e4 yll\u00e4pit\u00e4\u00e4 tilalla kulkureittej\u00e4 joita pitkin on helppoa ajaa tilan erikulmissa oleville hoitokohteille. Aktiivisesti hoidetut reitit pysyv\u00e4t avoimina my\u00f6s k\u00e4velij\u00f6ille jolloin metsien tarkastus on mukavaa puuhaa.<\/p>\n<p>Mets\u00e4\u00e4n kannattaa muodostaa mets\u00e4teiden ja kokoojaurien verkosto. Mets\u00e4n keskeiselle paikalle on hyv\u00e4 saada oikea mets\u00e4tie jolta tehd\u00e4\u00e4n sopiviin kohtiin kokoojaura lenkkej\u00e4.<\/p>\n<p><iframe loading=\"lazy\" title=\"Logbullet | Tipping body in action with Farma insert buckets\" width=\"800\" height=\"450\" src=\"https:\/\/www.youtube.com\/embed\/bqKyWthHtWM?feature=oembed\" frameborder=\"0\" allow=\"accelerometer; autoplay; clipboard-write; encrypted-media; gyroscope; picture-in-picture; web-share\" referrerpolicy=\"strict-origin-when-cross-origin\" allowfullscreen><\/iframe><\/p>\n<p>Kokoojauralenkkej\u00e4 voidaan tasoittaa kevyesti pienmets\u00e4koneen nosturin avulla. Suurimmat ep\u00e4tasaisuudet saadaan alas kaivamalla ja monttuihin saadaan t\u00e4ytett\u00e4 viereisest\u00e4 luonnosta.<\/p>\n<p>Logbullettiin ja muihin pieniin mets\u00e4koneisiin myyd\u00e4\u00e4n lis\u00e4varusteen\u00e4 hydraulisesti toimivia kippilavoja. Kippilavan avulla mets\u00e4\u00e4n saadaan kuljetettua kiviainesta jolloin mets\u00e4n kulkuverkostosta voidaan tehd\u00e4 miellytt\u00e4v\u00e4 kulkea.<\/p>\n<p><a href=\"http:\/\/www.logbullet.com\/fi\/wp-content\/uploads\/2017\/08\/mets\u00e4kaivinkone.jpg\"><img loading=\"lazy\" decoding=\"async\" class=\"alignnone size-large wp-image-276\" src=\"http:\/\/www.logbullet.com\/fi\/wp-content\/uploads\/2017\/08\/mets\u00e4kaivinkone-1024x597.jpg\" alt=\"\" width=\"474\" height=\"276\" srcset=\"http:\/\/www.logbullet.com\/fi\/wp-content\/uploads\/2017\/08\/mets\u00e4kaivinkone-1024x597.jpg 1024w, http:\/\/www.logbullet.com\/fi\/wp-content\/uploads\/2017\/08\/mets\u00e4kaivinkone-300x175.jpg 300w, http:\/\/www.logbullet.com\/fi\/wp-content\/uploads\/2017\/08\/mets\u00e4kaivinkone-768x448.jpg 768w, http:\/\/www.logbullet.com\/fi\/wp-content\/uploads\/2017\/08\/mets\u00e4kaivinkone.jpg 1200w\" sizes=\"auto, (max-width: 474px) 100vw, 474px\" \/><\/a><\/p>\n<p>Pieniin mets\u00e4koneisiin myyd\u00e4\u00e4n kahmarin lis\u00e4varusteena ajokauhoja. Ajokauhojen avulla saadaan perattua ojia ja pidetty\u00e4 siten mets\u00e4pohjat kuivempana.<\/p>\n<p>Varsinaisiin kaivuut\u00f6ihin kannattaa edelleen hommata paikalle kaivamiseen erikoistunut kaivinkone. Kaivinkoneella saadaan tehty\u00e4 suuremman uudistusalan j\u00e4lkeen m\u00e4t\u00e4stykset ja kaivettua pitk\u00e4t ajolinjat<\/p>\n<p>Seuraavalla sivulla metsien kasvu laitetaan kuntoon <a href=\"http:\/\/www.logbullet.com\/fi\/metsanhoito-pienmetsakoneella\/metsalannoitus\/\">lannoittamalla mets\u00e4t pienell\u00e4 mets\u00e4koneella<\/a>.<\/p>\n<p>&nbsp;<\/p>\n<p>&nbsp;<\/p>\n","protected":false},"excerpt":{"rendered":"<p>Ihminen uskoo sen mink\u00e4 n\u00e4kee. Mets\u00e4ss\u00e4 parhaimman hoidon saavat kuviot jotka ovat hyvien kulkureittien varrella. Vaikeammin saavutettavat kohteet j\u00e4\u00e4v\u00e4t helposti mets\u00e4nhoidossa taka-alalle. Pienell\u00e4 mets\u00e4koneella on hyv\u00e4 yll\u00e4pit\u00e4\u00e4 tilalla kulkureittej\u00e4 joita &#8230;<\/p>\n","protected":false},"author":1,"featured_media":0,"parent":205,"menu_order":10,"comment_status":"closed","ping_status":"closed","template":"","meta":{"footnotes":""},"class_list":["post-274","page","type-page","status-publish","hentry"],"_links":{"self":[{"href":"http:\/\/www.logbullet.com\/fi\/wp-json\/wp\/v2\/pages\/274","targetHints":{"allow":["GET"]}}],"collection":[{"href":"http:\/\/www.logbullet.com\/fi\/wp-json\/wp\/v2\/pages"}],"about":[{"href":"http:\/\/www.logbullet.com\/fi\/wp-json\/wp\/v2\/types\/page"}],"author":[{"embeddable":true,"href":"http:\/\/www.logbullet.com\/fi\/wp-json\/wp\/v2\/users\/1"}],"replies":[{"embeddable":true,"href":"http:\/\/www.logbullet.com\/fi\/wp-json\/wp\/v2\/comments?post=274"}],"version-history":[{"count":6,"href":"http:\/\/www.logbullet.com\/fi\/wp-json\/wp\/v2\/pages\/274\/revisions"}],"predecessor-version":[{"id":412,"href":"http:\/\/www.logbullet.com\/fi\/wp-json\/wp\/v2\/pages\/274\/revisions\/412"}],"up":[{"embeddable":true,"href":"http:\/\/www.logbullet.com\/fi\/wp-json\/wp\/v2\/pages\/205"}],"wp:attachment":[{"href":"http:\/\/www.logbullet.com\/fi\/wp-json\/wp\/v2\/media?parent=274"}],"curies":[{"name":"wp","href":"https:\/\/api.w.org\/{rel}","templated":true}]}}