{"id":340,"date":"2017-08-18T12:14:40","date_gmt":"2017-08-18T12:14:40","guid":{"rendered":"http:\/\/www.logbullet.com\/fi\/?page_id=340"},"modified":"2018-09-14T06:55:25","modified_gmt":"2018-09-14T06:55:25","slug":"saaripuiden-hakkuut-kevyella-kalustolla","status":"publish","type":"page","link":"http:\/\/www.logbullet.com\/fi\/metsanhoito-pienmetsakoneella\/saaripuiden-hakkuut-kevyella-kalustolla\/","title":{"rendered":"Saaripuiden hakkuut kevyell\u00e4 kalustolla"},"content":{"rendered":"<p>Minulla on useampikin potentiaalinen asiakas ajatellut k\u00e4ytt\u00e4\u00e4 Logbullettia saaristohakkuissa. Yksi\u00a0 asiakas on jo k\u00e4ytt\u00e4nyt konetta saaressa veneell\u00e4, kone oli ajamassa rahaa vastaan tonttipuita m\u00f6kkikohteella.<\/p>\n<p>Saarissa olevat puut ovat perinteisesti vaikeimpia kohteita myyd\u00e4. Heikkojen j\u00e4iden takia raskaita mets\u00e4koneita ei voi ajaa joko talvi saaristohakkuille eik\u00e4\u00a0\u00a0 j\u00e4\u00e4t kanna aina edes t\u00e4ysien tukkirekkojen kuormia.<\/p>\n<p><a href=\"http:\/\/www.logbullet.com\/fi\/wp-content\/uploads\/2017\/08\/j\u00e4rvimaisema.jpg\"><img loading=\"lazy\" decoding=\"async\" class=\"alignnone size-large wp-image-393\" src=\"http:\/\/www.logbullet.com\/fi\/wp-content\/uploads\/2017\/08\/j\u00e4rvimaisema-1024x597.jpg\" alt=\"\" width=\"474\" height=\"276\" srcset=\"http:\/\/www.logbullet.com\/fi\/wp-content\/uploads\/2017\/08\/j\u00e4rvimaisema-1024x597.jpg 1024w, http:\/\/www.logbullet.com\/fi\/wp-content\/uploads\/2017\/08\/j\u00e4rvimaisema-300x175.jpg 300w, http:\/\/www.logbullet.com\/fi\/wp-content\/uploads\/2017\/08\/j\u00e4rvimaisema-768x448.jpg 768w, http:\/\/www.logbullet.com\/fi\/wp-content\/uploads\/2017\/08\/j\u00e4rvimaisema.jpg 1200w\" sizes=\"auto, (max-width: 474px) 100vw, 474px\" \/><\/a><\/p>\n<p>Kes\u00e4ll\u00e4 suuria vesist\u00f6j\u00e4, kuten P\u00e4ij\u00e4nne, Puula ja Saimaa kiert\u00e4v\u00e4t hakkuuporukat eiv\u00e4t tule seudulle per\u00e4kk\u00e4isin\u00e4 vuosina. Sen kerran kun ne tulevat paikalle koko saari on tapana hakata kerralla niin kuntoon kuin vain mahdollista. Hakkuita ei voi ajastaa perinteisen taloudellisen kasvatuksen mukaan vaan hakkuut on pakko tehd\u00e4 silloin kun ne ovat mahdollisia.<\/p>\n<p><a href=\"http:\/\/www.logbullet.com\/fi\/wp-content\/uploads\/2017\/08\/roope-saimaa.jpg\"><img loading=\"lazy\" decoding=\"async\" class=\"alignnone size-large wp-image-394\" src=\"http:\/\/www.logbullet.com\/fi\/wp-content\/uploads\/2017\/08\/roope-saimaa-1024x597.jpg\" alt=\"\" width=\"474\" height=\"276\" srcset=\"http:\/\/www.logbullet.com\/fi\/wp-content\/uploads\/2017\/08\/roope-saimaa-1024x597.jpg 1024w, http:\/\/www.logbullet.com\/fi\/wp-content\/uploads\/2017\/08\/roope-saimaa-300x175.jpg 300w, http:\/\/www.logbullet.com\/fi\/wp-content\/uploads\/2017\/08\/roope-saimaa-768x448.jpg 768w, http:\/\/www.logbullet.com\/fi\/wp-content\/uploads\/2017\/08\/roope-saimaa.jpg 1200w\" sizes=\"auto, (max-width: 474px) 100vw, 474px\" \/><\/a><\/p>\n<p>Kevyen mets\u00e4koneen voi vied\u00e4 saareen ohuempienkin j\u00e4iden aikaan tai sitten kes\u00e4ll\u00e4 veneen tai lautan kyydiss\u00e4.\u00a0\u00a0\u00a0\u00a0\u00a0 Pienemm\u00e4t puukertym\u00e4t kuluvat m\u00f6kkil\u00e4isill\u00e4 polttopuuna, suuremmat kulkevat saaresta pois j\u00e4iden aikaan tai sitten lautan avulla vett\u00e4 pitkin.<\/p>\n<p>Pienikokoinen mets\u00e4kone antaa mets\u00e4palveluyritt\u00e4j\u00e4lle etuly\u00f6ntiaseman muihin verrattuna saaristokohteilla.<\/p>\n<p>Mets\u00e4ss\u00e4 on mukava liikkua hyvi\u00e4 polkuja pitkin. Pienell\u00e4 mets\u00e4koneella voi pit\u00e4\u00e4 my\u00f6s <a href=\"http:\/\/www.logbullet.com\/fi\/metsanhoito-pienmetsakoneella\/metsan-kulkureittien-kunnossapito\/\">mets\u00e4n kulku-urastoa kunnossa<\/a>.<\/p>\n","protected":false},"excerpt":{"rendered":"<p>Minulla on useampikin potentiaalinen asiakas ajatellut k\u00e4ytt\u00e4\u00e4 Logbullettia saaristohakkuissa. Yksi\u00a0 asiakas on jo k\u00e4ytt\u00e4nyt konetta saaressa veneell\u00e4, kone oli ajamassa rahaa vastaan tonttipuita m\u00f6kkikohteella. Saarissa olevat puut ovat perinteisesti vaikeimpia &#8230;<\/p>\n","protected":false},"author":1,"featured_media":0,"parent":205,"menu_order":8,"comment_status":"closed","ping_status":"closed","template":"","meta":{"footnotes":""},"class_list":["post-340","page","type-page","status-publish","hentry"],"_links":{"self":[{"href":"http:\/\/www.logbullet.com\/fi\/wp-json\/wp\/v2\/pages\/340","targetHints":{"allow":["GET"]}}],"collection":[{"href":"http:\/\/www.logbullet.com\/fi\/wp-json\/wp\/v2\/pages"}],"about":[{"href":"http:\/\/www.logbullet.com\/fi\/wp-json\/wp\/v2\/types\/page"}],"author":[{"embeddable":true,"href":"http:\/\/www.logbullet.com\/fi\/wp-json\/wp\/v2\/users\/1"}],"replies":[{"embeddable":true,"href":"http:\/\/www.logbullet.com\/fi\/wp-json\/wp\/v2\/comments?post=340"}],"version-history":[{"count":9,"href":"http:\/\/www.logbullet.com\/fi\/wp-json\/wp\/v2\/pages\/340\/revisions"}],"predecessor-version":[{"id":523,"href":"http:\/\/www.logbullet.com\/fi\/wp-json\/wp\/v2\/pages\/340\/revisions\/523"}],"up":[{"embeddable":true,"href":"http:\/\/www.logbullet.com\/fi\/wp-json\/wp\/v2\/pages\/205"}],"wp:attachment":[{"href":"http:\/\/www.logbullet.com\/fi\/wp-json\/wp\/v2\/media?parent=340"}],"curies":[{"name":"wp","href":"https:\/\/api.w.org\/{rel}","templated":true}]}}