{"id":14,"date":"2015-06-02T11:43:23","date_gmt":"2015-06-02T11:43:23","guid":{"rendered":"http:\/\/www.logbullet.com\/fr\/?page_id=14"},"modified":"2018-03-28T10:41:19","modified_gmt":"2018-03-28T10:41:19","slug":"rentabilite","status":"publish","type":"page","link":"http:\/\/www.logbullet.com\/fr\/logbullet\/rentabilite\/","title":{"rendered":"Rentabilit\u00e9"},"content":{"rendered":"<p class=\"western\" lang=\"fr-FR\">Les composants du v\u00e9hicule sont les composants standard des producteurs les plus r\u00e9put\u00e9s. La disponibilit\u00e9 des pi\u00e8ces de rechange est bonne aujourd\u2019hui et le sera \u00e0 l\u2019avenir. Les composants \u00e9quivalents \u00e0 ceux de Logbullet sont utilis\u00e9s dans de nombreux v\u00e9hicules de m\u00eame taille. L\u2019interaction de tels composants et de telles machines a \u00e9t\u00e9 v\u00e9rifi\u00e9e partout dans le monde des centaines de milliers de fois.<\/p>\n<p class=\"western\" lang=\"fr-FR\">Logbullet utilise un syst\u00e8me hydraulique \u00e0 boucle ferm\u00e9e. L\u2019huile hydraulique coule entre la pompe et les commandes sans passer par un r\u00e9servoir hydraulique. Ce proc\u00e9d\u00e9 est plus efficace qu\u2019un syst\u00e8me \u00e0 boucle ouverte, qui produit beaucoup de chaleur gaspill\u00e9e.<\/p>\n<p><a href=\"http:\/\/www.logbullet.com\/fr\/wp-content\/uploads\/2015\/06\/LogbulletTrailerilla.jpg\"><img loading=\"lazy\" decoding=\"async\" class=\"alignnone size-large wp-image-139\" src=\"http:\/\/www.logbullet.com\/fr\/wp-content\/uploads\/2015\/06\/LogbulletTrailerilla-1024x384.jpg\" alt=\"LogbulletTrailerilla\" width=\"474\" height=\"178\" srcset=\"http:\/\/www.logbullet.com\/fr\/wp-content\/uploads\/2015\/06\/LogbulletTrailerilla-1024x384.jpg 1024w, http:\/\/www.logbullet.com\/fr\/wp-content\/uploads\/2015\/06\/LogbulletTrailerilla-300x113.jpg 300w, http:\/\/www.logbullet.com\/fr\/wp-content\/uploads\/2015\/06\/LogbulletTrailerilla.jpg 1200w\" sizes=\"auto, (max-width: 474px) 100vw, 474px\" \/><\/a><\/p>\n<p class=\"western\" lang=\"fr-FR\">Le v\u00e9hicule est l\u00e9ger et d\u2019une taille raisonnable. Il peut \u00eatre transport\u00e9 d\u2019une zone de travail \u00e0 une autre \u00e0 l\u2019aide d\u2019une remorque attach\u00e9e \u00e0 une voiture, et ne n\u00e9cessite pas de remorque porte-voiture sp\u00e9ciale. Le v\u00e9hicule entre dans un garage ordinaire, vous n\u2019avez donc pas besoin de construire d\u2019enceinte prot\u00e9g\u00e9e sp\u00e9ciale.<\/p>\n<p><span lang=\"en-US\">\u00a0<\/span><\/p>\n","protected":false},"excerpt":{"rendered":"<p>Les composants du v\u00e9hicule sont les composants standard des producteurs les plus r\u00e9put\u00e9s. La disponibilit\u00e9 des pi\u00e8ces de rechange est bonne aujourd\u2019hui et le sera \u00e0 l\u2019avenir. Les composants \u00e9quivalents \u00e0 ceux de Logbullet sont utilis\u00e9s dans de nombreux v\u00e9hicules de m\u00eame taille. L\u2019interaction de tels composants et de telles machines a \u00e9t\u00e9 v\u00e9rifi\u00e9e partout &hellip; <a href=\"http:\/\/www.logbullet.com\/fr\/logbullet\/rentabilite\/\" class=\"more-link\">Continuer la lecture de <span class=\"screen-reader-text\">Rentabilit\u00e9<\/span>  <span class=\"meta-nav\">&rarr;<\/span><\/a><\/p>\n","protected":false},"author":1,"featured_media":66,"parent":9,"menu_order":3,"comment_status":"closed","ping_status":"closed","template":"","meta":{"footnotes":""},"class_list":["post-14","page","type-page","status-publish","has-post-thumbnail","hentry"],"_links":{"self":[{"href":"http:\/\/www.logbullet.com\/fr\/wp-json\/wp\/v2\/pages\/14","targetHints":{"allow":["GET"]}}],"collection":[{"href":"http:\/\/www.logbullet.com\/fr\/wp-json\/wp\/v2\/pages"}],"about":[{"href":"http:\/\/www.logbullet.com\/fr\/wp-json\/wp\/v2\/types\/page"}],"author":[{"embeddable":true,"href":"http:\/\/www.logbullet.com\/fr\/wp-json\/wp\/v2\/users\/1"}],"replies":[{"embeddable":true,"href":"http:\/\/www.logbullet.com\/fr\/wp-json\/wp\/v2\/comments?post=14"}],"version-history":[{"count":9,"href":"http:\/\/www.logbullet.com\/fr\/wp-json\/wp\/v2\/pages\/14\/revisions"}],"predecessor-version":[{"id":293,"href":"http:\/\/www.logbullet.com\/fr\/wp-json\/wp\/v2\/pages\/14\/revisions\/293"}],"up":[{"embeddable":true,"href":"http:\/\/www.logbullet.com\/fr\/wp-json\/wp\/v2\/pages\/9"}],"wp:featuredmedia":[{"embeddable":true,"href":"http:\/\/www.logbullet.com\/fr\/wp-json\/wp\/v2\/media\/66"}],"wp:attachment":[{"href":"http:\/\/www.logbullet.com\/fr\/wp-json\/wp\/v2\/media?parent=14"}],"curies":[{"name":"wp","href":"https:\/\/api.w.org\/{rel}","templated":true}]}}