{"id":22,"date":"2015-06-02T11:45:57","date_gmt":"2015-06-02T11:45:57","guid":{"rendered":"http:\/\/www.logbullet.com\/fr\/?page_id=22"},"modified":"2018-03-28T10:45:00","modified_gmt":"2018-03-28T10:45:00","slug":"histoire","status":"publish","type":"page","link":"http:\/\/www.logbullet.com\/fr\/histoire\/","title":{"rendered":"Histoire"},"content":{"rendered":"<p class=\"western\" lang=\"fr-FR\">Logbullet est n\u00e9 de la n\u00e9cessit\u00e9 d\u2019un v\u00e9hicule \u00e0 traction appropri\u00e9 pour se d\u00e9placer dans les bois.<\/p>\n<p class=\"western\" lang=\"fr-FR\">En novembre 2011, j\u2019ai \u00e9crit sur mon blog forestier <a href=\"http:\/\/www.puuntuottaja.com\/\" target=\"_blank\" rel=\"noopener\"><span style=\"color: #000080;\"><u>puuntuottaja.com<\/u><\/span><\/a> un billet sur <a href=\"http:\/\/www.puuntuottaja.com\/kevytta-kuljetuskalustoa-metsatoihin\/\" target=\"_blank\" rel=\"noopener\"><span style=\"color: #000080;\"><u>les v\u00e9hicules \u00e0 traction l\u00e9gers<\/u><\/span><\/a>. Il nous fallait un v\u00e9hicule \u00e0 traction appropri\u00e9 pour se d\u00e9placer dans les bois. Acheter un petit tracteur aurait \u00e9t\u00e9 l\u2019option la plus excitante, mais nous n\u2019en avions pas les moyens. Dans mon billet, j\u2019ai \u00e9crit un petit passage qui a abouti \u00e0 la naissance de Logbullet :<\/p>\n<blockquote class=\"western\" lang=\"fr-FR\"><p>Il m\u2019est difficile de comprendre comment l\u2019achat d\u2019un petit tracteur pourrait \u00eatre v\u00e9ritablement rentable. S\u2019il co\u00fbtait 25 000 euros (TVA comprise), le b\u00e9n\u00e9fice du producteur serait suffisant, et peut-\u00eatre certains clients ach\u00e8teraient cette machine. Les petits v\u00e9hicules sont une option excitante, mais au niveau actuel des prix, il est difficile de justifier le caract\u00e8re raisonnable d\u2019un tel achat.<\/p><\/blockquote>\n<p class=\"western\" lang=\"fr-FR\">J\u2019ai publi\u00e9 ce billet quand j\u2019\u00e9tais encore salari\u00e9 sans aucune intention de devenir entrepreneur. Quatre ans ont s\u00e9par\u00e9 la publication du billet de l\u2019ach\u00e8vement de la machine en 2015.<\/p>\n<p class=\"western\" lang=\"fr-FR\">Au fil des ans, le co\u00fbt du v\u00e9hicule a augment\u00e9 par rapport au co\u00fbt pr\u00e9vu (ainsi que la TVA), et la machine a \u00e9t\u00e9 am\u00e9lior\u00e9e. En outre, plusieurs ann\u00e9es ont pass\u00e9es depuis 2011.<\/p>\n<p class=\"western\" lang=\"fr-FR\">Lors de la conception, j\u2019avais l\u2019esprit ouvert, mon seul objectif \u00e9tant de cr\u00e9er un v\u00e9hicule forestier appropri\u00e9 au transport des bois sur le terrain. La machine aurait pu \u00eatre bien diff\u00e9rente de la version finale. Ayant essay\u00e9 nombre d\u2019alternatives techniques, je suis satisfait du r\u00e9sultat obtenu.<\/p>\n<p class=\"western\" lang=\"fr-FR\">En phase de projet, le v\u00e9hicule n\u2019avait pas encore de nom. Je pense qu\u2019il faut choisir le nom de l\u2019enfant apr\u00e8s sa naissance, quand il est d\u00e9j\u00e0 possible de conna\u00eetre son caract\u00e8re. Nous avons trouv\u00e9 le nom Logbullet avec mon \u00e9pouse lors d\u2019une promenade. En marchant, nous proposions des noms pour le v\u00e9hicule, et je v\u00e9rifiais \u00e0 l\u2019aide de mon portable si les noms de domaine avec l\u2019extension .com des noms propos\u00e9s \u00e9taient libres.<\/p>\n<p class=\"western\" lang=\"fr-FR\">Logbullet doit son nom \u00e0 une plaisanterie. Ma femme a propos\u00e9 d\u2019appeler la machine \u00ab Logmullet \u00bb (an anglais : grume + coupe \u00ab\u00a0nuque longue\u00a0\u00bb, qui apr\u00e8s la traduction vers le finnois forment un ensemble dr\u00f4le.) Certes, ce nom ne convenait pas, mais il a ouvert la voie \u00e0 la naissance du nom \u00ab\u00a0Logbullet\u00a0\u00bb (en anglais : grume + balle). Heureusement, le nom de domaine Logbullet.com \u00e9tait encore libre, et la recherche sur Google n\u2019a trouv\u00e9 aucun produit au monde appel\u00e9 \u00ab\u00a0Logbullet\u00a0\u00bb. J\u2019ai dit \u00e0 mon \u00e9pouse que le nom du v\u00e9hicule avait \u00e9t\u00e9 trouv\u00e9.<\/p>\n<p class=\"western\" lang=\"fr-FR\">L\u2019histoire de Logbullet continuera sans doute \u00e0 l\u2019avenir dans les bois de tous les propri\u00e9taires forestiers dynamiques. Nous esp\u00e9rons que la machine sera utile et fera \u00e9galement plaisir \u00e0 tous les autres.<\/p>\n","protected":false},"excerpt":{"rendered":"<p>Logbullet est n\u00e9 de la n\u00e9cessit\u00e9 d\u2019un v\u00e9hicule \u00e0 traction appropri\u00e9 pour se d\u00e9placer dans les bois. En novembre 2011, j\u2019ai \u00e9crit sur mon blog forestier puuntuottaja.com un billet sur les v\u00e9hicules \u00e0 traction l\u00e9gers. Il nous fallait un v\u00e9hicule \u00e0 traction appropri\u00e9 pour se d\u00e9placer dans les bois. Acheter un petit tracteur aurait \u00e9t\u00e9 &hellip; <a href=\"http:\/\/www.logbullet.com\/fr\/histoire\/\" class=\"more-link\">Continuer la lecture de <span class=\"screen-reader-text\">Histoire<\/span>  <span class=\"meta-nav\">&rarr;<\/span><\/a><\/p>\n","protected":false},"author":1,"featured_media":69,"parent":0,"menu_order":5,"comment_status":"closed","ping_status":"closed","template":"","meta":{"footnotes":""},"class_list":["post-22","page","type-page","status-publish","has-post-thumbnail","hentry"],"_links":{"self":[{"href":"http:\/\/www.logbullet.com\/fr\/wp-json\/wp\/v2\/pages\/22","targetHints":{"allow":["GET"]}}],"collection":[{"href":"http:\/\/www.logbullet.com\/fr\/wp-json\/wp\/v2\/pages"}],"about":[{"href":"http:\/\/www.logbullet.com\/fr\/wp-json\/wp\/v2\/types\/page"}],"author":[{"embeddable":true,"href":"http:\/\/www.logbullet.com\/fr\/wp-json\/wp\/v2\/users\/1"}],"replies":[{"embeddable":true,"href":"http:\/\/www.logbullet.com\/fr\/wp-json\/wp\/v2\/comments?post=22"}],"version-history":[{"count":7,"href":"http:\/\/www.logbullet.com\/fr\/wp-json\/wp\/v2\/pages\/22\/revisions"}],"predecessor-version":[{"id":296,"href":"http:\/\/www.logbullet.com\/fr\/wp-json\/wp\/v2\/pages\/22\/revisions\/296"}],"wp:featuredmedia":[{"embeddable":true,"href":"http:\/\/www.logbullet.com\/fr\/wp-json\/wp\/v2\/media\/69"}],"wp:attachment":[{"href":"http:\/\/www.logbullet.com\/fr\/wp-json\/wp\/v2\/media?parent=22"}],"curies":[{"name":"wp","href":"https:\/\/api.w.org\/{rel}","templated":true}]}}