{"id":5,"date":"2015-06-02T11:31:17","date_gmt":"2015-06-02T11:31:17","guid":{"rendered":"http:\/\/www.logbullet.com\/fr\/?page_id=5"},"modified":"2018-03-28T10:39:30","modified_gmt":"2018-03-28T10:39:30","slug":"concu-pour-les-bois","status":"publish","type":"page","link":"http:\/\/www.logbullet.com\/fr\/logbullet\/concu-pour-les-bois\/","title":{"rendered":"Con\u00e7u pour les bois"},"content":{"rendered":"<p class=\"western\" lang=\"fr-FR\">Le point de d\u00e9part de la conception de Logbullet est sa capacit\u00e9 de franchissement des for\u00eats. Cette machine n\u2019est pas construite pour rouler uniquement sur les routes. Elle se sent \u00e0 l\u2019aise sur les routes foresti\u00e8res et dans les bois. Logbullet peut ais\u00e9ment avancer aussi bien que reculer.<\/p>\n<p class=\"western\" lang=\"fr-FR\">Logbullet est destin\u00e9 \u00e0 transporter le bois papetier et le bois de chauffage, mais la grue peut \u00e9galement soulever des grumes. Pour transporter des grumes plus longues, il est possible d\u2019allonger la partie tract\u00e9e du v\u00e9hicule \u00e0 l\u2019aide d\u2019une extension qui est propos\u00e9e parmi les \u00e9quipements suppl\u00e9mentaires.<\/p>\n<p class=\"western\" lang=\"fr-FR\">La cabine et le chariot de Logbullet peuvent \u00eatre pivot\u00e9s librement et de mani\u00e8re autonome. Le pivotement libre est important pour des raisons de s\u00e9curit\u00e9. Si le chariot bascule, cela n\u2019entra\u00eene pas le renversement de la cabine. Lors du chargement, le chariot reste en position fixe gr\u00e2ce aux supports qui se trouvent sur les c\u00f4t\u00e9s.<\/p>\n<p class=\"western\" lang=\"fr-FR\">Logbullet est assez compact pour passer entre les arbres dans les bois. Par exemple, il ne n\u00e9cessite pas de routes sp\u00e9ciales pour le d\u00e9bardage du chablis ou pour la fertilisation foresti\u00e8re. Il para\u00eet absurde d\u2019abattre les arbres restants apr\u00e8s le d\u00e9bardage du chablis pour lib\u00e9rer la voie.<\/p>\n<p class=\"western\" lang=\"fr-FR\">La garde au sol de Logbullet est de 40 cm. La garde au sol n\u2019est pas qu\u2019une zone tr\u00e8s limit\u00e9e dans la partie centrale du v\u00e9hicule, mais une zone aussi large que possible pour faciliter les d\u00e9placements entre les pierres et les souches.<\/p>\n","protected":false},"excerpt":{"rendered":"<p>Le point de d\u00e9part de la conception de Logbullet est sa capacit\u00e9 de franchissement des for\u00eats. Cette machine n\u2019est pas construite pour rouler uniquement sur les routes. Elle se sent \u00e0 l\u2019aise sur les routes foresti\u00e8res et dans les bois. Logbullet peut ais\u00e9ment avancer aussi bien que reculer. Logbullet est destin\u00e9 \u00e0 transporter le bois &hellip; <a href=\"http:\/\/www.logbullet.com\/fr\/logbullet\/concu-pour-les-bois\/\" class=\"more-link\">Continuer la lecture de <span class=\"screen-reader-text\">Con\u00e7u pour les bois<\/span>  <span class=\"meta-nav\">&rarr;<\/span><\/a><\/p>\n","protected":false},"author":1,"featured_media":179,"parent":9,"menu_order":1,"comment_status":"closed","ping_status":"closed","template":"","meta":{"footnotes":""},"class_list":["post-5","page","type-page","status-publish","has-post-thumbnail","hentry"],"_links":{"self":[{"href":"http:\/\/www.logbullet.com\/fr\/wp-json\/wp\/v2\/pages\/5","targetHints":{"allow":["GET"]}}],"collection":[{"href":"http:\/\/www.logbullet.com\/fr\/wp-json\/wp\/v2\/pages"}],"about":[{"href":"http:\/\/www.logbullet.com\/fr\/wp-json\/wp\/v2\/types\/page"}],"author":[{"embeddable":true,"href":"http:\/\/www.logbullet.com\/fr\/wp-json\/wp\/v2\/users\/1"}],"replies":[{"embeddable":true,"href":"http:\/\/www.logbullet.com\/fr\/wp-json\/wp\/v2\/comments?post=5"}],"version-history":[{"count":8,"href":"http:\/\/www.logbullet.com\/fr\/wp-json\/wp\/v2\/pages\/5\/revisions"}],"predecessor-version":[{"id":291,"href":"http:\/\/www.logbullet.com\/fr\/wp-json\/wp\/v2\/pages\/5\/revisions\/291"}],"up":[{"embeddable":true,"href":"http:\/\/www.logbullet.com\/fr\/wp-json\/wp\/v2\/pages\/9"}],"wp:featuredmedia":[{"embeddable":true,"href":"http:\/\/www.logbullet.com\/fr\/wp-json\/wp\/v2\/media\/179"}],"wp:attachment":[{"href":"http:\/\/www.logbullet.com\/fr\/wp-json\/wp\/v2\/media?parent=5"}],"curies":[{"name":"wp","href":"https:\/\/api.w.org\/{rel}","templated":true}]}}