{"id":9,"date":"2015-06-02T11:38:39","date_gmt":"2015-06-02T11:38:39","guid":{"rendered":"http:\/\/www.logbullet.com\/fr\/?page_id=9"},"modified":"2022-05-20T10:09:19","modified_gmt":"2022-05-20T10:09:19","slug":"logbullet","status":"publish","type":"page","link":"http:\/\/www.logbullet.com\/fr\/","title":{"rendered":"Logbullet"},"content":{"rendered":"<p class=\"western\" lang=\"fr-FR\">Logbullet convient parfaitement aussi bien pour d\u00e9barder le chablis que pour transporter le bois de chauffage vers le bord de la route. Logbullet peut \u00e9galement servir \u00e0 acheminer les v\u00e9g\u00e9taux \u00e0 planter vers les bois, les engrais vers les espaces \u00e0 fertiliser et la d\u00e9broussailleuse vers la jeune for\u00eat \u00e0 am\u00e9nager. Logbullet est un petit tracteur grumier pour les propri\u00e9taires forestiers, pour les gestionnaires des parcs municipaux et pour les fournisseurs des services forestiers.<\/p>\n<p class=\"western\" lang=\"fr-FR\">Logbullet est une machine ais\u00e9ment utilisable et techniquement facile, destin\u00e9e \u00e0 \u00eatre utilis\u00e9e dans les bois. Elle ne contient pas d\u2019\u00e9lectronique de pr\u00e9cision et d\u2019autres d\u00e9tails qui pourraient \u00eatre endommag\u00e9s dans les bois.<\/p>\n<p class=\"western\" lang=\"fr-FR\">Logbullet est un v\u00e9hicule tout-terrain de 1,5 m\u00e8tres de largeur et de 5 m\u00e8tres de longueur. Logbullet est suffisamment l\u00e9ger pour \u00eatre transport\u00e9 \u00e0 l\u2019aide d\u2019une remorque attach\u00e9e \u00e0 une camionnette. Pour transporter Logbullet, vous n\u2019avez pas besoin d\u2019une remorque co\u00fbteuse ou d\u2019un camion.<\/p>\n<p class=\"western\" lang=\"fr-FR\">Le prix de Logbullet version 8\u00d78 hors TVA est de 34 900 euros.\u00a0 Logbullet 8&#215;8\u00a0 sont \u00e9quip\u00e9es d\u2019une grue Farma de 3,8 m\u00e8tres et d\u2019un moteur diesel Kubota.<\/p>\n<p class=\"western\" lang=\"fr-FR\">Les v\u00e9hicules Logbullet sont achemin\u00e9s aux clients partout en Finlande. Nous avons re\u00e7u des retours d\u2019informations, dont nous pr\u00e9sentons un ci-dessous :<\/p>\n<blockquote class=\"western\" lang=\"fr-FR\"><p>La machine se d\u00e9place tr\u00e8s bien sur le terrain : la puissance est suffisante, et il ne reste presqu\u2019aucune trace au sol.<br \/>\nEn r\u00e9sum\u00e9, c\u2019est une tr\u00e8s bonne machine. Elle est bien meilleure qu\u2019un 4\u00d74.<\/p><\/blockquote>\n<p class=\"western\" lang=\"fr-FR\">Pour plus d\u2019informations, contactez le producteur par courriel \u00e0 info(at)logbullet.com ou par t\u00e9l\u00e9phone : +358 40 526 3806 (Pekka Syv\u00e4nen).<\/p>\n<p>Some:<\/p>\n<p><a href=\"https:\/\/www.youtube.com\/c\/logbullet\" target=\"_blank\" rel=\"noopener noreferrer\">Youtube<\/a> (please subscribe)<\/p>\n<p><a href=\"https:\/\/www.facebook.com\/logbullet\/\" target=\"_blank\" rel=\"noopener noreferrer\">Facebook<\/a> (please like)<\/p>\n<p><a href=\"https:\/\/www.instagram.com\/logbullet\/\" target=\"_blank\" rel=\"noopener noreferrer\">Instagram<\/a> (please follow)<\/p>\n<p><a href=\"https:\/\/twitter.com\/logbullet\" target=\"_blank\" rel=\"noopener noreferrer\">Twitter<\/a> (please follow)<\/p>\n","protected":false},"excerpt":{"rendered":"<p>Logbullet convient parfaitement aussi bien pour d\u00e9barder le chablis que pour transporter le bois de chauffage vers le bord de la route. Logbullet peut \u00e9galement servir \u00e0 acheminer les v\u00e9g\u00e9taux \u00e0 planter vers les bois, les engrais vers les espaces \u00e0 fertiliser et la d\u00e9broussailleuse vers la jeune for\u00eat \u00e0 am\u00e9nager. Logbullet est un petit &hellip; <a href=\"http:\/\/www.logbullet.com\/fr\/\" class=\"more-link\">Continuer la lecture de <span class=\"screen-reader-text\">Logbullet<\/span>  <span class=\"meta-nav\">&rarr;<\/span><\/a><\/p>\n","protected":false},"author":1,"featured_media":177,"parent":0,"menu_order":1,"comment_status":"closed","ping_status":"closed","template":"","meta":{"footnotes":""},"class_list":["post-9","page","type-page","status-publish","has-post-thumbnail","hentry"],"_links":{"self":[{"href":"http:\/\/www.logbullet.com\/fr\/wp-json\/wp\/v2\/pages\/9","targetHints":{"allow":["GET"]}}],"collection":[{"href":"http:\/\/www.logbullet.com\/fr\/wp-json\/wp\/v2\/pages"}],"about":[{"href":"http:\/\/www.logbullet.com\/fr\/wp-json\/wp\/v2\/types\/page"}],"author":[{"embeddable":true,"href":"http:\/\/www.logbullet.com\/fr\/wp-json\/wp\/v2\/users\/1"}],"replies":[{"embeddable":true,"href":"http:\/\/www.logbullet.com\/fr\/wp-json\/wp\/v2\/comments?post=9"}],"version-history":[{"count":32,"href":"http:\/\/www.logbullet.com\/fr\/wp-json\/wp\/v2\/pages\/9\/revisions"}],"predecessor-version":[{"id":331,"href":"http:\/\/www.logbullet.com\/fr\/wp-json\/wp\/v2\/pages\/9\/revisions\/331"}],"wp:featuredmedia":[{"embeddable":true,"href":"http:\/\/www.logbullet.com\/fr\/wp-json\/wp\/v2\/media\/177"}],"wp:attachment":[{"href":"http:\/\/www.logbullet.com\/fr\/wp-json\/wp\/v2\/media?parent=9"}],"curies":[{"name":"wp","href":"https:\/\/api.w.org\/{rel}","templated":true}]}}