{"id":11,"date":"2015-06-02T11:41:32","date_gmt":"2015-06-02T11:41:32","guid":{"rendered":"http:\/\/www.logbullet.com\/se\/?page_id=11"},"modified":"2023-03-26T11:16:14","modified_gmt":"2023-03-26T11:16:14","slug":"lattanvand","status":"publish","type":"page","link":"http:\/\/www.logbullet.com\/se\/logbullet\/lattanvand\/","title":{"rendered":"L\u00e4ttanv\u00e4nd"},"content":{"rendered":"<p>Logbullet styrs av handtaget p\u00e5 sidan av b\u00e4nken. Maskinen r\u00f6r sig fram\u00e5t och bak\u00e5t genom att trycka p\u00e5 handtaget genom att dra i handtaget. Vridning sker genom att vrida handtaget p\u00e5 sidan.<\/p>\n<p>Du kan k\u00f6ra Logbullet lika l\u00e4tt som fram\u00e5t \u00e4n bak\u00e5t. Denna funktion \u00e4r viktig i skogen. Maskinen beh\u00f6ver inte v\u00e4ndas runt i tr\u00e5nga utrymmen. Maskinen kan l\u00e4tt springa ut ur skogen l\u00e4ngs samma sp\u00e5r som den har g\u00e5tt.<\/p>\n<p>Logbullet b\u00e4nk v\u00e4nder 180 grader. Kranen kan anv\u00e4ndas bekv\u00e4mt n\u00e4r du sitter i bra position p\u00e5 b\u00e4nken. Du kan flytta maskinen fr\u00e5n lastpunkt till lastpunkt i samma sittposition. L\u00e4tt att anv\u00e4nda lastaren p\u00e5skyndar transporten av stockarna.<\/p>\n","protected":false},"excerpt":{"rendered":"<p>Logbullet styrs av handtaget p\u00e5 sidan av b\u00e4nken. Maskinen r\u00f6r sig fram\u00e5t och bak\u00e5t genom att trycka p\u00e5 handtaget genom att dra i handtaget. Vridning sker genom att vrida handtaget p\u00e5 sidan. Du kan k\u00f6ra Logbullet lika l\u00e4tt som fram\u00e5t \u00e4n bak\u00e5t. Denna funktion \u00e4r viktig i skogen. Maskinen beh\u00f6ver inte v\u00e4ndas runt i tr\u00e5nga &hellip; <a href=\"http:\/\/www.logbullet.com\/se\/logbullet\/lattanvand\/\" class=\"more-link\">Forts\u00e4tt l\u00e4sa <span class=\"screen-reader-text\">L\u00e4ttanv\u00e4nd<\/span> <span class=\"meta-nav\">&rarr;<\/span><\/a><\/p>\n","protected":false},"author":1,"featured_media":65,"parent":9,"menu_order":2,"comment_status":"closed","ping_status":"closed","template":"","meta":{"footnotes":""},"class_list":["post-11","page","type-page","status-publish","has-post-thumbnail","hentry"],"_links":{"self":[{"href":"http:\/\/www.logbullet.com\/se\/wp-json\/wp\/v2\/pages\/11","targetHints":{"allow":["GET"]}}],"collection":[{"href":"http:\/\/www.logbullet.com\/se\/wp-json\/wp\/v2\/pages"}],"about":[{"href":"http:\/\/www.logbullet.com\/se\/wp-json\/wp\/v2\/types\/page"}],"author":[{"embeddable":true,"href":"http:\/\/www.logbullet.com\/se\/wp-json\/wp\/v2\/users\/1"}],"replies":[{"embeddable":true,"href":"http:\/\/www.logbullet.com\/se\/wp-json\/wp\/v2\/comments?post=11"}],"version-history":[{"count":12,"href":"http:\/\/www.logbullet.com\/se\/wp-json\/wp\/v2\/pages\/11\/revisions"}],"predecessor-version":[{"id":419,"href":"http:\/\/www.logbullet.com\/se\/wp-json\/wp\/v2\/pages\/11\/revisions\/419"}],"up":[{"embeddable":true,"href":"http:\/\/www.logbullet.com\/se\/wp-json\/wp\/v2\/pages\/9"}],"wp:featuredmedia":[{"embeddable":true,"href":"http:\/\/www.logbullet.com\/se\/wp-json\/wp\/v2\/media\/65"}],"wp:attachment":[{"href":"http:\/\/www.logbullet.com\/se\/wp-json\/wp\/v2\/media?parent=11"}],"curies":[{"name":"wp","href":"https:\/\/api.w.org\/{rel}","templated":true}]}}