{"id":14,"date":"2015-06-02T11:43:23","date_gmt":"2015-06-02T11:43:23","guid":{"rendered":"http:\/\/www.logbullet.com\/se\/?page_id=14"},"modified":"2023-03-26T11:18:45","modified_gmt":"2023-03-26T11:18:45","slug":"lonsam","status":"publish","type":"page","link":"http:\/\/www.logbullet.com\/se\/logbullet\/lonsam\/","title":{"rendered":"L\u00f6nsam"},"content":{"rendered":"<p>Logbullets hydrauliska och andra komponenter \u00e4r standardkomponenter fr\u00e5n v\u00e4lk\u00e4nda tillverkare. Tillg\u00e5ngen p\u00e5 delar \u00e4r god, nu och i framtiden. Liknande komponenter anv\u00e4nds i ett antal maskiner av samma storlek.<\/p>\n<p>Logbullet-motorn \u00e4r en liten dieselmotor. Att ha en bra dieselmotor h\u00e5ller nere driftskostnaderna. Logbullet anv\u00e4nder hydrostatiskt drivsystem. I hydrostatisk drivning cirkulerar hydraulolja mellan hydraulpump och drivmotorer utan att bes\u00f6ka hydraultanken. Metoden producerar mindre spillv\u00e4rme \u00e4n traditionella \u00f6ppna kretssystem. Du sl\u00f6sar inte energi bara f\u00f6r att v\u00e4rma upp hydrauloljan.<\/p>\n<p><a href=\"http:\/\/www.logbullet.com\/se\/wp-content\/uploads\/2015\/06\/LogbulletTrailerilla.jpg\"><img loading=\"lazy\" decoding=\"async\" class=\"alignnone size-large wp-image-139\" src=\"http:\/\/www.logbullet.com\/se\/wp-content\/uploads\/2015\/06\/LogbulletTrailerilla-1024x384.jpg\" alt=\"LogbulletTrailerilla\" width=\"474\" height=\"178\" srcset=\"http:\/\/www.logbullet.com\/se\/wp-content\/uploads\/2015\/06\/LogbulletTrailerilla-1024x384.jpg 1024w, http:\/\/www.logbullet.com\/se\/wp-content\/uploads\/2015\/06\/LogbulletTrailerilla-300x113.jpg 300w, http:\/\/www.logbullet.com\/se\/wp-content\/uploads\/2015\/06\/LogbulletTrailerilla.jpg 1200w\" sizes=\"auto, (max-width: 474px) 100vw, 474px\" \/><\/a><\/p>\n<p>Logbullet miniskotare \u00e4r l\u00e4tt och lagom stor. Transport av maskinen mellan arbetsplatserna sker med en vanlig flakvagn. Maskinen kan rymma en vanlig bil i garaget, s\u00e5 att maskinen inte beh\u00f6ver bygga en stor maskin f\u00f6r skydd.<\/p>\n","protected":false},"excerpt":{"rendered":"<p>Logbullets hydrauliska och andra komponenter \u00e4r standardkomponenter fr\u00e5n v\u00e4lk\u00e4nda tillverkare. Tillg\u00e5ngen p\u00e5 delar \u00e4r god, nu och i framtiden. Liknande komponenter anv\u00e4nds i ett antal maskiner av samma storlek. Logbullet-motorn \u00e4r en liten dieselmotor. Att ha en bra dieselmotor h\u00e5ller nere driftskostnaderna. Logbullet anv\u00e4nder hydrostatiskt drivsystem. I hydrostatisk drivning cirkulerar hydraulolja mellan hydraulpump och drivmotorer &hellip; <a href=\"http:\/\/www.logbullet.com\/se\/logbullet\/lonsam\/\" class=\"more-link\">Forts\u00e4tt l\u00e4sa <span class=\"screen-reader-text\">L\u00f6nsam<\/span> <span class=\"meta-nav\">&rarr;<\/span><\/a><\/p>\n","protected":false},"author":1,"featured_media":66,"parent":9,"menu_order":3,"comment_status":"closed","ping_status":"closed","template":"","meta":{"footnotes":""},"class_list":["post-14","page","type-page","status-publish","has-post-thumbnail","hentry"],"_links":{"self":[{"href":"http:\/\/www.logbullet.com\/se\/wp-json\/wp\/v2\/pages\/14","targetHints":{"allow":["GET"]}}],"collection":[{"href":"http:\/\/www.logbullet.com\/se\/wp-json\/wp\/v2\/pages"}],"about":[{"href":"http:\/\/www.logbullet.com\/se\/wp-json\/wp\/v2\/types\/page"}],"author":[{"embeddable":true,"href":"http:\/\/www.logbullet.com\/se\/wp-json\/wp\/v2\/users\/1"}],"replies":[{"embeddable":true,"href":"http:\/\/www.logbullet.com\/se\/wp-json\/wp\/v2\/comments?post=14"}],"version-history":[{"count":10,"href":"http:\/\/www.logbullet.com\/se\/wp-json\/wp\/v2\/pages\/14\/revisions"}],"predecessor-version":[{"id":422,"href":"http:\/\/www.logbullet.com\/se\/wp-json\/wp\/v2\/pages\/14\/revisions\/422"}],"up":[{"embeddable":true,"href":"http:\/\/www.logbullet.com\/se\/wp-json\/wp\/v2\/pages\/9"}],"wp:featuredmedia":[{"embeddable":true,"href":"http:\/\/www.logbullet.com\/se\/wp-json\/wp\/v2\/media\/66"}],"wp:attachment":[{"href":"http:\/\/www.logbullet.com\/se\/wp-json\/wp\/v2\/media?parent=14"}],"curies":[{"name":"wp","href":"https:\/\/api.w.org\/{rel}","templated":true}]}}