{"id":26,"date":"2015-06-02T11:47:17","date_gmt":"2015-06-02T11:47:17","guid":{"rendered":"http:\/\/www.logbullet.com\/se\/?page_id=26"},"modified":"2023-03-26T11:23:51","modified_gmt":"2023-03-26T11:23:51","slug":"foretaget-och-grundaren","status":"publish","type":"page","link":"http:\/\/www.logbullet.com\/se\/foretaget-och-grundaren\/","title":{"rendered":"F\u00f6retaget och grundaren"},"content":{"rendered":"<p>Logbullet tillverkas av Porttivuori Oy. Jag, Entrepren\u00f6ren Pekka Syv\u00e4nen, har civilingenj\u00f6rsexamen fr\u00e5n institutionen f\u00f6r maskinteknik. Jag tog examen fr\u00e5n Helsingfors tekniska universitet Institutionen f\u00f6r maskinteknik 2004. Jag var redan innan universitetet avslutade arbetsmaskinsindustrin i olika befattningar.<\/p>\n<p>Trots den formella examen, Logbullet planeringsarbete f\u00f6r mig sj\u00e4lva maskindesignakademin. R\u00f6relsen av maskinen f\u00f6r f\u00f6rsta g\u00e5ngen p\u00e5 egen hand var en av de finaste \u00f6gonblicken i mitt liv. Evenemanget var en riktig examensfest i maskinkonstruktionen.<\/p>\n<p>Jag har bland annat skrivit verk fr\u00e5n 2011 upp till skogen p\u00e5 bloggen puuntuottaja.com i den finska pseudonymen \u201dPaavo Woodproducer\u201d. Jag b\u00f6rjade skriva en blogg anonymt f\u00f6r att forts\u00e4tta jobba och h\u00e5lla p\u00e5 med sj\u00e4lvisolering. Jag fick arbetsl\u00f6n och bara hobbykostnader. \u00c4ntligen, efter fyra \u00e5r av hobby och mitt arbete st\u00f6tt p\u00e5 i form av Logbullet.<\/p>\n<p><a href=\"http:\/\/www.logbullet.com\/se\/wp-content\/uploads\/2015\/06\/Chainsaw_Spruce_FirstThinning.jpg\"><img loading=\"lazy\" decoding=\"async\" class=\"alignnone size-large wp-image-142\" src=\"http:\/\/www.logbullet.com\/se\/wp-content\/uploads\/2015\/06\/Chainsaw_Spruce_FirstThinning-1024x683.jpg\" alt=\"Chainsaw_Spruce_FirstThinning\" width=\"474\" height=\"316\" srcset=\"http:\/\/www.logbullet.com\/se\/wp-content\/uploads\/2015\/06\/Chainsaw_Spruce_FirstThinning-1024x683.jpg 1024w, http:\/\/www.logbullet.com\/se\/wp-content\/uploads\/2015\/06\/Chainsaw_Spruce_FirstThinning-300x200.jpg 300w, http:\/\/www.logbullet.com\/se\/wp-content\/uploads\/2015\/06\/Chainsaw_Spruce_FirstThinning.jpg 1200w\" sizes=\"auto, (max-width: 474px) 100vw, 474px\" \/><\/a><\/p>\n<p>Fr\u00e5n skogens sida har jag avlagt skogsentrepren\u00f6rsexamen och tillh\u00f6rande naturv\u00e5rdskort. Jag har gjort ett aktivt skogsv\u00e5rdsarbete i v\u00e5r egen skogsfastighet.<br \/>\nOch jag kommer att forts\u00e4tta g\u00f6ra skogsarbetet \u00e4nnu effektivare med Logbullet.<\/p>\n","protected":false},"excerpt":{"rendered":"<p>Logbullet tillverkas av Porttivuori Oy. Jag, Entrepren\u00f6ren Pekka Syv\u00e4nen, har civilingenj\u00f6rsexamen fr\u00e5n institutionen f\u00f6r maskinteknik. Jag tog examen fr\u00e5n Helsingfors tekniska universitet Institutionen f\u00f6r maskinteknik 2004. Jag var redan innan universitetet avslutade arbetsmaskinsindustrin i olika befattningar. Trots den formella examen, Logbullet planeringsarbete f\u00f6r mig sj\u00e4lva maskindesignakademin. R\u00f6relsen av maskinen f\u00f6r f\u00f6rsta g\u00e5ngen p\u00e5 egen hand &hellip; <a href=\"http:\/\/www.logbullet.com\/se\/foretaget-och-grundaren\/\" class=\"more-link\">Forts\u00e4tt l\u00e4sa <span class=\"screen-reader-text\">F\u00f6retaget och grundaren<\/span> <span class=\"meta-nav\">&rarr;<\/span><\/a><\/p>\n","protected":false},"author":1,"featured_media":70,"parent":0,"menu_order":6,"comment_status":"closed","ping_status":"closed","template":"","meta":{"footnotes":""},"class_list":["post-26","page","type-page","status-publish","has-post-thumbnail","hentry"],"_links":{"self":[{"href":"http:\/\/www.logbullet.com\/se\/wp-json\/wp\/v2\/pages\/26","targetHints":{"allow":["GET"]}}],"collection":[{"href":"http:\/\/www.logbullet.com\/se\/wp-json\/wp\/v2\/pages"}],"about":[{"href":"http:\/\/www.logbullet.com\/se\/wp-json\/wp\/v2\/types\/page"}],"author":[{"embeddable":true,"href":"http:\/\/www.logbullet.com\/se\/wp-json\/wp\/v2\/users\/1"}],"replies":[{"embeddable":true,"href":"http:\/\/www.logbullet.com\/se\/wp-json\/wp\/v2\/comments?post=26"}],"version-history":[{"count":13,"href":"http:\/\/www.logbullet.com\/se\/wp-json\/wp\/v2\/pages\/26\/revisions"}],"predecessor-version":[{"id":428,"href":"http:\/\/www.logbullet.com\/se\/wp-json\/wp\/v2\/pages\/26\/revisions\/428"}],"wp:featuredmedia":[{"embeddable":true,"href":"http:\/\/www.logbullet.com\/se\/wp-json\/wp\/v2\/media\/70"}],"wp:attachment":[{"href":"http:\/\/www.logbullet.com\/se\/wp-json\/wp\/v2\/media?parent=26"}],"curies":[{"name":"wp","href":"https:\/\/api.w.org\/{rel}","templated":true}]}}