{"id":5,"date":"2015-06-02T11:31:17","date_gmt":"2015-06-02T11:31:17","guid":{"rendered":"http:\/\/www.logbullet.com\/se\/?page_id=5"},"modified":"2023-03-26T11:15:11","modified_gmt":"2023-03-26T11:15:11","slug":"byggd-for-skogen","status":"publish","type":"page","link":"http:\/\/www.logbullet.com\/se\/logbullet\/byggd-for-skogen\/","title":{"rendered":"Byggd f\u00f6r skogen"},"content":{"rendered":"<p>Logbullet \u00e4r hemma p\u00e5 skogsstigar och i skogen och skickar stockar och skogsutrustning. Logbullet g\u00e5r fram\u00e5t och bak\u00e5t med l\u00e4tt joggingtakt.<\/p>\n<p>Logbullet-kran kan lyfta tr\u00e4d i stockstorlek. Maskinens lastutrymme kan forts\u00e4tta f\u00f6r l\u00e4ngre tr\u00e4d som transporterar lastutrymme med den valfria f\u00f6rl\u00e4ngningen.<\/p>\n<p>Logbullet hytt och trailer sv\u00e4nger fritt och oberoende. Free swing \u00e4r en viktig s\u00e4kerhetsfaktor. N\u00e4r vagnen v\u00e4lter av misstag ing\u00e5r inte hyttkrockar. Vid lastning st\u00f6ds trailern av hydrauliskt man\u00f6vrerade st\u00f6dben.<\/p>\n<p>Logbullet \u00e4r tillr\u00e4ckligt smal f\u00f6r att f\u00e4rdas mellan tr\u00e4den i skogen. N\u00e4r du samlar tr\u00e4d som fallit p\u00e5 grund av h\u00e5rd vind beh\u00f6ver du inte hugga ner extra tr\u00e4d. Att klippa extra tr\u00e4d p\u00e5 grund av att samla tr\u00e4d verkar vara en lite absurd aktivitet.<\/p>\n<p>Logbullet markfrig\u00e5ng p\u00e5 40 cm (~1&#8217;4&#8221;). R\u00f6jning \u00e4r inte bara i ett litet omr\u00e5de mitt i maskinen, utan som ett stort omr\u00e5de f\u00f6r att underl\u00e4tta \u00f6verk\u00f6rning av stubbar och sm\u00e5 stenar.<\/p>\n","protected":false},"excerpt":{"rendered":"<p>Logbullet \u00e4r hemma p\u00e5 skogsstigar och i skogen och skickar stockar och skogsutrustning. Logbullet g\u00e5r fram\u00e5t och bak\u00e5t med l\u00e4tt joggingtakt. Logbullet-kran kan lyfta tr\u00e4d i stockstorlek. Maskinens lastutrymme kan forts\u00e4tta f\u00f6r l\u00e4ngre tr\u00e4d som transporterar lastutrymme med den valfria f\u00f6rl\u00e4ngningen. Logbullet hytt och trailer sv\u00e4nger fritt och oberoende. Free swing \u00e4r en viktig s\u00e4kerhetsfaktor. &hellip; <a href=\"http:\/\/www.logbullet.com\/se\/logbullet\/byggd-for-skogen\/\" class=\"more-link\">Forts\u00e4tt l\u00e4sa <span class=\"screen-reader-text\">Byggd f\u00f6r skogen<\/span> <span class=\"meta-nav\">&rarr;<\/span><\/a><\/p>\n","protected":false},"author":1,"featured_media":179,"parent":9,"menu_order":1,"comment_status":"closed","ping_status":"closed","template":"","meta":{"footnotes":""},"class_list":["post-5","page","type-page","status-publish","has-post-thumbnail","hentry"],"_links":{"self":[{"href":"http:\/\/www.logbullet.com\/se\/wp-json\/wp\/v2\/pages\/5","targetHints":{"allow":["GET"]}}],"collection":[{"href":"http:\/\/www.logbullet.com\/se\/wp-json\/wp\/v2\/pages"}],"about":[{"href":"http:\/\/www.logbullet.com\/se\/wp-json\/wp\/v2\/types\/page"}],"author":[{"embeddable":true,"href":"http:\/\/www.logbullet.com\/se\/wp-json\/wp\/v2\/users\/1"}],"replies":[{"embeddable":true,"href":"http:\/\/www.logbullet.com\/se\/wp-json\/wp\/v2\/comments?post=5"}],"version-history":[{"count":9,"href":"http:\/\/www.logbullet.com\/se\/wp-json\/wp\/v2\/pages\/5\/revisions"}],"predecessor-version":[{"id":415,"href":"http:\/\/www.logbullet.com\/se\/wp-json\/wp\/v2\/pages\/5\/revisions\/415"}],"up":[{"embeddable":true,"href":"http:\/\/www.logbullet.com\/se\/wp-json\/wp\/v2\/pages\/9"}],"wp:featuredmedia":[{"embeddable":true,"href":"http:\/\/www.logbullet.com\/se\/wp-json\/wp\/v2\/media\/179"}],"wp:attachment":[{"href":"http:\/\/www.logbullet.com\/se\/wp-json\/wp\/v2\/media?parent=5"}],"curies":[{"name":"wp","href":"https:\/\/api.w.org\/{rel}","templated":true}]}}