{"id":9,"date":"2015-06-02T11:38:39","date_gmt":"2015-06-02T11:38:39","guid":{"rendered":"http:\/\/www.logbullet.com\/se\/?page_id=9"},"modified":"2023-03-26T11:04:44","modified_gmt":"2023-03-26T11:04:44","slug":"logbullet","status":"publish","type":"page","link":"http:\/\/www.logbullet.com\/se\/","title":{"rendered":"Logbullet"},"content":{"rendered":"<p>Logbullet \u00e4r utm\u00e4rkt s\u00e5v\u00e4l f\u00f6r skotning av vindf\u00e4lle som f\u00f6r uttransport av material fr\u00e5n f\u00f6rsta gallring och br\u00e4nnved till v\u00e4gkanten. Logbullet kan t ex anv\u00e4ndas f\u00f6r att transportera plantor till planteringsomr\u00e5den i skogen, g\u00f6dsel till omr\u00e5den som ska g\u00f6dslas eller en r\u00f6js\u00e5g till ungskogen som beh\u00f6ver sk\u00f6tsel. Logbullet \u00e4r en miniskotare f\u00f6r skogs\u00e4gare, parksk\u00f6tare och leverant\u00f6rer av skogsbrukstj\u00e4nster.<\/p>\n<p>Logbullet \u00e4r en l\u00e4ttanv\u00e4nd och tekniskt enkel maskin avsedd f\u00f6r skogsarbete, den har ingen k\u00e4nslig elektronik eller andra s\u00e5dana detaljer som l\u00e4tt kan g\u00e5 s\u00f6nder i skogen.<\/p>\n<p>Logbullet \u00e4r ett 1,5 meter brett och 5 meter l\u00e5ngt fordon med bra terr\u00e4ngkapacitet. Logbullet \u00e4r tillr\u00e4ckligt l\u00e4tt f\u00f6r att transporteras t ex med ett sl\u00e4p kopplat till en paketbil. Logbullet kan transporteras utan n\u00e5gon kostsam trailer eller lastbil.<\/p>\n<p>Logbullet 8\u00d78 \u00e4r f\u00f6rsedda med en 3,8 meters Farma-lyftkran och en Kubota-dieselmotor. Priset p\u00e5 8\u00d78-modellen av Logbullet \u00e4r 34 600 euro utan moms.<\/p>\n<p>Kunder har gett \u00e5terkoppling om anv\u00e4ndningserfarenheten och nedan anges ett utdrag ur en kunds synpunkt:<\/p>\n<blockquote>\n<p lang=\"sv-SE\">Maskinen g\u00e5r utm\u00e4rkt p\u00e5 terr\u00e4ng: effekten r\u00e4cker till och maskinen l\u00e4mnar praktiskt taget inga sp\u00e5r.<br \/>\nSammanfattningsvis \u00e4r det en mycket bra maskin. Den sl\u00e5r l\u00e4tt en ATV.<\/p>\n<\/blockquote>\n<p class=\"western\" lang=\"sv-SE\">Kontakta g\u00e4rna tillverkaren f\u00f6r n\u00e4rmare information eller k\u00f6pinformation p\u00e5 e-post info(at)logbullet.com eller telefon: Pekka Syv\u00e4nen, +358 40 526 3806.<\/p>\n<p>Den h\u00e4r webbplatsen anv\u00e4nder cookies f\u00f6r att ge dig den b\u00e4sta webbupplevelsen. Som n\u00e4stan alla webbplatser g\u00f6r.<\/p>\n<p>Some:<\/p>\n<p><a href=\"https:\/\/www.youtube.com\/c\/logbullet\" target=\"_blank\" rel=\"noopener noreferrer\">Youtube<\/a> (please subscribe)<\/p>\n<p><a href=\"https:\/\/www.facebook.com\/logbullet\/\" target=\"_blank\" rel=\"noopener noreferrer\">Facebook<\/a> (please like)<\/p>\n<p><a href=\"https:\/\/www.instagram.com\/logbullet\/\" target=\"_blank\" rel=\"noopener noreferrer\">Instagram<\/a> (please follow)<\/p>\n","protected":false},"excerpt":{"rendered":"<p>Logbullet \u00e4r utm\u00e4rkt s\u00e5v\u00e4l f\u00f6r skotning av vindf\u00e4lle som f\u00f6r uttransport av material fr\u00e5n f\u00f6rsta gallring och br\u00e4nnved till v\u00e4gkanten. Logbullet kan t ex anv\u00e4ndas f\u00f6r att transportera plantor till planteringsomr\u00e5den i skogen, g\u00f6dsel till omr\u00e5den som ska g\u00f6dslas eller en r\u00f6js\u00e5g till ungskogen som beh\u00f6ver sk\u00f6tsel. Logbullet \u00e4r en miniskotare f\u00f6r skogs\u00e4gare, parksk\u00f6tare och &hellip; <a href=\"http:\/\/www.logbullet.com\/se\/\" class=\"more-link\">Forts\u00e4tt l\u00e4sa <span class=\"screen-reader-text\">Logbullet<\/span> <span class=\"meta-nav\">&rarr;<\/span><\/a><\/p>\n","protected":false},"author":1,"featured_media":177,"parent":0,"menu_order":1,"comment_status":"closed","ping_status":"closed","template":"","meta":{"footnotes":""},"class_list":["post-9","page","type-page","status-publish","has-post-thumbnail","hentry"],"_links":{"self":[{"href":"http:\/\/www.logbullet.com\/se\/wp-json\/wp\/v2\/pages\/9","targetHints":{"allow":["GET"]}}],"collection":[{"href":"http:\/\/www.logbullet.com\/se\/wp-json\/wp\/v2\/pages"}],"about":[{"href":"http:\/\/www.logbullet.com\/se\/wp-json\/wp\/v2\/types\/page"}],"author":[{"embeddable":true,"href":"http:\/\/www.logbullet.com\/se\/wp-json\/wp\/v2\/users\/1"}],"replies":[{"embeddable":true,"href":"http:\/\/www.logbullet.com\/se\/wp-json\/wp\/v2\/comments?post=9"}],"version-history":[{"count":37,"href":"http:\/\/www.logbullet.com\/se\/wp-json\/wp\/v2\/pages\/9\/revisions"}],"predecessor-version":[{"id":408,"href":"http:\/\/www.logbullet.com\/se\/wp-json\/wp\/v2\/pages\/9\/revisions\/408"}],"wp:featuredmedia":[{"embeddable":true,"href":"http:\/\/www.logbullet.com\/se\/wp-json\/wp\/v2\/media\/177"}],"wp:attachment":[{"href":"http:\/\/www.logbullet.com\/se\/wp-json\/wp\/v2\/media?parent=9"}],"curies":[{"name":"wp","href":"https:\/\/api.w.org\/{rel}","templated":true}]}}