{"id":1459,"date":"2024-12-30T12:30:37","date_gmt":"2024-12-30T12:30:37","guid":{"rendered":"https:\/\/www.logbullet.com\/fi\/?page_id=1459"},"modified":"2024-12-30T17:01:16","modified_gmt":"2024-12-30T17:01:16","slug":"original-hd","status":"publish","type":"page","link":"https:\/\/www.logbullet.com\/fi\/original-hd\/","title":{"rendered":"Original HD"},"content":{"rendered":"\n<p>Logbullet Original HD on kevein ja yksinkertaisin Logbullet. Koneella voi noutaa mets\u00e4st\u00e4 tuulenkaadot sek\u00e4 kuljettaa ensi- ja energiaharvennuksilta puutavaraa tienlaitaan.&nbsp; Logbulletilla voi vied\u00e4 mets\u00e4\u00e4n esimerkiksi taimia istutusaloille, mets\u00e4lannoitetta lannoituskohteille tai kuljettaa raivaussahan taimikonhoitokohteille. <\/p>\n\n\n\n<p>Logbullet on helppok\u00e4ytt\u00f6inen sek\u00e4 tekniikaltaan yksinkertainen mets\u00e4k\u00e4ytt\u00f6\u00f6n suunniteltu kone, jossa ei ole k\u00e4ytetty hienoa elektroniikkaa tai muita mets\u00e4k\u00e4yt\u00f6ss\u00e4 helposti vikaantuvia osia. Logbullet on 1.6 metri\u00e4 leve\u00e4 ja 5 metri\u00e4 pitk\u00e4 maastokelpoinen kulkija.\u00a0 Logbullet on riitt\u00e4v\u00e4n kevyt vedett\u00e4v\u00e4ksi esimerkiksi pakettiauton per\u00e4ss\u00e4 olevalla trailerilla kohteelta kohteelle. Logbulletin kuljettaminen ei vaadi kallista lavetti- tai kuorma-autokuljetusta.<\/p>\n\n\n\n<figure class=\"wp-block-image size-large\"><a href=\"http:\/\/www.logbullet.com\/fi\/wp-content\/uploads\/2024\/12\/20240506_152651-scaled.jpg\"><img loading=\"lazy\" decoding=\"async\" width=\"1024\" height=\"462\" src=\"http:\/\/www.logbullet.com\/fi\/wp-content\/uploads\/2024\/12\/20240506_152651-1024x462.jpg\" alt=\"\" class=\"wp-image-1475\" srcset=\"https:\/\/www.logbullet.com\/fi\/wp-content\/uploads\/2024\/12\/20240506_152651-1024x462.jpg 1024w, https:\/\/www.logbullet.com\/fi\/wp-content\/uploads\/2024\/12\/20240506_152651-300x135.jpg 300w, https:\/\/www.logbullet.com\/fi\/wp-content\/uploads\/2024\/12\/20240506_152651-768x346.jpg 768w, https:\/\/www.logbullet.com\/fi\/wp-content\/uploads\/2024\/12\/20240506_152651-1536x692.jpg 1536w, https:\/\/www.logbullet.com\/fi\/wp-content\/uploads\/2024\/12\/20240506_152651-2048x923.jpg 2048w\" sizes=\"auto, (max-width: 1024px) 100vw, 1024px\" \/><\/a><\/figure>\n\n\n\n<p>8\u00d78 mallisen Logbulletin hinta on &nbsp;arvonlis\u00e4verollisena 43 800<em>\u20ac<\/em>&nbsp;(arvonlis\u00e4veroton 34 900 euroa).&nbsp; Logbullet on varustettu Farman 3.8 metrisell\u00e4 nosturilla ja Kubotan diesel-moottorilla. Logbullettiin on saatavilla lis\u00e4varusteita &#8211; k\u00e4y tutustumassa lis\u00e4varusteisiin hintoineen sivulla <a href=\"https:\/\/www.logbullet.com\/fi\/lisavarusteet\/\" target=\"_blank\" rel=\"noreferrer noopener\">lis\u00e4varusteet<\/a><\/p>\n\n\n\n<p>Logbulletteja on toimitettuna asiakkaille ymp\u00e4ri Suomea. Saan v\u00e4lill\u00e4 asiakkailta viestej\u00e4 k\u00e4ytt\u00e4kokemuksista, alla otetta yhdest\u00e4 asiakkaalta tulleesta viestist\u00e4:<\/p>\n\n\n\n<blockquote class=\"wp-block-quote is-layout-flow wp-block-quote-is-layout-flow\">\n<p>Kone kulkee tosi hyvin maastossa: teho riitt\u00e4\u00e4 hyvin ja j\u00e4lki\u00e4 ei j\u00e4\u00e4 k\u00e4yt\u00e4nn\u00f6ss\u00e4 ollenkaan.<br>Kaiken kaikkiaan tosi hyv\u00e4 kone. Pesee m\u00f6nkij\u00e4h\u00e4rp\u00e4kkeet mennen tullen<\/p>\n<\/blockquote>\n\n\n\n<figure class=\"wp-block-image size-large\"><a href=\"http:\/\/www.logbullet.com\/fi\/wp-content\/uploads\/2024\/12\/kansilehti.jpg\"><img loading=\"lazy\" decoding=\"async\" width=\"1024\" height=\"576\" src=\"http:\/\/www.logbullet.com\/fi\/wp-content\/uploads\/2024\/12\/kansilehti-1024x576.jpg\" alt=\"\" class=\"wp-image-1477\" srcset=\"https:\/\/www.logbullet.com\/fi\/wp-content\/uploads\/2024\/12\/kansilehti-1024x576.jpg 1024w, https:\/\/www.logbullet.com\/fi\/wp-content\/uploads\/2024\/12\/kansilehti-300x169.jpg 300w, https:\/\/www.logbullet.com\/fi\/wp-content\/uploads\/2024\/12\/kansilehti-768x432.jpg 768w, https:\/\/www.logbullet.com\/fi\/wp-content\/uploads\/2024\/12\/kansilehti-1536x864.jpg 1536w, https:\/\/www.logbullet.com\/fi\/wp-content\/uploads\/2024\/12\/kansilehti.jpg 1920w\" sizes=\"auto, (max-width: 1024px) 100vw, 1024px\" \/><\/a><\/figure>\n\n\n\n<p>Logbulletin suunnittelun l\u00e4ht\u00f6kohtana on mets\u00e4kelpoisuus. Logbullettia ei tarvitse k\u00e4\u00e4nt\u00e4\u00e4 mets\u00e4ss\u00e4, Logbullet kulkee etu- ja takaperin kevytt\u00e4 h\u00f6lkk\u00e4vauhtia. Logbullet on ajateltu kuitu- ja energiapuun ajoon, mutta Logbulletin nosturi jaksaa nostaa kyytiin my\u00f6s tukkikokoiset puut. Koneen kuormatilaa voi jatkaa pidempi\u00e4 puita kuljetettaessa lis\u00e4varusteena saatavalla kuormatilan jatkeella. Logbulletin maavara on 40cm. Maavara ei ole vain kapealla alueella koneen keskell\u00e4 vaan mahdollisimman laajalla alueella helpottamaan kantojen ja kivien yli ajamista.<\/p>\n\n\n\n<p>Logbulletin ohjaamo ja k\u00e4rry p\u00e4\u00e4sev\u00e4t kallistumaan vapaasti toisistaan riippumatta. Vapaa kallistuminen on t\u00e4rke\u00e4 turvallisuustekij\u00e4. Vaunun kaatuessa ohjaamo ei kaadu mukana. K\u00e4rryosa pysyy lastatessa pystyss\u00e4 koneen sivuilla olevien tukijalkojen avulla.<\/p>\n\n\n\n<p>Logbullet pystyy kulkemaan mets\u00e4ss\u00e4 puuv\u00e4leist\u00e4. Esimerkiksi tuulenkaatoja noudettaessa ja mets\u00e4lannoitusta tehdess\u00e4 Logbullet ei vaadi erillisi\u00e4 ajouria. Tuulenkaatoja noudettaessa viel\u00e4 pystyss\u00e4 olevien puiden kaataminen pois tielt\u00e4 puiden kuljetusta varten tuntuisi hieman j\u00e4rjett\u00f6m\u00e4lt\u00e4 toiminnalta.<\/p>\n\n\n\n<p>Teknisi\u00e4 yleistiedot:<\/p>\n\n\n\n<ul class=\"wp-block-list\">\n<li>Pituus ~ 5 metri\u00e4<\/li>\n\n\n\n<li>Leveys ~1.6 metri\u00e4<\/li>\n\n\n\n<li>Korkeus ~2.16 metri\u00e4<\/li>\n\n\n\n<li>Paino ~ 8\u00d78 HD malli 2000 kg +lis\u00e4varusteet<\/li>\n\n\n\n<li>Ajonopeus ~ 6km\/h<\/li>\n\n\n\n<li>Hy\u00f6tykuorma ~ 2400 kg riippuen maastosta<\/li>\n<\/ul>\n\n\n\n<p>Moottori ja ohjaus:<\/p>\n\n\n\n<ul class=\"wp-block-list\">\n<li>Kubota V1505 diesel (18.2kW\u00a0 eli noin 25hp)<\/li>\n\n\n\n<li>Ohjauskahvalla eteen \/ taakse + k\u00e4\u00e4nn\u00f6t<\/li>\n\n\n\n<li>Portaattomasti s\u00e4\u00e4dett\u00e4v\u00e4 hydrostaattinen voimansiirto<\/li>\n\n\n\n<li>Runko-ohjattu<\/li>\n<\/ul>\n\n\n\n<p>Nosturi:<\/p>\n\n\n\n<ul class=\"wp-block-list\">\n<li>Farma 3.8<\/li>\n\n\n\n<li>Nostoteho 3.8m \/ 475 kg (hy\u00f6tykuorma ~400kg)<\/li>\n<\/ul>\n\n\n\n<p><\/p>\n","protected":false},"excerpt":{"rendered":"<p>Logbullet Original HD on kevein ja yksinkertaisin Logbullet. Koneella voi noutaa mets\u00e4st\u00e4 tuulenkaadot sek\u00e4 kuljettaa ensi- ja energiaharvennuksilta puutavaraa tienlaitaan.&nbsp; Logbulletilla voi vied\u00e4 mets\u00e4\u00e4n esimerkiksi taimia istutusaloille, mets\u00e4lannoitetta lannoituskohteille tai &#8230;<\/p>\n","protected":false},"author":1,"featured_media":173,"parent":0,"menu_order":0,"comment_status":"closed","ping_status":"closed","template":"","meta":{"footnotes":""},"class_list":["post-1459","page","type-page","status-publish","has-post-thumbnail","hentry"],"_links":{"self":[{"href":"https:\/\/www.logbullet.com\/fi\/wp-json\/wp\/v2\/pages\/1459","targetHints":{"allow":["GET"]}}],"collection":[{"href":"https:\/\/www.logbullet.com\/fi\/wp-json\/wp\/v2\/pages"}],"about":[{"href":"https:\/\/www.logbullet.com\/fi\/wp-json\/wp\/v2\/types\/page"}],"author":[{"embeddable":true,"href":"https:\/\/www.logbullet.com\/fi\/wp-json\/wp\/v2\/users\/1"}],"replies":[{"embeddable":true,"href":"https:\/\/www.logbullet.com\/fi\/wp-json\/wp\/v2\/comments?post=1459"}],"version-history":[{"count":3,"href":"https:\/\/www.logbullet.com\/fi\/wp-json\/wp\/v2\/pages\/1459\/revisions"}],"predecessor-version":[{"id":1498,"href":"https:\/\/www.logbullet.com\/fi\/wp-json\/wp\/v2\/pages\/1459\/revisions\/1498"}],"wp:featuredmedia":[{"embeddable":true,"href":"https:\/\/www.logbullet.com\/fi\/wp-json\/wp\/v2\/media\/173"}],"wp:attachment":[{"href":"https:\/\/www.logbullet.com\/fi\/wp-json\/wp\/v2\/media?parent=1459"}],"curies":[{"name":"wp","href":"https:\/\/api.w.org\/{rel}","templated":true}]}}