{"id":576,"date":"2020-11-01T11:33:41","date_gmt":"2020-11-01T11:33:41","guid":{"rendered":"http:\/\/www.logbullet.com\/fi\/?page_id=576"},"modified":"2025-02-09T07:42:18","modified_gmt":"2025-02-09T07:42:18","slug":"megamax","status":"publish","type":"page","link":"https:\/\/www.logbullet.com\/fi\/megamax\/","title":{"rendered":"Megamax"},"content":{"rendered":"\n<figure class=\"wp-block-embed is-type-video is-provider-youtube wp-block-embed-youtube wp-embed-aspect-16-9 wp-has-aspect-ratio\"><div class=\"wp-block-embed__wrapper\">\n<iframe loading=\"lazy\" title=\"Megamax kolmas versio - Ensiesittely mets\u00e4ss\u00e4!\" width=\"800\" height=\"450\" src=\"https:\/\/www.youtube.com\/embed\/fCSzKanpaO0?feature=oembed\" frameborder=\"0\" allow=\"accelerometer; autoplay; clipboard-write; encrypted-media; gyroscope; picture-in-picture; web-share\" referrerpolicy=\"strict-origin-when-cross-origin\" allowfullscreen><\/iframe>\n<\/div><\/figure>\n\n\n\n<p>Megamax on suurin ja voimakkain Logbullet. Megamaxia voi kutsua tehoiltaan pienmets\u00e4koneiden kuninkaaksi yli 55kW moottorinsa takia. Megamax on varustettu ilmastoidulla ohjaamolla ja kuormantuntevalla s\u00e4hk\u00f6isell\u00e4 ohjausj\u00e4rjestelm\u00e4ll\u00e4.<\/p>\n\n\n\n<p>Megamaxin tekniset tiedot:<\/p>\n\n\n\n<ul class=\"wp-block-list\">\n<li>Paino noin 3000 kg<\/li>\n\n\n\n<li>Hy\u00f6tykuorma: 3000 kg <\/li>\n\n\n\n<li>Pituus noin 6 metri\u00e4 <\/li>\n\n\n\n<li>Leveys: 1.9 metri\u00e4 <\/li>\n\n\n\n<li>Korkeus: 2.55 metri\u00e4 <\/li>\n\n\n\n<li>Maavara: Yli 0.4 metri\u00e4 <\/li>\n\n\n\n<li>Renkaat: 31\u00d715.5-15 <\/li>\n<\/ul>\n\n\n\n<p>Moottori ja voimansiirto:<\/p>\n\n\n\n<ul class=\"wp-block-list\">\n<li>DEUTZ TCD 2.2 55.4kW  <\/li>\n\n\n\n<li>Vetomoottorit: 8 x napavetomoottorit <\/li>\n\n\n\n<li>Ajohydrauliikka: 2 x suljetunpiirin veto <\/li>\n\n\n\n<li>K\u00e4sijarru: Napavetomoottoreissa (osassa)<\/li>\n<\/ul>\n\n\n\n<p>Hinta ilman lis\u00e4varusteita (hinnat voivat viel\u00e4 el\u00e4\u00e4):<\/p>\n\n\n\n<ul class=\"wp-block-list\">\n<li>Ajokoneversio: 78 000 \u20ac + alv 25.5% (97&nbsp;890 \u20ac alv:n kanssa)<\/li>\n\n\n\n<li>Combiversio: 98 000 \u20ac + alv 25.5% (122\u00a0990 \u20ac alv:n kanssa)<\/li>\n<\/ul>\n\n\n\n<p>Hakkuukouran valmistaja ja tyyppi ovat viel\u00e4 avoimia kysymyksi\u00e4.<\/p>\n\n\n\n<p>Lis\u00e4varustelista kehittyy ajan my\u00f6t\u00e4 asiakastarpeiden mukaan. Ensin luomme erinomaisen koneen ja sen j\u00e4lkeen r\u00e4\u00e4t\u00e4l\u00f6imme lis\u00e4varusteita vastaamaan asiakkaiden tarpeita.<\/p>\n\n\n\n<p>Ensimm\u00e4isen prototyypin julkaisuvideo ilmestyy lokakuussa 2020 YouTubessa:<\/p>\n\n\n\n<figure class=\"wp-block-embed is-type-video is-provider-youtube wp-block-embed-youtube wp-embed-aspect-16-9 wp-has-aspect-ratio\"><div class=\"wp-block-embed__wrapper\">\n<iframe loading=\"lazy\" title=\"Uusi suurempi Logbullet! Katso esittelyvideo.\" width=\"800\" height=\"450\" src=\"https:\/\/www.youtube.com\/embed\/QGGdhsYlBCE?feature=oembed\" frameborder=\"0\" allow=\"accelerometer; autoplay; clipboard-write; encrypted-media; gyroscope; picture-in-picture; web-share\" referrerpolicy=\"strict-origin-when-cross-origin\" allowfullscreen><\/iframe>\n<\/div><\/figure>\n\n\n\n<p class=\"wp-embed-aspect-16-9 wp-has-aspect-ratio\">Videon kone oli viel\u00e4 t\u00e4ysin prototyyppi. Tekniset ratkaisut, koko ja hinta tulevat varmasti viel\u00e4 el\u00e4m\u00e4\u00e4n ennen myynninaloittamista. <\/p>\n\n\n\n<figure class=\"wp-block-image size-large\"><a href=\"http:\/\/www.logbullet.com\/fi\/wp-content\/uploads\/2023\/07\/DJI_0910-scaled.jpg\"><img loading=\"lazy\" decoding=\"async\" width=\"1024\" height=\"576\" src=\"http:\/\/www.logbullet.com\/fi\/wp-content\/uploads\/2023\/07\/DJI_0910-1024x576.jpg\" alt=\"\" class=\"wp-image-647\" srcset=\"https:\/\/www.logbullet.com\/fi\/wp-content\/uploads\/2023\/07\/DJI_0910-1024x576.jpg 1024w, https:\/\/www.logbullet.com\/fi\/wp-content\/uploads\/2023\/07\/DJI_0910-300x169.jpg 300w, https:\/\/www.logbullet.com\/fi\/wp-content\/uploads\/2023\/07\/DJI_0910-768x432.jpg 768w, https:\/\/www.logbullet.com\/fi\/wp-content\/uploads\/2023\/07\/DJI_0910-1536x864.jpg 1536w, https:\/\/www.logbullet.com\/fi\/wp-content\/uploads\/2023\/07\/DJI_0910-2048x1152.jpg 2048w\" sizes=\"auto, (max-width: 1024px) 100vw, 1024px\" \/><\/a><\/figure>\n\n\n\n<p><\/p>\n\n\n\n<p><\/p>\n\n\n\n<p>P\u00e4ivit\u00e4n t\u00e4t\u00e4 sivua v\u00e4lill\u00e4 tuotekehityksen edetess\u00e4. <\/p>\n","protected":false},"excerpt":{"rendered":"<p>Megamax on suurin ja voimakkain Logbullet. Megamaxia voi kutsua tehoiltaan pienmets\u00e4koneiden kuninkaaksi yli 55kW moottorinsa takia. Megamax on varustettu ilmastoidulla ohjaamolla ja kuormantuntevalla s\u00e4hk\u00f6isell\u00e4 ohjausj\u00e4rjestelm\u00e4ll\u00e4. Megamaxin tekniset tiedot: Moottori ja &#8230;<\/p>\n","protected":false},"author":1,"featured_media":647,"parent":0,"menu_order":0,"comment_status":"closed","ping_status":"closed","template":"","meta":{"footnotes":""},"class_list":["post-576","page","type-page","status-publish","has-post-thumbnail","hentry"],"_links":{"self":[{"href":"https:\/\/www.logbullet.com\/fi\/wp-json\/wp\/v2\/pages\/576","targetHints":{"allow":["GET"]}}],"collection":[{"href":"https:\/\/www.logbullet.com\/fi\/wp-json\/wp\/v2\/pages"}],"about":[{"href":"https:\/\/www.logbullet.com\/fi\/wp-json\/wp\/v2\/types\/page"}],"author":[{"embeddable":true,"href":"https:\/\/www.logbullet.com\/fi\/wp-json\/wp\/v2\/users\/1"}],"replies":[{"embeddable":true,"href":"https:\/\/www.logbullet.com\/fi\/wp-json\/wp\/v2\/comments?post=576"}],"version-history":[{"count":14,"href":"https:\/\/www.logbullet.com\/fi\/wp-json\/wp\/v2\/pages\/576\/revisions"}],"predecessor-version":[{"id":1507,"href":"https:\/\/www.logbullet.com\/fi\/wp-json\/wp\/v2\/pages\/576\/revisions\/1507"}],"wp:featuredmedia":[{"embeddable":true,"href":"https:\/\/www.logbullet.com\/fi\/wp-json\/wp\/v2\/media\/647"}],"wp:attachment":[{"href":"https:\/\/www.logbullet.com\/fi\/wp-json\/wp\/v2\/media?parent=576"}],"curies":[{"name":"wp","href":"https:\/\/api.w.org\/{rel}","templated":true}]}}