{"id":656,"date":"2024-08-24T14:00:35","date_gmt":"2024-08-24T14:00:35","guid":{"rendered":"https:\/\/www.logbullet.com\/fi\/?page_id=656"},"modified":"2024-12-30T16:58:21","modified_gmt":"2024-12-30T16:58:21","slug":"superbullet","status":"publish","type":"page","link":"https:\/\/www.logbullet.com\/fi\/superbullet\/","title":{"rendered":"Superbullet"},"content":{"rendered":"\n<figure class=\"wp-block-image size-large\"><img decoding=\"async\" src=\"https:\/\/www.logbullet.com\/wp-content\/uploads\/2024\/08\/SuperBullet_Etuviisto.jpg\" alt=\"\"\/><\/figure>\n\n\n\n<p>Superbullet on pienikokoinen ohjaamolla varusteltu luokkansa vahvimmalla moottorilla oleva pienmets\u00e4kone. Superbulletissa on 33kW dieselmoottori sek\u00e4 kuormantunteva s\u00e4hk\u00f6inen ohjaus. Koneen suunnittelun tavoite oli tehd\u00e4 riitt\u00e4v\u00e4n kevyt jarrullisella per\u00e4k\u00e4rryll\u00e4 vedett\u00e4v\u00e4ksi mutta suorituskykyinen pienmets\u00e4kone.<\/p>\n\n\n\n<p>Teknisi\u00e4ominaisuuksia Superbullet pienajokoneelle:<\/p>\n\n\n\n<ul class=\"wp-block-list\">\n<li>Painoarvio 2400kg<\/li>\n\n\n\n<li>Maksimikuorma 2400kg<\/li>\n\n\n\n<li>Pituus 5.2 metri\u00e4<\/li>\n\n\n\n<li>Korkeus 2.55 metri\u00e4 + Ilmastointi<\/li>\n\n\n\n<li>Leveys 1.6 metri\u00e4<\/li>\n<\/ul>\n\n\n\n<figure class=\"wp-block-image size-large\"><img decoding=\"async\" src=\"https:\/\/www.logbullet.com\/wp-content\/uploads\/2024\/08\/Superbullet_Moottori.jpg\" alt=\"\"\/><\/figure>\n\n\n\n<ul class=\"wp-block-list\">\n<li>Moottori: Kubota V1505-CR-TE5<\/li>\n\n\n\n<li>Iskutilavuus: 1.5 litraa<\/li>\n\n\n\n<li>P\u00e4\u00e4st\u00f6luokka: Stage 5<\/li>\n\n\n\n<li>Teho: 33kW<\/li>\n\n\n\n<li>Ruiskutusj\u00e4rjestelm\u00e4: Common rail j\u00e4rjestelm\u00e4<\/li>\n<\/ul>\n\n\n\n<figure class=\"wp-block-image size-large\"><img decoding=\"async\" src=\"https:\/\/www.logbullet.com\/wp-content\/uploads\/2024\/08\/Superbullet_Sivulta.jpg\" alt=\"\"\/><\/figure>\n\n\n\n<figure class=\"wp-block-image size-large\"><img decoding=\"async\" src=\"https:\/\/www.logbullet.com\/wp-content\/uploads\/2024\/08\/Superbullet_Minilever.jpg\" alt=\"\"\/><\/figure>\n\n\n\n<ul class=\"wp-block-list\">\n<li>Ajoj\u00e4rjestelm\u00e4: 28cc suljetun piirin veto<\/li>\n\n\n\n<li>Ty\u00f6pumppu: 25cc kuormantunteva muuttuvatilavuuspumppu<\/li>\n\n\n\n<li>P\u00e4\u00e4venttiili: Tietokoneohjattu proportioventtiili<\/li>\n\n\n\n<li>Ohjaus: Minikahvat<\/li>\n<\/ul>\n\n\n\n<figure class=\"wp-block-image size-large\"><img decoding=\"async\" src=\"https:\/\/www.logbullet.com\/wp-content\/uploads\/2024\/08\/Superbullet_ilmastointi.jpg\" alt=\"\"\/><\/figure>\n\n\n\n<ul class=\"wp-block-list\">\n<li>Nosturi: Farma 4.2 \/ Palms 2.42<\/li>\n\n\n\n<li>Nosturin ulottuma 4.2 metri\u00e4<\/li>\n<\/ul>\n\n\n\n<p>Hinta 67&nbsp;770 euroa (sis\u00e4lt\u00e4\u00e4 alvin 25.5%, arvonlis\u00e4veroton hinta 54 000 euroa) + kuljetuskustannukset. Hinta Tuusulassa tuotantolaitoksen pihalla. <\/p>\n\n\n\n<figure class=\"wp-block-embed is-type-video is-provider-youtube wp-block-embed-youtube wp-embed-aspect-16-9 wp-has-aspect-ratio\"><div class=\"wp-block-embed__wrapper\">\n<iframe loading=\"lazy\" title=\"Tein ohjaamollisen pienen Logbulletin - Superbullet 2024 Ensiesittely\" width=\"800\" height=\"450\" src=\"https:\/\/www.youtube.com\/embed\/ENWcI0kk6rw?feature=oembed\" frameborder=\"0\" allow=\"accelerometer; autoplay; clipboard-write; encrypted-media; gyroscope; picture-in-picture; web-share\" referrerpolicy=\"strict-origin-when-cross-origin\" allowfullscreen><\/iframe>\n<\/div><\/figure>\n\n\n\n<figure class=\"wp-block-image size-large\"><img decoding=\"async\" src=\"https:\/\/www.logbullet.com\/wp-content\/uploads\/2024\/08\/Superbullet_Valot.jpg\" alt=\"\"\/><\/figure>\n\n\n\n<figure class=\"wp-block-image size-large\"><img decoding=\"async\" src=\"https:\/\/www.logbullet.com\/wp-content\/uploads\/2024\/08\/Superbullet_Valotyolla.jpg\" alt=\"\"\/><\/figure>\n","protected":false},"excerpt":{"rendered":"<p>Superbullet on pienikokoinen ohjaamolla varusteltu luokkansa vahvimmalla moottorilla oleva pienmets\u00e4kone. Superbulletissa on 33kW dieselmoottori sek\u00e4 kuormantunteva s\u00e4hk\u00f6inen ohjaus. Koneen suunnittelun tavoite oli tehd\u00e4 riitt\u00e4v\u00e4n kevyt jarrullisella per\u00e4k\u00e4rryll\u00e4 vedett\u00e4v\u00e4ksi mutta suorituskykyinen &#8230;<\/p>\n","protected":false},"author":1,"featured_media":1463,"parent":0,"menu_order":0,"comment_status":"closed","ping_status":"closed","template":"","meta":{"footnotes":""},"class_list":["post-656","page","type-page","status-publish","has-post-thumbnail","hentry"],"_links":{"self":[{"href":"https:\/\/www.logbullet.com\/fi\/wp-json\/wp\/v2\/pages\/656","targetHints":{"allow":["GET"]}}],"collection":[{"href":"https:\/\/www.logbullet.com\/fi\/wp-json\/wp\/v2\/pages"}],"about":[{"href":"https:\/\/www.logbullet.com\/fi\/wp-json\/wp\/v2\/types\/page"}],"author":[{"embeddable":true,"href":"https:\/\/www.logbullet.com\/fi\/wp-json\/wp\/v2\/users\/1"}],"replies":[{"embeddable":true,"href":"https:\/\/www.logbullet.com\/fi\/wp-json\/wp\/v2\/comments?post=656"}],"version-history":[{"count":4,"href":"https:\/\/www.logbullet.com\/fi\/wp-json\/wp\/v2\/pages\/656\/revisions"}],"predecessor-version":[{"id":1496,"href":"https:\/\/www.logbullet.com\/fi\/wp-json\/wp\/v2\/pages\/656\/revisions\/1496"}],"wp:featuredmedia":[{"embeddable":true,"href":"https:\/\/www.logbullet.com\/fi\/wp-json\/wp\/v2\/media\/1463"}],"wp:attachment":[{"href":"https:\/\/www.logbullet.com\/fi\/wp-json\/wp\/v2\/media?parent=656"}],"curies":[{"name":"wp","href":"https:\/\/api.w.org\/{rel}","templated":true}]}}